{"id":2230,"date":"2023-02-03T10:57:17","date_gmt":"2023-02-03T09:57:17","guid":{"rendered":"https:\/\/sonicware.eu\/?page_id=2230"},"modified":"2025-01-06T13:25:17","modified_gmt":"2025-01-06T12:25:17","slug":"ueber-uns","status":"publish","type":"page","link":"https:\/\/sonicware.eu\/de\/ueber-uns\/","title":{"rendered":"\u00dcber Uns"},"content":{"rendered":"<p><div class=\"fusion-fullwidth fullwidth-box fusion-builder-row-1 fusion-flex-container has-pattern-background has-mask-background fusion-parallax-none nonhundred-percent-fullwidth non-hundred-percent-height-scrolling fusion-no-small-visibility lazyload\" style=\"--awb-background-position:center bottom;--awb-background-blend-mode:overlay;--awb-border-radius-top-left:0px;--awb-border-radius-top-right:0px;--awb-border-radius-bottom-right:0px;--awb-border-radius-bottom-left:0px;--awb-padding-top:15%;--awb-padding-bottom:9%;--awb-background-color:rgba(16,16,21,0.72);--awb-background-image:linear-gradient(180deg, var(--awb-color8) 16%,rgba(255,255,255,0) 100%);;--awb-background-size:cover;--awb-flex-wrap:wrap;\" data-bg=\"https:\/\/sonicware.eu\/wp-content\/uploads\/2023\/02\/About-Us-1.png\" data-bg-gradient=\"linear-gradient(180deg, var(--awb-color8) 16%,rgba(255,255,255,0) 100%)\" ><div class=\"fusion-builder-row fusion-row fusion-flex-align-items-flex-start fusion-flex-content-wrap\" style=\"max-width:calc( 1140px + 0px );margin-left: calc(-0px \/ 2 );margin-right: calc(-0px \/ 2 );\"><div class=\"fusion-layout-column fusion_builder_column fusion-builder-column-0 fusion_builder_column_1_1 1_1 fusion-flex-column fusion-animated\" style=\"--awb-bg-blend:overlay;--awb-bg-size:cover;--awb-width-large:100%;--awb-margin-top-large:0px;--awb-spacing-right-large:0px;--awb-margin-bottom-large:0px;--awb-spacing-left-large:0px;--awb-width-medium:100%;--awb-spacing-right-medium:0px;--awb-spacing-left-medium:0px;--awb-width-small:100%;--awb-spacing-right-small:0px;--awb-spacing-left-small:0px;\" data-animationType=\"fadeInDown\" data-animationDuration=\"1.0\" data-animationOffset=\"top-into-view\"><div class=\"fusion-column-wrapper fusion-column-has-shadow fusion-flex-justify-content-flex-start fusion-content-layout-column\"><div class=\"fusion-title title fusion-title-1 fusion-sep-none fusion-title-center fusion-title-text fusion-title-size-one\" style=\"--awb-margin-bottom:0px;--awb-margin-top-small:0px;--awb-margin-right-small:0px;--awb-margin-bottom-small:0px;--awb-margin-left-small:0px;\"><h1 class=\"fusion-title-heading title-heading-center fusion-responsive-typography-calculated\" style=\"margin:0;--fontSize:65;line-height:var(--awb-typography1-line-height);\">SONICWARE<\/h1><\/div><div class=\"fusion-title title fusion-title-2 fusion-sep-none fusion-title-center fusion-title-text fusion-title-size-two\" style=\"--awb-text-color:#d63cf3;--awb-margin-top-small:0px;--awb-margin-right-small:0px;--awb-margin-bottom-small:30px;--awb-margin-left-small:0px;--awb-font-size:var(--awb-typography2-font-size);\"><h2 class=\"fusion-title-heading title-heading-center fusion-responsive-typography-calculated\" style=\"font-family:var(--awb-typography2-font-family);font-weight:var(--awb-typography2-font-weight);font-style:var(--awb-typography2-font-style);margin:0;letter-spacing:var(--awb-typography2-letter-spacing);text-transform:var(--awb-typography2-text-transform);font-size:1em;--fontSize:24;line-height:var(--awb-typography2-line-height);\">Elektronische musikger\u00e4te Aus Japan<\/h2><\/div><\/div><\/div><\/div><\/div><div class=\"fusion-fullwidth fullwidth-box fusion-builder-row-2 fusion-flex-container has-pattern-background has-mask-background fusion-parallax-none nonhundred-percent-fullwidth non-hundred-percent-height-scrolling fusion-no-medium-visibility fusion-no-large-visibility lazyload\" style=\"--awb-background-position:center bottom;--awb-background-blend-mode:overlay;--awb-border-radius-top-left:0px;--awb-border-radius-top-right:0px;--awb-border-radius-bottom-right:0px;--awb-border-radius-bottom-left:0px;--awb-padding-top:15%;--awb-padding-bottom:9%;--awb-background-color:rgba(16,16,21,0.72);--awb-background-image:linear-gradient(180deg, var(--awb-color8) 16%,rgba(255,255,255,0) 100%);;--awb-background-size:cover;--awb-flex-wrap:wrap;\" data-bg=\"https:\/\/sonicware.eu\/wp-content\/uploads\/2023\/02\/About-Us-1.png\" data-bg-gradient=\"linear-gradient(180deg, var(--awb-color8) 16%,rgba(255,255,255,0) 100%)\" ><div class=\"fusion-builder-row fusion-row fusion-flex-align-items-flex-start fusion-flex-content-wrap\" style=\"max-width:calc( 1140px + 0px );margin-left: calc(-0px \/ 2 );margin-right: calc(-0px \/ 2 );\"><div class=\"fusion-layout-column fusion_builder_column fusion-builder-column-1 fusion_builder_column_1_1 1_1 fusion-flex-column fusion-animated\" style=\"--awb-bg-blend:overlay;--awb-bg-size:cover;--awb-width-large:100%;--awb-margin-top-large:12%;--awb-spacing-right-large:0px;--awb-margin-bottom-large:0px;--awb-spacing-left-large:0px;--awb-width-medium:100%;--awb-order-medium:0;--awb-spacing-right-medium:0px;--awb-spacing-left-medium:0px;--awb-width-small:100%;--awb-order-small:0;--awb-spacing-right-small:0px;--awb-spacing-left-small:0px;\" data-animationType=\"fadeInDown\" data-animationDuration=\"1.0\" data-animationOffset=\"top-into-view\"><div class=\"fusion-column-wrapper fusion-column-has-shadow fusion-flex-justify-content-flex-start fusion-content-layout-column\"><div class=\"fusion-title title fusion-title-3 fusion-sep-none fusion-title-center fusion-title-text fusion-title-size-two\" style=\"--awb-margin-bottom:0px;--awb-margin-top-small:0px;--awb-margin-right-small:0px;--awb-margin-bottom-small:0px;--awb-margin-left-small:0px;\"><h2 class=\"fusion-title-heading title-heading-center fusion-responsive-typography-calculated\" style=\"margin:0;--fontSize:35;line-height:1.5;\">SONICWARE<\/h2><\/div><div class=\"fusion-title title fusion-title-4 fusion-sep-none fusion-title-center fusion-title-text fusion-title-size-two\" style=\"--awb-text-color:#d63cf3;--awb-margin-top-small:0px;--awb-margin-right-small:0px;--awb-margin-bottom-small:30px;--awb-margin-left-small:0px;--awb-font-size:var(--awb-typography2-font-size);\"><h2 class=\"fusion-title-heading title-heading-center fusion-responsive-typography-calculated\" style=\"font-family:var(--awb-typography2-font-family);font-weight:var(--awb-typography2-font-weight);font-style:var(--awb-typography2-font-style);margin:0;letter-spacing:var(--awb-typography2-letter-spacing);text-transform:var(--awb-typography2-text-transform);font-size:1em;--fontSize:24;line-height:var(--awb-typography2-line-height);\">Electronic Music Gear From Japan<\/h2><\/div><\/div><\/div><\/div><\/div><div class=\"fusion-fullwidth fullwidth-box fusion-builder-row-3 fusion-flex-container has-pattern-background has-mask-background hundred-percent-fullwidth non-hundred-percent-height-scrolling fusion-no-small-visibility\" style=\"--awb-border-radius-top-left:0px;--awb-border-radius-top-right:0px;--awb-border-radius-bottom-right:0px;--awb-border-radius-bottom-left:0px;--awb-padding-top:6%;--awb-padding-right:15%;--awb-padding-bottom:9%;--awb-padding-left:15%;--awb-background-color:#000000;--awb-background-image:linear-gradient(180deg, rgba(255,255,255,0) 77%,#070b0f 100%);--awb-flex-wrap:wrap;\" ><div class=\"fusion-builder-row fusion-row fusion-flex-align-items-stretch fusion-flex-content-wrap\" style=\"width:calc( 100% + 0px ) !important;max-width:calc( 100% + 0px ) !important;margin-left: calc(-0px \/ 2 );margin-right: calc(-0px \/ 2 );\"><div class=\"fusion-layout-column fusion_builder_column fusion-builder-column-2 fusion_builder_column_1_1 1_1 fusion-flex-column fusion-flex-align-self-flex-start fusion-column-no-min-height fusion-animated\" style=\"--awb-padding-top:40px;--awb-padding-right:0%;--awb-padding-bottom:60px;--awb-padding-left:0%;--awb-bg-blend:overlay;--awb-bg-size:cover;--awb-width-large:100%;--awb-margin-top-large:0px;--awb-spacing-right-large:0px;--awb-margin-bottom-large:0px;--awb-spacing-left-large:0px;--awb-width-medium:100%;--awb-spacing-right-medium:0px;--awb-spacing-left-medium:0px;--awb-width-small:100%;--awb-spacing-right-small:0px;--awb-spacing-left-small:0px;\" data-animationType=\"fadeInDown\" data-animationDuration=\"1.0\" data-animationOffset=\"top-into-view\"><div class=\"fusion-column-wrapper fusion-column-has-shadow fusion-flex-justify-content-flex-start fusion-content-layout-column\"><div class=\"fusion-title title fusion-title-5 fusion-sep-none fusion-title-center fusion-title-text fusion-title-size-two\" style=\"--awb-text-color:#33515e;--awb-margin-bottom:0px;--awb-margin-top-small:0px;--awb-margin-right-small:0px;--awb-margin-bottom-small:0px;--awb-margin-left-small:0px;--awb-font-size:var(--awb-typography2-font-size);\"><h2 class=\"fusion-title-heading title-heading-center fusion-responsive-typography-calculated\" style=\"font-family:var(--awb-typography2-font-family);font-weight:var(--awb-typography2-font-weight);font-style:var(--awb-typography2-font-style);margin:0;letter-spacing:var(--awb-typography2-letter-spacing);text-transform:var(--awb-typography2-text-transform);font-size:1em;--fontSize:24;line-height:var(--awb-typography2-line-height);\">Sonicware<\/h2><\/div><div class=\"fusion-title title fusion-title-6 fusion-sep-none fusion-title-center fusion-title-text fusion-title-size-three\" style=\"--awb-text-color:#ffffff;--awb-margin-bottom:8%;--awb-margin-top-small:0px;--awb-margin-right-small:0px;--awb-margin-bottom-small:20px;--awb-margin-left-small:0px;--awb-font-size:45px;\"><h3 class=\"fusion-title-heading title-heading-center fusion-responsive-typography-calculated\" style=\"margin:0;font-size:1em;--fontSize:45;line-height:1.3;\">Botschaft des Gr\u00fcnders<\/h3><\/div><div class=\"fusion-text fusion-text-1\"><div class=\"shg-box-vertical-align-wrapper\">\n<div id=\"s-29994881-1930-4586-84db-656572a7424c\" class=\"shg-box shg-c \">\n<div class=\"shg-box-content\">\n<div id=\"s-410bbc1b-299a-4044-9781-8e5f4631c3b2\" class=\"shg-c shg-align-center\">\n<div class=\"shogun-heading-component\">\n<p><b>&#8222;Indem wir uns st\u00e4ndig bem\u00fchen, neue Instrumente zu erfinden und weiterzuentwickeln, wollen wir zur Schaffung neuer musikalischer Kompositionen und Kultur beitragen.&#8220;<\/b><\/p>\n<p>Das ist die Aufgabe von SONICWARE.<\/p>\n<p>Seit dem Erscheinen digitaler Synthesizer, die in der Lage sind, voraufgenommene Kl\u00e4nge auszugeben, ist mir kein v\u00f6llig neues Synthesizer-Instrument mit weltweiter Anziehungskraft mehr begegnet. Wir nennen das neue Instrument, das so etwas w\u00e4re, die &#8222;n\u00e4chste Synthesizer-Revolution&#8220;.<\/p>\n<p>Indem wir uns weiterhin der Herausforderung stellen, die n\u00e4chste Synthesizer-Revolution zu erfinden und bestehende Instrumente weiterzuentwickeln, glauben wir, dass wir K\u00fcnstler inspirieren k\u00f6nnen und dass dies zur Schaffung neuer Musik und Genres sowie zur F\u00f6rderung der Musikkultur beitragen wird.<\/p>\n<p>Ich habe ein sehr starkes Gef\u00fchl f\u00fcr diese Herausforderung. Instrumente, die neue Kl\u00e4nge und Ausdrucksm\u00f6glichkeiten in die Welt bringen und sowohl ihre Benutzer als auch diejenigen, die sie herstellen, begeistern, sind wertvoll. Es liegt eine Bedeutung darin, dass wir sie herstellen.<\/p>\n<p>Auf unserem Weg zur n\u00e4chsten Synthesizer-Revolution werden wir weiterhin bestehende Instrumente neu erfinden und neue Elemente in sie einbauen. Ich bin zuversichtlich, dass es uns eines Tages gelingen wird, ein Instrument zu erfinden, das als die n\u00e4chste Synthesizer-Revolution bezeichnet werden kann.<\/p>\n<\/div>\n<\/div>\n<\/div>\n<\/div>\n<\/div>\n<div id=\"s-5d4ed258-a8c3-4481-b6d1-3774763edec9\" class=\"shg-c \">\n<div class=\"shg-rich-text shg-theme-text-content\">\n<p>Yu Endo<br \/>\nFounder &amp; CEO, Ph.D. in Engineering<br \/>\nSONICWARE INC.<\/p>\n<\/div>\n<\/div>\n<div class=\"shg-box-vertical-align-wrapper\">\n<div id=\"s-1425b491-70c9-495b-bfad-49d58d4840a1\" class=\"shg-box shg-c \">\n<div class=\"shg-box-overlay\"><\/div>\n<div class=\"shg-box-content\">\n<div id=\"s-52b299d7-070b-4d29-8c53-d780c19a112a\" class=\"shg-c shogun-image-container shg-align-right\"><img decoding=\"async\" class=\"shogun-image shogun-lazyloaded\" src=\"https:\/\/i.shgcdn.com\/cd5fca09-60ca-44dc-8714-b8c8f6f0b88c\/-\/format\/auto\/-\/preview\/3000x3000\/-\/quality\/lighter\/\" alt=\"\" width=\"\" height=\"\" data-src=\"https:\/\/i.shgcdn.com\/cd5fca09-60ca-44dc-8714-b8c8f6f0b88c\/-\/format\/auto\/-\/preview\/3000x3000\/-\/quality\/lighter\/\" \/><\/div>\n<\/div>\n<\/div>\n<\/div>\n<\/div><\/div><\/div><\/div><\/div><div class=\"fusion-fullwidth fullwidth-box fusion-builder-row-4 fusion-flex-container has-pattern-background has-mask-background hundred-percent-fullwidth non-hundred-percent-height-scrolling fusion-no-medium-visibility fusion-no-large-visibility\" style=\"--awb-border-radius-top-left:0px;--awb-border-radius-top-right:0px;--awb-border-radius-bottom-right:0px;--awb-border-radius-bottom-left:0px;--awb-padding-top:6%;--awb-padding-right:8%;--awb-padding-bottom:9%;--awb-padding-left:8%;--awb-background-color:#000000;--awb-flex-wrap:wrap;\" ><div class=\"fusion-builder-row fusion-row fusion-flex-align-items-stretch fusion-flex-content-wrap\" style=\"width:calc( 100% + 0px ) !important;max-width:calc( 100% + 0px ) !important;margin-left: calc(-0px \/ 2 );margin-right: calc(-0px \/ 2 );\"><div class=\"fusion-layout-column fusion_builder_column fusion-builder-column-3 fusion_builder_column_1_1 1_1 fusion-flex-column fusion-flex-align-self-flex-start fusion-column-no-min-height fusion-animated\" style=\"--awb-padding-top:40px;--awb-padding-right:0%;--awb-padding-bottom:60px;--awb-padding-left:0%;--awb-bg-blend:overlay;--awb-bg-size:cover;--awb-width-large:100%;--awb-margin-top-large:0px;--awb-spacing-right-large:0px;--awb-margin-bottom-large:0px;--awb-spacing-left-large:0px;--awb-width-medium:100%;--awb-spacing-right-medium:0px;--awb-spacing-left-medium:0px;--awb-width-small:100%;--awb-spacing-right-small:0px;--awb-spacing-left-small:0px;\" data-animationType=\"fadeInDown\" data-animationDuration=\"1.0\" data-animationOffset=\"top-into-view\"><div class=\"fusion-column-wrapper fusion-column-has-shadow fusion-flex-justify-content-flex-start fusion-content-layout-column\"><div class=\"fusion-title title fusion-title-7 fusion-sep-none fusion-title-center fusion-title-text fusion-title-size-two\" style=\"--awb-text-color:#33515e;--awb-margin-bottom:0px;--awb-margin-top-small:0px;--awb-margin-right-small:0px;--awb-margin-bottom-small:0px;--awb-margin-left-small:0px;--awb-font-size:var(--awb-typography2-font-size);\"><h2 class=\"fusion-title-heading title-heading-center fusion-responsive-typography-calculated\" style=\"font-family:var(--awb-typography2-font-family);font-weight:var(--awb-typography2-font-weight);font-style:var(--awb-typography2-font-style);margin:0;letter-spacing:var(--awb-typography2-letter-spacing);text-transform:var(--awb-typography2-text-transform);font-size:1em;--fontSize:24;line-height:var(--awb-typography2-line-height);\">Sonicware<\/h2><\/div><div class=\"fusion-title title fusion-title-8 fusion-sep-none fusion-title-center fusion-title-text fusion-title-size-three\" style=\"--awb-text-color:#ffffff;--awb-margin-bottom:8%;--awb-margin-top-small:0px;--awb-margin-right-small:0px;--awb-margin-bottom-small:20px;--awb-margin-left-small:0px;--awb-font-size:45px;\"><h3 class=\"fusion-title-heading title-heading-center fusion-responsive-typography-calculated\" style=\"margin:0;font-size:1em;--fontSize:45;line-height:1.3;\">Message from the founder<\/h3><\/div><div class=\"fusion-text fusion-text-2\"><p><strong>&#8222;Indem wir uns st\u00e4ndig bem\u00fchen, neue Instrumente zu erfinden und weiterzuentwickeln, wollen wir zur Schaffung neuer musikalischer Kompositionen und Kultur beitragen.&#8220;<\/strong><\/p>\n<p>Das ist die Aufgabe von SONICWARE.<\/p>\n<p>Seit dem Erscheinen digitaler Synthesizer, die in der Lage sind, voraufgenommene Kl\u00e4nge auszugeben, ist mir kein v\u00f6llig neues Synthesizer-Instrument mit weltweiter Anziehungskraft mehr begegnet. Wir nennen das neue Instrument, das so etwas w\u00e4re, die &#8222;n\u00e4chste Synthesizer-Revolution&#8220;.<\/p>\n<p>Indem wir uns weiterhin der Herausforderung stellen, die n\u00e4chste Synthesizer-Revolution zu erfinden und bestehende Instrumente weiterzuentwickeln, glauben wir, dass wir K\u00fcnstler inspirieren k\u00f6nnen und dass dies zur Schaffung neuer Musik und Genres sowie zur F\u00f6rderung der Musikkultur beitragen wird.<\/p>\n<p>Ich habe ein sehr starkes Gef\u00fchl f\u00fcr diese Herausforderung. Instrumente, die neue Kl\u00e4nge und Ausdrucksm\u00f6glichkeiten in die Welt bringen und sowohl ihre Benutzer als auch diejenigen, die sie herstellen, begeistern, sind wertvoll. Es liegt eine Bedeutung darin, dass wir sie herstellen.<\/p>\n<p>Auf unserem Weg zur n\u00e4chsten Synthesizer-Revolution werden wir weiterhin bestehende Instrumente neu erfinden und neue Elemente in sie einbauen. Ich bin zuversichtlich, dass es uns eines Tages gelingen wird, ein Instrument zu erfinden, das als die n\u00e4chste Synthesizer-Revolution bezeichnet werden kann.<\/p>\n<\/div><\/div><\/div><\/div><\/div><div class=\"fusion-fullwidth fullwidth-box fusion-builder-row-5 fusion-flex-container nonhundred-percent-fullwidth non-hundred-percent-height-scrolling\" style=\"--awb-background-position:center bottom;--awb-border-sizes-top:5px;--awb-border-sizes-bottom:5px;--awb-border-sizes-left:0px;--awb-border-sizes-right:0px;--awb-border-color:var(--awb-color4);--awb-border-radius-top-left:0px;--awb-border-radius-top-right:0px;--awb-border-radius-bottom-right:0px;--awb-border-radius-bottom-left:0px;--awb-padding-top:6%;--awb-padding-bottom:6%;--awb-background-color:#213145;--awb-flex-wrap:wrap;\" ><div class=\"fusion-builder-row fusion-row fusion-flex-align-items-stretch fusion-flex-content-wrap\" style=\"max-width:1185.6px;margin-left: calc(-4% \/ 2 );margin-right: calc(-4% \/ 2 );\"><div class=\"fusion-layout-column fusion_builder_column fusion-builder-column-4 fusion_builder_column_2_3 2_3 fusion-flex-column fusion-flex-align-self-flex-start fusion-column-no-min-height fusion-no-small-visibility fusion-no-medium-visibility\" style=\"--awb-padding-left:15%;--awb-bg-blend:overlay;--awb-bg-size:cover;--awb-width-large:66.6666666667%;--awb-margin-top-large:0px;--awb-spacing-right-large:2.88%;--awb-margin-bottom-large:0px;--awb-spacing-left-large:2.88%;--awb-width-medium:100%;--awb-spacing-right-medium:1.92%;--awb-spacing-left-medium:1.92%;--awb-width-small:100%;--awb-spacing-right-small:1.92%;--awb-spacing-left-small:1.92%;\"><div class=\"fusion-column-wrapper fusion-column-has-shadow fusion-flex-justify-content-center fusion-content-layout-column\"><div class=\"fusion-title title fusion-title-9 fusion-sep-none fusion-title-text fusion-title-size-two\" style=\"--awb-text-color:var(--awb-color4);--awb-margin-bottom:0px;--awb-margin-top-small:0px;--awb-margin-right-small:0px;--awb-margin-bottom-small:0px;--awb-margin-left-small:0px;--awb-font-size:var(--awb-typography2-font-size);\"><h2 class=\"fusion-title-heading title-heading-left fusion-responsive-typography-calculated\" style=\"font-family:var(--awb-typography2-font-family);font-weight:var(--awb-typography2-font-weight);font-style:var(--awb-typography2-font-style);margin:0;letter-spacing:var(--awb-typography2-letter-spacing);text-transform:var(--awb-typography2-text-transform);font-size:1em;--fontSize:24;line-height:var(--awb-typography2-line-height);\">check us out on<\/h2><\/div><div class=\"fusion-title title fusion-title-10 fusion-sep-none fusion-title-text fusion-title-size-three\" style=\"--awb-text-color:var(--awb-color1);--awb-margin-bottom:0px;--awb-margin-top-small:0px;--awb-margin-right-small:0px;--awb-margin-bottom-small:0px;--awb-margin-left-small:0px;--awb-font-size:55px;\"><h3 class=\"fusion-title-heading title-heading-left fusion-responsive-typography-calculated\" style=\"margin:0;font-size:1em;--fontSize:55;line-height:1.3;\">YouTube<\/h3><\/div><\/div><\/div><div class=\"fusion-layout-column fusion_builder_column fusion-builder-column-5 fusion_builder_column_1_3 1_3 fusion-flex-column fusion-flex-align-self-flex-start fusion-column-no-min-height fusion-no-small-visibility fusion-no-medium-visibility\" style=\"--awb-padding-top:5%;--awb-padding-right:15%;--awb-bg-blend:overlay;--awb-bg-size:cover;--awb-width-large:33.3333333333%;--awb-margin-top-large:0px;--awb-spacing-right-large:5.76%;--awb-margin-bottom-large:0px;--awb-spacing-left-large:5.76%;--awb-width-medium:100%;--awb-spacing-right-medium:1.92%;--awb-spacing-left-medium:1.92%;--awb-width-small:100%;--awb-spacing-right-small:1.92%;--awb-spacing-left-small:1.92%;\"><div class=\"fusion-column-wrapper fusion-column-has-shadow fusion-flex-justify-content-center fusion-content-layout-column\"><div style=\"text-align:right;\"><a class=\"fusion-button button-flat button-xlarge button-default fusion-button-default button-1 fusion-button-default-span fusion-button-default-type\" target=\"_self\" href=\"https:\/\/www.youtube.com\/@SONICWARE\"><i class=\"fa-angle-right fas awb-button__icon awb-button__icon--default button-icon-left\" aria-hidden=\"true\"><\/i><span class=\"fusion-button-text awb-button__text awb-button__text--default\">VISIT<\/span><\/a><\/div><\/div><\/div><div class=\"fusion-layout-column fusion_builder_column fusion-builder-column-6 fusion_builder_column_1_1 1_1 fusion-flex-column fusion-no-large-visibility\" style=\"--awb-padding-top:40px;--awb-padding-bottom:40px;--awb-bg-blend:overlay;--awb-bg-size:cover;--awb-width-large:100%;--awb-margin-top-large:0px;--awb-spacing-right-large:1.92%;--awb-margin-bottom-large:0px;--awb-spacing-left-large:1.92%;--awb-width-medium:100%;--awb-spacing-right-medium:1.92%;--awb-spacing-left-medium:1.92%;--awb-width-small:100%;--awb-spacing-right-small:1.92%;--awb-spacing-left-small:1.92%;\"><div class=\"fusion-column-wrapper fusion-column-has-shadow fusion-flex-justify-content-center fusion-content-layout-column\"><div class=\"fusion-title title fusion-title-11 fusion-sep-none fusion-title-center fusion-title-text fusion-title-size-two\" style=\"--awb-text-color:var(--awb-color4);--awb-margin-bottom:0px;--awb-margin-top-small:0px;--awb-margin-right-small:0px;--awb-margin-bottom-small:0px;--awb-margin-left-small:0px;--awb-font-size:20px;\"><h2 class=\"fusion-title-heading title-heading-center fusion-responsive-typography-calculated\" style=\"margin:0;font-size:1em;--fontSize:20;--minFontSize:20;line-height:1.5;\"><strong>CHECK US OUT<\/strong><\/h2><\/div><div class=\"fusion-title title fusion-title-12 fusion-sep-none fusion-title-center fusion-title-text fusion-title-size-three\" style=\"--awb-text-color:var(--awb-color1);--awb-margin-bottom:20px;--awb-margin-top-small:0px;--awb-margin-right-small:0px;--awb-margin-bottom-small:20px;--awb-margin-left-small:0px;--awb-font-size:55px;\"><h3 class=\"fusion-title-heading title-heading-center fusion-responsive-typography-calculated\" style=\"margin:0;font-size:1em;--fontSize:55;line-height:1.3;\">On YouTube<\/h3><\/div><div style=\"text-align:center;\"><a class=\"fusion-button button-flat button-xlarge button-default fusion-button-default button-2 fusion-button-default-span fusion-button-default-type\" target=\"_self\" href=\"https:\/\/www.youtube.com\/@SONICWARE\"><span class=\"fusion-button-text awb-button__text awb-button__text--default\">Visit<\/span><\/a><\/div><\/div><\/div><\/div><\/div>\n<\/p>\n","protected":false},"excerpt":{"rendered":"","protected":false},"author":2,"featured_media":0,"parent":0,"menu_order":0,"comment_status":"closed","ping_status":"closed","template":"100-width.php","meta":{"iawp_total_views":118,"footnotes":""},"class_list":["post-2230","page","type-page","status-publish","hentry"],"_links":{"self":[{"href":"https:\/\/sonicware.eu\/de\/wp-json\/wp\/v2\/pages\/2230","targetHints":{"allow":["GET"]}}],"collection":[{"href":"https:\/\/sonicware.eu\/de\/wp-json\/wp\/v2\/pages"}],"about":[{"href":"https:\/\/sonicware.eu\/de\/wp-json\/wp\/v2\/types\/page"}],"author":[{"embeddable":true,"href":"https:\/\/sonicware.eu\/de\/wp-json\/wp\/v2\/users\/2"}],"replies":[{"embeddable":true,"href":"https:\/\/sonicware.eu\/de\/wp-json\/wp\/v2\/comments?post=2230"}],"version-history":[{"count":10,"href":"https:\/\/sonicware.eu\/de\/wp-json\/wp\/v2\/pages\/2230\/revisions"}],"predecessor-version":[{"id":7627,"href":"https:\/\/sonicware.eu\/de\/wp-json\/wp\/v2\/pages\/2230\/revisions\/7627"}],"wp:attachment":[{"href":"https:\/\/sonicware.eu\/de\/wp-json\/wp\/v2\/media?parent=2230"}],"curies":[{"name":"wp","href":"https:\/\/api.w.org\/{rel}","templated":true}]}}