{"id":7879,"date":"2025-02-28T11:06:23","date_gmt":"2025-02-28T10:06:23","guid":{"rendered":"https:\/\/sonicware.eu\/?page_id=7879"},"modified":"2025-02-28T13:48:29","modified_gmt":"2025-02-28T12:48:29","slug":"erklaerung-zur-barrierefreiheit","status":"publish","type":"page","link":"https:\/\/sonicware.eu\/de\/erklaerung-zur-barrierefreiheit\/","title":{"rendered":"Erkl\u00e4rung zur Barrierefreiheit"},"content":{"rendered":"<div class=\"fusion-fullwidth fullwidth-box fusion-builder-row-1 fusion-flex-container has-pattern-background has-mask-background nonhundred-percent-fullwidth non-hundred-percent-height-scrolling\" style=\"--awb-border-radius-top-left:0px;--awb-border-radius-top-right:0px;--awb-border-radius-bottom-right:0px;--awb-border-radius-bottom-left:0px;--awb-margin-top:6%;--awb-flex-wrap:wrap;\" ><div class=\"fusion-builder-row fusion-row fusion-flex-align-items-flex-start fusion-flex-content-wrap\" style=\"max-width:1185.6px;margin-left: calc(-4% \/ 2 );margin-right: calc(-4% \/ 2 );\"><div class=\"fusion-layout-column fusion_builder_column fusion-builder-column-0 fusion_builder_column_1_1 1_1 fusion-flex-column\" style=\"--awb-bg-size:cover;--awb-width-large:100%;--awb-margin-top-large:0px;--awb-spacing-right-large:1.92%;--awb-margin-bottom-large:20px;--awb-spacing-left-large:1.92%;--awb-width-medium:100%;--awb-order-medium:0;--awb-spacing-right-medium:1.92%;--awb-spacing-left-medium:1.92%;--awb-width-small:100%;--awb-order-small:0;--awb-spacing-right-small:1.92%;--awb-spacing-left-small:1.92%;\"><div class=\"fusion-column-wrapper fusion-column-has-shadow fusion-flex-justify-content-flex-start fusion-content-layout-column\"><div class=\"fusion-title title fusion-title-1 fusion-sep-none fusion-title-center fusion-title-text fusion-title-size-two\" style=\"--awb-text-color:var(--awb-color1);--awb-margin-top-small:0px;--awb-margin-right-small:0px;--awb-margin-bottom-small:30px;--awb-margin-left-small:0px;\"><h2 class=\"fusion-title-heading title-heading-center fusion-responsive-typography-calculated\" style=\"margin:0;--fontSize:35;line-height:1.5;\">Erkl\u00e4rung zur Barrierefreiheit<\/h2><\/div><div class=\"fusion-title title fusion-title-2 fusion-sep-none fusion-title-center fusion-title-text fusion-title-size-three\" style=\"--awb-text-color:var(--awb-color1);--awb-margin-top-small:0px;--awb-margin-right-small:0px;--awb-margin-bottom-small:30px;--awb-margin-left-small:0px;\"><h3 class=\"fusion-title-heading title-heading-center fusion-responsive-typography-calculated\" style=\"margin:0;--fontSize:20;--minFontSize:20;line-height:1.3;\">28. Februar 2025<\/h3><\/div><div class=\"fusion-text fusion-text-1\" style=\"--awb-text-color:var(--awb-color1);\"><h3 class=\"fusion-responsive-typography-calculated\" data-fontsize=\"20\" data-lineheight=\"26px\">Status der Konformit\u00e4t<\/h3>\n<p>Wir sind der festen \u00dcberzeugung, dass das Internet f\u00fcr jedermann verf\u00fcgbar und zug\u00e4nglich sein sollte, und verpflichten uns, eine Website bereitzustellen, die f\u00fcr ein m\u00f6glichst breites Publikum zug\u00e4nglich ist, unabh\u00e4ngig von dessen Umst\u00e4nden und F\u00e4higkeiten.<\/p>\n<p>Um dies zu erreichen, halten wir uns so streng wie m\u00f6glich an die Zug\u00e4nglichkeitsrichtlinien f\u00fcr Webinhalte 2.1 (WCAG 2.1) des World Wide Web Consortium (W3C) auf der Stufe AA. In diesen Richtlinien wird erl\u00e4utert, wie Webinhalte f\u00fcr Menschen mit einer Vielzahl von Behinderungen zug\u00e4nglich gemacht werden k\u00f6nnen. Die Einhaltung dieser Richtlinien hilft uns sicherzustellen, dass die Website f\u00fcr alle Menschen zug\u00e4nglich ist: Blinde, Menschen mit motorischen Einschr\u00e4nkungen, Sehbehinderungen, kognitiven Behinderungen und andere.<\/p>\n<p>Auf dieser Website kommen verschiedene Technologien zum Einsatz, die daf\u00fcr sorgen sollen, dass sie jederzeit so zug\u00e4nglich wie m\u00f6glich ist. Wir verwenden eine Zug\u00e4nglichkeitsschnittstelle, die es Menschen mit bestimmten Behinderungen erm\u00f6glicht, die UI (Benutzerschnittstelle) der Website anzupassen und nach ihren pers\u00f6nlichen Bed\u00fcrfnissen zu gestalten.<\/p>\n<p>Dar\u00fcber hinaus verwendet die Website eine KI-basierte Anwendung, die im Hintergrund l\u00e4uft und den Grad der Zug\u00e4nglichkeit st\u00e4ndig optimiert. Diese Anwendung korrigiert den HTML-Code der Website und passt ihre Funktionalit\u00e4t und ihr Verhalten an die von blinden Nutzern verwendeten Bildschirmleseger\u00e4te und an die von Personen mit motorischen Beeintr\u00e4chtigungen verwendeten Tastaturfunktionen an.<\/p>\n<p>Wenn Sie eine Fehlfunktion gefunden haben oder Verbesserungsvorschl\u00e4ge haben, freuen wir uns \u00fcber Ihre Nachricht. Sie k\u00f6nnen sich an die Betreiber der Website wenden, indem Sie die folgende E-Mail info@sonicware verwenden<\/p>\n<h3 class=\"fusion-responsive-typography-calculated\" data-fontsize=\"20\" data-lineheight=\"26px\">Bildschirmleser und Tastaturnavigation<\/h3>\n<p>Unsere Website implementiert die ARIA-Attribute (Accessible Rich Internet Applications) sowie verschiedene Verhaltens\u00e4nderungen, um sicherzustellen, dass blinde Benutzer, die die Website mit einem Screen-Reader besuchen, die Funktionen der Website lesen, verstehen und genie\u00dfen k\u00f6nnen. Sobald ein Benutzer mit einem Screen-Reader Ihre Website betritt, erh\u00e4lt er sofort eine Aufforderung, das Screen-Reader-Profil einzugeben, damit er Ihre Website effektiv durchsuchen und bedienen kann. Hier sehen Sie, wie unsere Website einige der wichtigsten Screen-Reader-Anforderungen abdeckt, zusammen mit Konsolen-Screenshots von Code-Beispielen:<\/p>\n<ol>\n<li><strong>Screen-Reader-Optimierung:<\/strong>Wir f\u00fchren einen Hintergrundprozess durch, der die Komponenten der Website von oben nach unten erlernt, um eine kontinuierliche Konformit\u00e4t zu gew\u00e4hrleisten, auch wenn die Website aktualisiert wird. In diesem Prozess versorgen wir Bildschirmleser mit aussagekr\u00e4ftigen Daten unter Verwendung des ARIA-Attributsatzes. So stellen wir zum Beispiel genaue Formularbeschriftungen, Beschreibungen f\u00fcr Aktionssymbole (Social-Media-Symbole, Suchsymbole, Einkaufswagen-Symbole usw.), Validierungsanleitungen f\u00fcr Formulareingaben, Elementrollen wie Schaltfl\u00e4chen, Men\u00fcs, modale Dialoge (Popups) und andere bereit. Dar\u00fcber hinaus scannt der Hintergrundprozess alle Bilder der Website und liefert eine genaue und aussagekr\u00e4ftige, auf Bild-Objekt-Erkennung basierende Beschreibung als ALT-Tag (alternativer Text) f\u00fcr Bilder, die nicht beschrieben sind. Er extrahiert auch Texte, die in das Bild eingebettet sind, mit Hilfe einer OCR-Technologie (optische Zeichenerkennung). Um die Anpassungen f\u00fcr Bildschirmleser jederzeit zu aktivieren, m\u00fcssen die Nutzer nur die Tastenkombination Alt+1 dr\u00fccken. Screenreader-Nutzer erhalten au\u00dferdem automatische Ansagen, um den Screenreader-Modus einzuschalten, sobald sie die Website betreten; diese Anpassungen sind mit allen g\u00e4ngigen Screenreadern kompatibel, einschlie\u00dflich JAWS und NVDA.<\/li>\n<li><strong>Optimierung der Tastaturnavigation:<\/strong>Der Hintergrundprozess passt auch den HTML-Code der Website an und f\u00fcgt mithilfe von JavaScript-Code verschiedene Verhaltensweisen hinzu, um die Website \u00fcber die Tastatur bedienbar zu machen. Dazu geh\u00f6rt die M\u00f6glichkeit, mit den Tab- und Shift+Tab-Tasten durch die Website zu navigieren, Dropdowns mit den Pfeiltasten zu bedienen, sie mit Esc zu schlie\u00dfen, Schaltfl\u00e4chen und Links mit der Eingabetaste auszul\u00f6sen, mit den Pfeiltasten zwischen Radio- und Checkbox-Elementen zu navigieren und sie mit der Leertaste oder der Eingabetaste auszuf\u00fcllen; au\u00dferdem finden Tastaturbenutzer Schnellnavigations- und Content-Skip-Men\u00fcs, die jederzeit durch Klicken auf Alt+1 oder als erste Elemente der Website bei der Navigation mit der Tastatur verf\u00fcgbar sind. Der Hintergrundprozess behandelt auch ausgel\u00f6ste Popups, indem er den Tastaturfokus zu ihnen hinbewegt, sobald sie erscheinen, und nicht zul\u00e4sst, dass der Fokus au\u00dferhalb davon abdriftet.Benutzer k\u00f6nnen auch Shortcuts wie \u201eM\u201c (Men\u00fcs), \u201eH\u201c (\u00dcberschriften), \u201eF\u201c (Formulare), \u201eB\u201c (Schaltfl\u00e4chen) und \u201eG\u201c (Grafiken) verwenden, um zu bestimmten Elementen zu springen.<\/li>\n<\/ol>\n<h3 class=\"fusion-responsive-typography-calculated\" data-fontsize=\"20\" data-lineheight=\"26px\">Unterst\u00fctzte Behindertenprofile auf unserer Website<\/h3>\n<ul>\n<li><strong>Epilepsie-Sicherheitsmodus:<\/strong> Dieses Profil erm\u00f6glicht Menschen mit Epilepsie die sichere Nutzung der Website, indem es das Risiko von Anf\u00e4llen, die durch blinkende oder blitzende Animationen und riskante Farbkombinationen entstehen, ausschlie\u00dft.<\/li>\n<li><strong>Sehbehindertenmodus:<\/strong> In diesem Modus wird die Website so angepasst, dass sie f\u00fcr Benutzer mit Sehbehinderungen wie nachlassender Sehkraft, Tunnelblick, Katarakt, Glaukom usw. geeignet ist.<\/li>\n<li><strong>Modus f\u00fcr kognitive Beeintr\u00e4chtigungen:<\/strong> Dieser Modus bietet verschiedene Hilfsoptionen, um Nutzern mit kognitiven Beeintr\u00e4chtigungen wie Legasthenie, Autismus, CVA und anderen zu helfen, sich leichter auf die wesentlichen Elemente der Website zu konzentrieren.<\/li>\n<li><strong>ADHS-freundlicher Modus:<\/strong> Dieser Modus hilft Nutzern mit ADHS und neurologischen Entwicklungsst\u00f6rungen, die wichtigsten Elemente der Website leichter zu lesen, zu durchst\u00f6bern und sich darauf zu konzentrieren, w\u00e4hrend gleichzeitig die Ablenkungen deutlich reduziert werden.<\/li>\n<li><strong>Blindenmodus:<\/strong> Dieser Modus konfiguriert die Website so, dass sie mit Screenreadern wie JAWS, NVDA, VoiceOver und TalkBack kompatibel ist. Ein Screenreader ist eine Software f\u00fcr blinde Nutzer, die auf einem Computer und einem Smartphone installiert ist, und mit der Websites kompatibel sein m\u00fcssen.<\/li>\n<li><strong>Tastaturnavigationsprofil (motorisch behindert):<\/strong> Dieses Profil erm\u00f6glicht motorisch behinderten Personen die Bedienung der Website mit der Tastatur Tab, Umschalt+Tab und den Eingabetasten. Die Benutzer k\u00f6nnen auch Tastenkombinationen wie \u201eM\u201c (Men\u00fcs), \u201eH\u201c (\u00dcberschriften), \u201eF\u201c (Formulare), \u201eB\u201c (Schaltfl\u00e4chen) und \u201eG\u201c (Grafiken) verwenden, um zu bestimmten Elementen zu springen.<\/li>\n<\/ul>\n<h3 class=\"fusion-responsive-typography-calculated\" data-fontsize=\"20\" data-lineheight=\"26px\">Zus\u00e4tzliche Anpassungen der Benutzeroberfl\u00e4che, des Designs und der Lesbarkeit<\/h3>\n<ol>\n<li><strong>Schriftanpassungen<\/strong> &#8211; Benutzer k\u00f6nnen die Schriftgr\u00f6\u00dfe vergr\u00f6\u00dfern und verkleinern, die Schriftfamilie (Typ) \u00e4ndern, den Abstand, die Ausrichtung, die Zeilenh\u00f6he und vieles mehr einstellen.<\/li>\n<li><strong>Farbanpassungen<\/strong> &#8211; Benutzer k\u00f6nnen verschiedene Farbkontrastprofile ausw\u00e4hlen, z. B. hell, dunkel, invertiert und monochrom. Au\u00dferdem k\u00f6nnen die Benutzer die Farbschemata von Titeln, Texten und Hintergr\u00fcnden mit \u00fcber sieben verschiedenen Farboptionen austauschen.<\/li>\n<li><strong>Animationen<\/strong> &#8211; Personen mit Epilepsie k\u00f6nnen alle laufenden Animationen mit einem Mausklick stoppen. Zu den \u00fcber die Schnittstelle gesteuerten Animationen geh\u00f6ren Videos, GIFs und blinkende CSS-\u00dcberg\u00e4nge.<\/li>\n<li><strong>Hervorhebung von Inhalten<\/strong> &#8211; Benutzer k\u00f6nnen wichtige Elemente wie Links und Titel hervorheben. Sie k\u00f6nnen auch festlegen, dass nur fokussierte oder mit dem Mauszeiger gehaltene Elemente hervorgehoben werden.<\/li>\n<li><strong>Audiostummschaltung<\/strong> &#8211; Benutzer mit H\u00f6rger\u00e4ten k\u00f6nnen aufgrund der automatischen Audiowiedergabe Kopfschmerzen oder andere Probleme bekommen. Mit dieser Option k\u00f6nnen sie die gesamte Website sofort stummschalten.<\/li>\n<li><strong>Kognitive St\u00f6rungen<\/strong> &#8211; wir verwenden eine Suchmaschine, die mit Wikipedia und Wiktionary verkn\u00fcpft ist und es Menschen mit kognitiven St\u00f6rungen erm\u00f6glicht, die Bedeutung von Ausdr\u00fccken, Initialen, Slang usw. zu entschl\u00fcsseln.<\/li>\n<li><strong>Zus\u00e4tzliche Funktionen<\/strong> &#8211; wir bieten den Benutzern die M\u00f6glichkeit, die Farbe und Gr\u00f6\u00dfe des Cursors zu \u00e4ndern, einen Druckmodus zu verwenden, eine virtuelle Tastatur zu aktivieren und viele andere Funktionen.<\/li>\n<\/ol>\n<h3 class=\"fusion-responsive-typography-calculated\" data-fontsize=\"20\" data-lineheight=\"26px\">Kompatibilit\u00e4t mit Browsern und unterst\u00fctzenden Technologien<\/h3>\n<p>Wir sind bestrebt, eine m\u00f6glichst breite Palette von Browsern und Hilfstechnologien zu unterst\u00fctzen, damit unsere Nutzer die f\u00fcr sie am besten geeigneten Tools mit m\u00f6glichst wenigen Einschr\u00e4nkungen w\u00e4hlen k\u00f6nnen. Daher haben wir sehr hart daran gearbeitet, alle wichtigen Systeme zu unterst\u00fctzen, die \u00fcber 95 % des Marktanteils der Nutzer ausmachen, darunter Google Chrome, Mozilla Firefox, Apple Safari, Opera und Microsoft Edge, JAWS und NVDA (Bildschirmleseger\u00e4te).<\/p>\n<h3 class=\"fusion-responsive-typography-calculated\" data-fontsize=\"20\" data-lineheight=\"26px\">Anmerkungen, Kommentare und Feedback<\/h3>\n<p>Trotz unserer Bem\u00fchungen, jedem die M\u00f6glichkeit zu geben, die Website an seine Bed\u00fcrfnisse anzupassen. Es kann immer noch Seiten oder Abschnitte geben, die nicht vollst\u00e4ndig zug\u00e4nglich sind, die gerade zug\u00e4nglich gemacht werden oder f\u00fcr die eine angemessene technische L\u00f6sung fehlt, um sie zug\u00e4nglich zu machen. Dennoch verbessern wir st\u00e4ndig unsere Zug\u00e4nglichkeit, f\u00fcgen Optionen und Funktionen hinzu, aktualisieren und verbessern sie und entwickeln und \u00fcbernehmen neue Technologien. All dies dient dazu, ein optimales Niveau der Zug\u00e4nglichkeit zu erreichen, das den technologischen Fortschritten entspricht. Wenn Sie Hilfe ben\u00f6tigen, wenden Sie sich bitte an info@sonicware.eu<\/p>\n<\/div><\/div><\/div><\/div><\/div>\n","protected":false},"excerpt":{"rendered":"","protected":false},"author":2,"featured_media":0,"parent":0,"menu_order":0,"comment_status":"closed","ping_status":"closed","template":"","meta":{"iawp_total_views":3,"footnotes":""},"class_list":["post-7879","page","type-page","status-publish","hentry"],"_links":{"self":[{"href":"https:\/\/sonicware.eu\/de\/wp-json\/wp\/v2\/pages\/7879","targetHints":{"allow":["GET"]}}],"collection":[{"href":"https:\/\/sonicware.eu\/de\/wp-json\/wp\/v2\/pages"}],"about":[{"href":"https:\/\/sonicware.eu\/de\/wp-json\/wp\/v2\/types\/page"}],"author":[{"embeddable":true,"href":"https:\/\/sonicware.eu\/de\/wp-json\/wp\/v2\/users\/2"}],"replies":[{"embeddable":true,"href":"https:\/\/sonicware.eu\/de\/wp-json\/wp\/v2\/comments?post=7879"}],"version-history":[{"count":9,"href":"https:\/\/sonicware.eu\/de\/wp-json\/wp\/v2\/pages\/7879\/revisions"}],"predecessor-version":[{"id":7893,"href":"https:\/\/sonicware.eu\/de\/wp-json\/wp\/v2\/pages\/7879\/revisions\/7893"}],"wp:attachment":[{"href":"https:\/\/sonicware.eu\/de\/wp-json\/wp\/v2\/media?parent=7879"}],"curies":[{"name":"wp","href":"https:\/\/api.w.org\/{rel}","templated":true}]}}