{"id":10006,"date":"2024-10-31T14:53:37","date_gmt":"2024-10-31T13:53:37","guid":{"rendered":"https:\/\/sonicware.eu\/?post_type=product&#038;p=10006"},"modified":"2026-04-30T17:14:19","modified_gmt":"2026-04-30T15:14:19","slug":"b-stock-sonicware-smpltrek","status":"publish","type":"product","link":"https:\/\/sonicware.eu\/de\/produkt\/b-stock-sonicware-smpltrek\/","title":{"rendered":"B-Stock, Sonicware SmplTrek"},"content":{"rendered":"<p><b>B-Ware<\/b><\/p>\n<p><b>Sonicware SmplTrek<\/b>\u00a0ist der perfekte Begleiter f\u00fcr alle Musiker, die ihre\u00a0<b>kreativen Ideen sofort umsetzen<\/b>\u00a0wollen. Nutze Deine\u00a0<b>spontane Inspiration<\/b>\u00a0und nimm Ger\u00e4usche oder Melodien direkt \u00fcber das eingebaute Mikrofon f\u00fcr Dein Soundprojekt auf \u2013\u00a0<b>\u00fcberall unterwegs<\/b>. Ein rauschender Bach oder die Party im Park&#8230; die einfahrende U-Bahn&#8230; ein klingendes Windspiel? Dazu eine spontane Gitarren- oder Gesangsmelodie, die Dir gerade in den Kopf kommt. Mehr als 500 hochwertige Sample-Sounds und \u00fcber 100 Drum-Kits sorgen f\u00fcr zus\u00e4tzliche Inspiration. Mit SmplTrek sind Deiner\u00a0<b>Kreativit\u00e4t keine Grenzen gesetzt<\/b>. Super einfaches Sampling, flexible Songkreationen und m\u00fcheloses Streamen via Smartphone!<\/p>\n<p><b>FEATURES<\/b><\/p>\n<p><b>Maximale Polyphonie<\/b><\/p>\n<ul>\n<li>30 Stimmen<\/li>\n<\/ul>\n<p><b>Sampling\/Recording\u00a0<\/b><\/p>\n<ul>\n<li>48kHz-16bit linear<\/li>\n<li>Abtastzeit: Die maximale Abtastzeit (Gr\u00f6\u00dfe) f\u00fcr ein einzelnes Sample betr\u00e4gt etwa 180 Minuten in Stereo (2 GB).<\/li>\n<li>Aufnehmbare Daten: Abh\u00e4ngig von der SD-Karte *SD-Karte separat erh\u00e4ltlich<\/li>\n<li>Datenformat: WAV<\/li>\n<li>Resampling, Auto-Slicing, Time-Stretching und Pitch-Funktion<br \/>\n*SmplTrek ben\u00f6tigt eine SD-Karte f\u00fcr das Sampling. Unterst\u00fctzt werden SDHC-Karten mit bis zu 32 GB. (SDXC-Karten werden nicht unterst\u00fctzt.)<\/li>\n<\/ul>\n<p><b>Sequencer<\/b><\/p>\n<ul>\n<li>Maximal 16 Szenen pro Songprojekt<\/li>\n<li>Eine Szene enth\u00e4lt 10 Sequenzer-Spuren und 3 zus\u00e4tzliche Audiospuren<\/li>\n<li>Spurtypen:<br \/>\n\u25cb\u00a0Loop-Spur: Sequenzer f\u00fcr ein Loop-Sample<br \/>\n\u25cb\u00a0Shots-Spur: Sequenzer f\u00fcr ein One-Shot-Sample<br \/>\n\u25cb\u00a0Drum-Spur: Step-Sequenzer f\u00fcr Drumkits<br \/>\n\u25cb\u00a0Instrumentenspur: Piano-Roll-\u00e4hnlicher Sequenzer f\u00fcr Musikinstrumente<br \/>\n\u25cb\u00a0MIDI-Spur: Piano-Roll-\u00e4hnlicher Sequenzer f\u00fcr externe MIDI-Ger\u00e4te<\/li>\n<li>Notenl\u00e4nge: 1\/1~1\/32<\/li>\n<li>Verschiedene Funktionen zum Kopieren und Einf\u00fcgen<\/li>\n<li>Transponierfunktion<\/li>\n<li>Echtzeit- und Nicht-Echtzeit-Aufnahme<\/li>\n<li>Metronom, Vorz\u00e4hlfunktion<\/li>\n<li>Automation f\u00fcr Mixer-Parameter<\/li>\n<li>Import von SMF- (Typ 0 &amp; Typ 1)<\/li>\n<li>Direct Track-Recording<\/li>\n<\/ul>\n<p><b>Effekte<\/b><\/p>\n<ul>\n<li>35 Typen (Insert-, Send-, Master-Effekte)<\/li>\n<li>Insert-Effekte: Chorus, Flanger, Phaser, Delay , Analog Delay, Vibrato, Auto Wah, Tremolo, Ring Modulation, Bit Crusher, Auto Pan, Isolator, Tilt EQ, Stomp Compressor, Rack Compressor + 5 Amp-Simulationen*<\/li>\n<li>Send-Effekte: Send Delay, PingPong, Reverse Delay, Tape Echo, Room, Plate, Hall, Stadium, Tunnel, Infinty, Side Chain Compressor<\/li>\n<li>Master-Effekte: Vinyl, Cassette, Multiband Compressor, EQ+Limiter, Maximizer<\/li>\n<\/ul>\n<p>*Bei aktivierten Amp-Simulationen wir der Master-Effekt abgeschaltet.\u00a0<b>Mixer-Mode\u00a0<\/b><\/p>\n<ul>\n<li>10 Kanalmixer + 3 Globalkan\u00e4le<\/li>\n<li>Zugriff auf Gesamtlautst\u00e4rke, Panning, Effekt-Send-Level, EQ-Einstellungen und Parameter-Screen<\/li>\n<li>Take-Compiling<\/li>\n<\/ul>\n<p><b>Steuerung<\/b><b>\u00a0<\/b><\/p>\n<ul>\n<li>15 anschlagdynamische Pads mit RGB-LEDs<\/li>\n<li>5 Drehregler<\/li>\n<li>Richtungs-Pad mit 2 Tastensteuerungen<\/li>\n<li>1,5\u2033 OLED-Display<\/li>\n<\/ul>\n<p><b>Eingebautes Mikrofon<\/b><\/p>\n<ul>\n<li>1x Mono (omnidirektional, 94dBSPL)<\/li>\n<\/ul>\n<p><b>Eingebauter Lautsprecher\u00a0 \u00a0\u00a0<\/b><\/p>\n<ul>\n<li>1x Mono (1,5 W 4\u03a9)<\/li>\n<\/ul>\n<p><b>Anschl\u00fcsse<\/b><\/p>\n<ul>\n<li>INPUT L \/ Gitarre (umschaltbare Impedanz 10k\u03a9 und 1M\u03a9) \/ Dynamisches Mikrofon<br \/>\n\u25cb [LINE-Verst\u00e4rkung] PAD: -20dB<br \/>\n\u25cb [Hi-Z-Verst\u00e4rkung] LOW: 0dB, NORMAL: +10dB, HI: +20dB<br \/>\n\u25cb\u00a0[MIC-Verst\u00e4rkung] LOW: 0dB, NORMAL: +10dB<\/li>\n<li>INPUT R \/ Dynamisches Mikrofon<br \/>\n\u25cb\u00a0[LINE-Verst\u00e4rkung] PAD: -20dB<br \/>\n\u25cb\u00a0[MIC-Verst\u00e4rkung] LOW: 0dB, NORMAL: +28.8dB, HI: +50dB<\/li>\n<li>STEREO-LINE-AUSG\u00c4NGE (max. +6,5dBV), symmetrisch 1\/4\u2033 TRS-Klinke<\/li>\n<li>PHONES-Buchse (3,5 mm, Stereo, Klinke)<\/li>\n<li>USB-Anschluss (Micro USB Typ-B\uff09<br \/>\n\u25cb\u00a0USB-Audio: USB 2.0 volle Geschwindigkeit, 48kHz-16bit; Eingang: 2 Kan\u00e4le, Ausgang: 2 Kan\u00e4le<br \/>\n\u25cb\u00a0USB MIDI<br \/>\n\u25cb\u00a0Massenspeicher-Klasse: USB 2.0 High Speed<br \/>\n\u25cb\u00a0F\u00fcr iPhone, Apple Lightning auf USB Kamera Adapter separat erforderlich<\/li>\n<li>MIDI IN\/OUT (5-Pin DIN)<\/li>\n<li>AUDIO SYNC IN-Buchse (Mono 3,5 mm Mini-Klinkenstecker)<\/li>\n<li>AUDIO SYNC OUT-Buchse (Mono-Mini-Klinkenstecker, 3,5 mm)<\/li>\n<li>SD-Kartensteckplatz<\/li>\n<li>DC IN-Anschluss<\/li>\n<\/ul>\n<p><b>Stromversorgung<\/b><\/p>\n<ul>\n<li>DC12V Ausgang AC-Adapter (500mA, Innendurchmesser: 2.1mm, Au\u00dfendurchmesser: 5.5mm, Polarit\u00e4t: Mitte), im Lieferumfang enthalten<\/li>\n<li>Ni-MH AA SIZE Akku oder Alkaline AA SIZE Trockenbatterie x 6 (Lebensdauer der Alkaline-Trockenbatterien: ca. 4 Stunden), Batterien separat erh\u00e4ltlich<\/li>\n<\/ul>\n<p><b>Ma\u00dfe &amp; Gewicht<\/b><\/p>\n<ul>\n<li>Abmessungen:\u00a0(LxBxH)147 x 175 x 46 mm<\/li>\n<li>Gewicht: 550g<\/li>\n<\/ul>\n<p><b>Zubeh\u00f6r<\/b><\/p>\n<ul>\n<li>AC-Adapter, Garantie<\/li>\n<\/ul>\n<p>*Separat erh\u00e4ltlich: SD-Karte, USB-Kabel und andere Anschlusskabel<\/p>\n","protected":false},"excerpt":{"rendered":"<p>B-Ware Sonicware SmplTrek\u00a0ist der perfekte Begleiter f\u00fcr alle Musiker, die<\/p>\n","protected":false},"featured_media":6952,"template":"","meta":[],"product_brand":[],"product_cat":[206,141],"product_tag":[],"class_list":{"0":"post-10006","1":"product","2":"type-product","3":"status-publish","4":"has-post-thumbnail","6":"product_cat-b-ware","7":"product_cat-sonicware-de","9":"first","10":"instock","11":"taxable","12":"shipping-taxable","13":"purchasable","14":"product-type-simple"},"_links":{"self":[{"href":"https:\/\/sonicware.eu\/de\/wp-json\/wp\/v2\/product\/10006","targetHints":{"allow":["GET"]}}],"collection":[{"href":"https:\/\/sonicware.eu\/de\/wp-json\/wp\/v2\/product"}],"about":[{"href":"https:\/\/sonicware.eu\/de\/wp-json\/wp\/v2\/types\/product"}],"wp:featuredmedia":[{"embeddable":true,"href":"https:\/\/sonicware.eu\/de\/wp-json\/wp\/v2\/media\/6952"}],"wp:attachment":[{"href":"https:\/\/sonicware.eu\/de\/wp-json\/wp\/v2\/media?parent=10006"}],"wp:term":[{"taxonomy":"product_brand","embeddable":true,"href":"https:\/\/sonicware.eu\/de\/wp-json\/wp\/v2\/product_brand?post=10006"},{"taxonomy":"product_cat","embeddable":true,"href":"https:\/\/sonicware.eu\/de\/wp-json\/wp\/v2\/product_cat?post=10006"},{"taxonomy":"product_tag","embeddable":true,"href":"https:\/\/sonicware.eu\/de\/wp-json\/wp\/v2\/product_tag?post=10006"}],"curies":[{"name":"wp","href":"https:\/\/api.w.org\/{rel}","templated":true}]}}