{"id":10075,"date":"2026-05-06T23:00:06","date_gmt":"2026-05-06T21:00:06","guid":{"rendered":"https:\/\/sonicware.eu\/?post_type=product&#038;p=10075"},"modified":"2026-05-06T12:34:01","modified_gmt":"2026-05-06T10:34:01","slug":"deconstruct-minimal-inkl-trs-midi-adapter","status":"publish","type":"product","link":"https:\/\/sonicware.eu\/de\/produkt\/deconstruct-minimal-inkl-trs-midi-adapter\/","title":{"rendered":"deconstruct MINIMAL, inkl. TRS MIDI Adapter"},"content":{"rendered":"<p><b>BUNDLE: Sonicware deconstruct MINIMAL + TRS\u00a0<\/b><b>MIDI-Adapter (2 St\u00fcck)<\/b><\/p>\n<p>Kompakte Groovebox f\u00fcr hypnotische Minimal-, Techno- und elektronische Beats. Deconstruct MINIMAL kombiniert Drum Machine, Sampler und Bass-Synthesizer in einem leistungsstarken, portablen Ger\u00e4t.<\/p>\n<p>Inspiriert vom Groove klassischer Drum Machines erzeugt sie lebendige Rhythmen mit subtilen Timing- und Pitch-Variationen. Die 10-Track-Engine, flexible Sequencer-Funktionen und umfangreiche Effekte bieten maximale kreative Freiheit \u2013 im Studio und live.<\/p>\n<p>Der integrierte Sampler erweitert deine Sounds um Loops und Texturen, w\u00e4hrend der analoge Modeling-Bass-Synth druckvolle Basslines und Leads liefert. Performance-orientierte Effekte erm\u00f6glichen dynamische Eingriffe in Echtzeit.<\/p>\n<p><b>HIGHLIGHTS<\/b><\/p>\n<ul>\n<li>Groovebox mit Drum Machine, Sampler &amp; Bass Synth<\/li>\n<li>11 Tracks + Loop Track f\u00fcr komplexe Patterns<\/li>\n<li>Authentischer \u201eVintage Groove\u201c mit Drift-Charakter<\/li>\n<li>Integrierter 4-Track Sampler mit Time-Stretch &amp; Repitch<\/li>\n<li>Analoger Modeling-Bass-Synth f\u00fcr Acid &amp; Techno<\/li>\n<li>Leistungsstarker Sequencer mit Parameter Locks &amp; Pattern Chaining<\/li>\n<li>Performance-Effekte wie Filter, Distortion, Phaser &amp; Delay<\/li>\n<li>Kompakt, leicht &amp; ideal f\u00fcr Live-Performance<\/li>\n<\/ul>\n<p><b>SPEZIFIKATIONEN<\/b><b><br \/>\n<\/b><\/p>\n<p><b>Drum Machine<\/b><\/p>\n<ul>\n<li>9 Tracks<\/li>\n<li>16 Drum-Kits<\/li>\n<li>130 Sounds in 10 B\u00e4nken<\/li>\n<li>Samplebasierte Klangerzeugung mit editierbaren Parametern pro Bank<\/li>\n<li>Dedizierte Synthese-Engines f\u00fcr BD1 &amp; SD<\/li>\n<li>Hi-Hats mit analogen Klangvariationen<\/li>\n<li>Pro Track Groove-Parameter: Accent, Random Velocity, Swing, Sub-Steps<\/li>\n<li>Echtzeit-Recording &amp; Step-Eingabe<\/li>\n<li>Integrierter Isolator f\u00fcr Klangformung sowie Boost\/Cut<\/li>\n<\/ul>\n<p><b>Sampler<\/b><\/p>\n<ul>\n<li>Sample Import\/Export \u00fcber LINE IN oder USB<\/li>\n<li>4 Sampler-Tracks (Tracks 7\u201310)<\/li>\n<\/ul>\n<p><b>Tracks 7\u20139:<\/b><\/p>\n<ul>\n<li>32 Slots (2 Sek. mono) \/ 16 Slots (4 Sek. mono)<\/li>\n<li>48 kHz \/ 16-bit PCM<\/li>\n<li>Repitch-to-Tempo Funktion<\/li>\n<\/ul>\n<p><b>Track 10 (Loop Track):<\/b><\/p>\n<ul>\n<li>12 Slots (8 Sek. stereo)<\/li>\n<li>48 kHz \/ 16-bit PCM<\/li>\n<li>Loop- oder One-Shot-Wiedergabe<\/li>\n<li>Time-Stretch Funktion<\/li>\n<li>Einstellbare Crossfades (1\u20134 Sek.) &amp; Retrigger<\/li>\n<\/ul>\n<p><b>Bass-Synthesizer<\/b><\/p>\n<ul>\n<li>1 Track Analog-Modeling Synth<\/li>\n<li>4 Wellenformen + alternativer Synth-Modus<\/li>\n<li>Acid-Style Ladder-Filter<\/li>\n<\/ul>\n<p><b>Oszillator:<\/b><\/p>\n<ul>\n<li>Saw, Square, Triangle, Rectangle<\/li>\n<li>Sub-Oszillator (Sinus) mit w\u00e4hlbarem Bereich<\/li>\n<li>S01-Modus (SAW\/SQUARE Blend + Sub-Oszillator)<\/li>\n<\/ul>\n<p><b>Filter &amp; H\u00fcllkurve:<\/b><\/p>\n<ul>\n<li>4-poliger Lowpass-Filter mit Resonanz<\/li>\n<li>Envelope Amount &amp; Decay-Regelung<\/li>\n<li>Einstellbare Decay-Kurve<\/li>\n<\/ul>\n<p><b>Performance:<\/b><\/p>\n<ul>\n<li>Monophon<\/li>\n<li>Glide (Zeit &amp; Kurve einstellbar)<\/li>\n<li>Filtergekoppelter Accent<\/li>\n<li>Einstellbare Gate-Zeit<\/li>\n<li>Integrierter Overdrive<\/li>\n<\/ul>\n<p><b>Sequencer<\/b><\/p>\n<ul>\n<li>11 Tracks<\/li>\n<li>128 Patterns<\/li>\n<li>Bis zu 64 Steps (16 Steps \u00d7 4 Variationen)<\/li>\n<li>Echtzeit- &amp; Step-Recording<\/li>\n<li>Parameter Locks (pro Step)<\/li>\n<li>Pattern-Chaining &amp; Variationswiedergabe<\/li>\n<li>Phrase Rotation<\/li>\n<li>Mute- &amp; Solo-Funktionen<\/li>\n<li>BPM pro Pattern oder global<\/li>\n<li>Transpose-Funktion<\/li>\n<\/ul>\n<p><b>Effekte<\/b><\/p>\n<ul>\n<li>Master FX:\n<ul>\n<li>Sweep Filter<\/li>\n<li>Phaser<\/li>\n<li>Distortion<\/li>\n<li>Snip Loop<\/li>\n<li>Ducking Compressor<\/li>\n<\/ul>\n<\/li>\n<li>Send FX:\n<ul>\n<li>Reverb (Room, Hall, Plate)<\/li>\n<li>Delay (tape-style, BPM sync, ping-pong)<\/li>\n<\/ul>\n<\/li>\n<\/ul>\n<p><b>MIDI<\/b><\/p>\n<ul>\n<li>Note-, CC- und Clock Ein-\/Ausgang<\/li>\n<\/ul>\n<p><b>Hardware<\/b><\/p>\n<ul>\n<li>27 Pads\/Tasten<\/li>\n<li>12 Regler, 2 Encoder, 16 Micro-Knobs<\/li>\n<li>Steuerungsmodi: SCALE, LATCH, JUMP<\/li>\n<\/ul>\n<p><b>Anschl\u00fcsse<\/b><\/p>\n<p><b>Eing\u00e4nge:<\/b><\/p>\n<ul>\n<li>Line In (Stereo-Miniklinke)<\/li>\n<li>USB Audio<\/li>\n<\/ul>\n<p><b>Ausg\u00e4nge:<\/b><\/p>\n<ul>\n<li>Line Out (Stereo-Miniklinke)<\/li>\n<li>Kopfh\u00f6rer<\/li>\n<li>USB Audio<\/li>\n<li>Integrierter Lautsprecher<\/li>\n<\/ul>\n<p><b>Schnittstellen:<\/b><\/p>\n<ul>\n<li>USB-C (Daten, MIDI, Audio)<\/li>\n<li>MIDI\/SYNC In\/Out (3,5 mm)<\/li>\n<\/ul>\n<p><b>Ma\u00dfe &amp; Gewicht<\/b><\/p>\n<ul>\n<li>Gr\u00f6\u00dfe: 297 \u00d7 176 \u00d7 48 mm<\/li>\n<li>Gewicht: 840 g<\/li>\n<\/ul>\n<p><b>Stromversorgung<\/b><\/p>\n<ul>\n<li>9V DC Netzteil (nicht enthalten)<\/li>\n<li>6\u00d7 AA Batterien (nicht enthalten)<\/li>\n<\/ul>\n","protected":false},"excerpt":{"rendered":"<p>BUNDLE: Sonicware deconstruct MINIMAL + TRS\u00a0MIDI-Adapter (2 St\u00fcck) Kompakte Groovebox<\/p>\n","protected":false},"featured_media":10072,"template":"","meta":[],"product_brand":[],"product_cat":[210,141],"product_tag":[],"class_list":{"0":"post-10075","1":"product","2":"type-product","3":"status-publish","4":"has-post-thumbnail","6":"product_cat-groovebox-de","7":"product_cat-sonicware-de","9":"first","10":"onbackorder","11":"taxable","12":"shipping-taxable","13":"purchasable","14":"product-type-simple"},"_links":{"self":[{"href":"https:\/\/sonicware.eu\/de\/wp-json\/wp\/v2\/product\/10075","targetHints":{"allow":["GET"]}}],"collection":[{"href":"https:\/\/sonicware.eu\/de\/wp-json\/wp\/v2\/product"}],"about":[{"href":"https:\/\/sonicware.eu\/de\/wp-json\/wp\/v2\/types\/product"}],"wp:featuredmedia":[{"embeddable":true,"href":"https:\/\/sonicware.eu\/de\/wp-json\/wp\/v2\/media\/10072"}],"wp:attachment":[{"href":"https:\/\/sonicware.eu\/de\/wp-json\/wp\/v2\/media?parent=10075"}],"wp:term":[{"taxonomy":"product_brand","embeddable":true,"href":"https:\/\/sonicware.eu\/de\/wp-json\/wp\/v2\/product_brand?post=10075"},{"taxonomy":"product_cat","embeddable":true,"href":"https:\/\/sonicware.eu\/de\/wp-json\/wp\/v2\/product_cat?post=10075"},{"taxonomy":"product_tag","embeddable":true,"href":"https:\/\/sonicware.eu\/de\/wp-json\/wp\/v2\/product_tag?post=10075"}],"curies":[{"name":"wp","href":"https:\/\/api.w.org\/{rel}","templated":true}]}}