{"id":10091,"date":"2026-05-06T23:00:01","date_gmt":"2026-05-06T21:00:01","guid":{"rendered":"https:\/\/sonicware.eu\/?post_type=product&#038;p=10091"},"modified":"2026-05-06T13:12:30","modified_gmt":"2026-05-06T11:12:30","slug":"sonicware-3-5mm-trs-to-midi-adapter-set-of-2","status":"publish","type":"product","link":"https:\/\/sonicware.eu\/de\/produkt\/sonicware-3-5mm-trs-to-midi-adapter-set-of-2\/","title":{"rendered":"Sonicware, 3.5mm TRS to MIDI Adapter (Set of 2)"},"content":{"rendered":"<p>MIDI Adapterkabel Miniklinke TRS 3,5 mm gewinkelt auf 5-pol. DIN Stecker, 2 St\u00fcck<\/p>\n<p>Dieser TRS\u2013MIDI-Adapter ist mit allen deconstruct-Modellen kompatibel.<\/p>\n<ul>\n<li>Enth\u00e4lt zwei Adapter vom Typ A: MIDI-Buchse (weiblich) auf 3,5-mm-TRS-Stecker (m\u00e4nnlich).<\/li>\n<li>Erm\u00f6glicht die Verbindung zwischen MIDI-Ger\u00e4ten mit 3,5-mm-TRS- und 5-poligen DIN-Anschl\u00fcssen.<\/li>\n<li>Kompatibel mit einer Vielzahl von Ger\u00e4ten, darunter Drum-Machines, Synthesizer und DAW-Controller.<\/li>\n<li>Unterst\u00fctzt sowohl MIDI-Eingang als auch -Ausgang und erm\u00f6glicht dadurch flexible Verbindungen zwischen Ger\u00e4ten.<\/li>\n<li>Kompaktes und leichtes Design f\u00fcr einfachen Transport und Einsatz unterwegs.<\/li>\n<\/ul>\n<p>&nbsp;<\/p>\n","protected":false},"excerpt":{"rendered":"<p>MIDI Adapterkabel Miniklinke TRS 3,5 mm gewinkelt auf 5-pol. DIN<\/p>\n","protected":false},"featured_media":10085,"template":"","meta":[],"product_brand":[],"product_cat":[141,137,215],"product_tag":[],"class_list":{"0":"post-10091","1":"product","2":"type-product","3":"status-publish","4":"has-post-thumbnail","6":"product_cat-sonicware-de","7":"product_cat-zubehoer","8":"product_cat-zubehor","10":"first","11":"onbackorder","12":"taxable","13":"shipping-taxable","14":"purchasable","15":"product-type-simple"},"_links":{"self":[{"href":"https:\/\/sonicware.eu\/de\/wp-json\/wp\/v2\/product\/10091","targetHints":{"allow":["GET"]}}],"collection":[{"href":"https:\/\/sonicware.eu\/de\/wp-json\/wp\/v2\/product"}],"about":[{"href":"https:\/\/sonicware.eu\/de\/wp-json\/wp\/v2\/types\/product"}],"wp:featuredmedia":[{"embeddable":true,"href":"https:\/\/sonicware.eu\/de\/wp-json\/wp\/v2\/media\/10085"}],"wp:attachment":[{"href":"https:\/\/sonicware.eu\/de\/wp-json\/wp\/v2\/media?parent=10091"}],"wp:term":[{"taxonomy":"product_brand","embeddable":true,"href":"https:\/\/sonicware.eu\/de\/wp-json\/wp\/v2\/product_brand?post=10091"},{"taxonomy":"product_cat","embeddable":true,"href":"https:\/\/sonicware.eu\/de\/wp-json\/wp\/v2\/product_cat?post=10091"},{"taxonomy":"product_tag","embeddable":true,"href":"https:\/\/sonicware.eu\/de\/wp-json\/wp\/v2\/product_tag?post=10091"}],"curies":[{"name":"wp","href":"https:\/\/api.w.org\/{rel}","templated":true}]}}