{"id":2117,"date":"2023-02-02T10:35:04","date_gmt":"2023-02-02T09:35:04","guid":{"rendered":"https:\/\/sonicware.eu\/produkt\/sonicware-liven-8bit-warps\/"},"modified":"2026-02-19T10:09:10","modified_gmt":"2026-02-19T09:09:10","slug":"sonicware-liven-8bit-warps","status":"publish","type":"product","link":"https:\/\/sonicware.eu\/de\/produkt\/sonicware-liven-8bit-warps\/","title":{"rendered":"LIVEN 8bit warps"},"content":{"rendered":"<p><b>Der LIVEN 8bit warps<\/b>&nbsp;kombiniert einen 8-bit Waveform Memory Synthesizer mit einem Step-Sequenzer, der speziell f\u00fcr die elektronische Live-Performance entwickelt wurde. Die 8-Bit-Sweep-Funktion, die man in klassischen Konsolen und Gameboys findet, wurde f\u00fcr den Liven 8-Bit-Warps angepasst und verbessert. Im Handumdrehen lassen sich klassische Soundtracks nachbilden oder einzigartige perkussive Sounds erzeugen. Das reaktionsschnelle DELAY und der BIT CRUSHER ver\u00e4ndern die Patterns in Echtzeit.<\/p>\n<p>Typische Tape-Loop-Sounds sind m\u00f6glich indem man den Mix-Regler des Delays voll aufdreht und dann den Geschwindigkeitsregler ver\u00e4ndert. Erzeugen Sie kurze Loops f\u00fcr Stutter-Effekte, oder verringern Sie die Geschwindigkeit und staunen wie der Loop mit jeder Wiederholung tiefer und tiefer wird. Mit dem BIT CRUSHER k\u00f6nnen Sie die Sampling-Rate des Liven 8-Bit-Warp reduzieren um \u00e4ltere digitale Synthesizer zu emulieren, oder drehen Sie ihn voll auf f\u00fcr drastische Distortion Effekte. Mit dem CHORUS und FLANGER, l\u00e4sst sich der 8-Bit-Warp in eine satte \u201eStringmachine\u201c verwandeln.<\/p>\n<p><b>FEATURES<\/b><\/p>\n<p><b>Tonerzeugung<\/b><\/p>\n<ul>\n<li>Vier 8-Bit Sound-Engines: Warp, Attack, Morph und FM<\/li>\n<li>leistungsstarker Voice-Modus: Poly, Mono und Arpeggiator<\/li>\n<li>128 Patch-Memory.&nbsp;<\/li>\n<li>128 Waveform-Memory f\u00fcr eigene Kreationen<\/li>\n<li>Waveform Import\/Export via Midi<\/li>\n<li><span>6-stimmig polyphon<\/span><\/li>\n<li>Multimode Filter: LP\/BP\/HP mit regelbarer Cutoff &amp; Resonance<\/li>\n<li>LFO adressierbar an Pitch &amp; Filter-Cutoff <\/li>\n<li>ADSR-H\u00fcllkurve<\/li>\n<li>Sweep-Fuktion<\/li>\n<li>Alias-Noise schaltbar<\/li>\n<\/ul>\n<p><span><b>Effekte&nbsp;&nbsp;<\/b><\/span><\/p>\n<ul>\n<li><span>Chorus, Flanger, Delay, Bit Crusher + Reverb (<\/span><span>Hall, Room, Arena, Plate, Tunnels, Infinity, Tape)&nbsp;<\/span>&nbsp;<\/li>\n<li>Extern nutzbar \u00fcber Line-in&nbsp;<\/li>\n<\/ul>\n<p><b>Sequencer<\/b><\/p>\n<ul>\n<li>dynamischer Sequenzer-Modus: Slice, Random und Stutter<\/li>\n<li><span>Stepsequencer mit bis zu 64 Steps<\/span><\/li>\n<li><span>Realtime- &amp; Step-Recording <\/span><\/li>\n<li>Parameter-Lock f\u00fcr jeden Sequencerstep<\/li>\n<li>128 Pattern <\/li>\n<li>Umfangreiche Editierfunktionen<\/li>\n<\/ul>\n<p><b>4-Track Looper<\/b><\/p>\n<ul>\n<li><span>Regelbare Quantisierung, Panorama &amp; Lautst\u00e4rke pro Track<\/span><\/li>\n<\/ul>\n<p><span><b>Arpeggiator<\/b><\/span><\/p>\n<ul>\n<li><span>Arpeggiator mit 12 Modes (<\/span><span>Up, Down, UpDown, DownUp, Up&amp;Down, Down&amp;Up, Up+1, Up+2, Down- 1, Down-2, Random, Play Order)&nbsp;<\/span><\/li>\n<li><span>Latch-Funktion<\/span><\/li>\n<\/ul>\n<p><b>Bedienung<\/b><\/p>\n<ul>\n<li>27 Tasten Keyboard mit Hold-Funktion<\/li>\n<li>16 Kontrollregler f\u00fcr intuitive Bedienung<\/li>\n<li>LC-Display<\/li>\n<li>Eingebauter (abschaltbarer) Lautsprecher<\/li>\n<\/ul>\n<p><b>&nbsp;Anschl\u00fcsse<\/b><\/p>\n<ul>\n<li>Midi DIN in\/out mit vollst\u00e4ndiger Midi Implementation<\/li>\n<li><span>Flexibles Sync in\/out (3,5mm Miniklinke)<\/span><\/li>\n<li><span>Stereo Line in&nbsp;<\/span>(3,5mm Miniklinke)&nbsp;<\/li>\n<li><span>Stereo Line out (3,5mm Miniklinke)&nbsp;<\/span><\/li>\n<li><span>Headphone out (3,5mm Miniklinke)<\/span><\/li>\n<li><span>Stromversorgung: 9V DC Netzteil (nicht im Lieferumfang enthalten) oder 6x AA Batterien<\/span><\/li>\n<\/ul>\n<p><span><b>Ma\u00dfe &amp; Gewicht<\/b><\/span><\/p>\n<ul>\n<li><span>Abmessungen (L x B x H): 29,7 x 17,6 x 4,8 cm<\/span><\/li>\n<li><span>Gewicht: 790 g <\/span><\/li>\n<\/ul>\n<p>\u2014\u2014\u2014\u2014\u2014\u2014\u2014\u2014\u2014\u2014\u2014\u2014\u2014\u2014\u2014\u2014\u2014\u2014\u2014\u2014\u2014\u2014\u2014\u2014\u2014\u2014\u2014\u2014\u2014\u2014\u2014\u2014\u2014\u2014\u2014\u2014\u2014\u2014\u2014<\/p>\n<p>&nbsp;<\/p>\n<p><b>Universal Steckernetzteil f\u00fcr alle Sonicware<\/b>&nbsp;<b>LIVEN Ger\u00e4te (optional)<\/b><\/p>\n<p><span>9V \u2013 2A \u2013 Center Plus Polung inkl. Adapter-Set EU\/US\/UK\/AU<\/span><\/p>\n<p>EIAJ 3 Stecker (1.7\u00d74.75\u00d79.5mm)<\/p>\n<p>&nbsp;<\/p>\n<ul>\n<\/ul>\n","protected":false},"excerpt":{"rendered":"[fusion_alert type=\"custom\" accent_color=\"#ffffff\" hue=\"\" saturation=\"\" lightness=\"\" alpha=\"\" background_color=\"\" border_size=\"1\" icon=\"\" text_align=\"left\" padding_top=\"\" padding_right=\"\" padding_bottom=\"\" padding_left=\"\" margin_top=\"\" margin_right=\"\" margin_bottom=\"\" margin_left=\"\" text_transform=\"normal\" dismissable=\"yes\" box_shadow=\"yes\" hide_on_mobile=\"small-visibility,medium-visibility,large-visibility\" sticky_display=\"normal,sticky\" class=\"\" id=\"\" animation_type=\"\" animation_direction=\"left\" animation_speed=\"0.3\" animation_offset=\"\"]<\/p>\n<p>Kostenloser Versand!<br \/>\nWir versenden dieses Produkt nur innerhalb der EU. Wenn du dich au\u00dferhalb der EU befindest, nimm bitte Kontakt mit uns auf. Versand innerhalb von 2 Arbeitstagen.<\/p>\n<p>Alle Preise inkl. Mwst<\/p>\n<p>[\/fusion_alert]\n","protected":false},"featured_media":2116,"template":"","meta":{"iawp_total_views":266},"product_brand":[],"product_cat":[45,203,141],"product_tag":[],"class_list":{"0":"post-2117","1":"product","2":"type-product","3":"status-publish","4":"has-post-thumbnail","6":"product_cat-hardware","7":"product_cat-liven-de","8":"product_cat-sonicware-de","10":"first","11":"instock","12":"taxable","13":"shipping-taxable","14":"purchasable","15":"product-type-simple"},"_links":{"self":[{"href":"https:\/\/sonicware.eu\/de\/wp-json\/wp\/v2\/product\/2117","targetHints":{"allow":["GET"]}}],"collection":[{"href":"https:\/\/sonicware.eu\/de\/wp-json\/wp\/v2\/product"}],"about":[{"href":"https:\/\/sonicware.eu\/de\/wp-json\/wp\/v2\/types\/product"}],"wp:featuredmedia":[{"embeddable":true,"href":"https:\/\/sonicware.eu\/de\/wp-json\/wp\/v2\/media\/2116"}],"wp:attachment":[{"href":"https:\/\/sonicware.eu\/de\/wp-json\/wp\/v2\/media?parent=2117"}],"wp:term":[{"taxonomy":"product_brand","embeddable":true,"href":"https:\/\/sonicware.eu\/de\/wp-json\/wp\/v2\/product_brand?post=2117"},{"taxonomy":"product_cat","embeddable":true,"href":"https:\/\/sonicware.eu\/de\/wp-json\/wp\/v2\/product_cat?post=2117"},{"taxonomy":"product_tag","embeddable":true,"href":"https:\/\/sonicware.eu\/de\/wp-json\/wp\/v2\/product_tag?post=2117"}],"curies":[{"name":"wp","href":"https:\/\/api.w.org\/{rel}","templated":true}]}}