{"id":2123,"date":"2023-02-02T10:35:15","date_gmt":"2023-02-02T09:35:15","guid":{"rendered":"https:\/\/sonicware.eu\/produkt\/sonicware-liven-bassbeats\/"},"modified":"2026-02-19T10:09:29","modified_gmt":"2026-02-19T09:09:29","slug":"sonicware-liven-bassbeats","status":"publish","type":"product","link":"https:\/\/sonicware.eu\/de\/produkt\/sonicware-liven-bassbeats\/","title":{"rendered":"LIVEN Bass&amp;Beats"},"content":{"rendered":"<p><b>Wavetable-Bass-Synthesizer und Groovebox<\/b><\/p>\n<p>Der Liven Bass&amp;Beats ist eine kompakte Groovebox und mit 790 g ein echtes Leichtgewicht. Ein monophoner Bass-Synthesizer und eine Sample-basierte Drum-machine sorgen f\u00fcr vielf\u00e4ltige Sounds und viel Raum f\u00fcr Kreativit\u00e4t. Wie alle Liven-Ger\u00e4te hat auch Bass&amp;Beats eine digitale Klangerzeugung. Der Liven Bass&amp;Beats l\u00e4sst sich \u00fcber MIDI oder analogen Sync mit anderen Ger\u00e4ten verbinden und besitzt einen eingebauten Lautsprecher. Das und m\u00f6glicher Batteriebetrieb machen den LIVEN Bass &amp; Beats zum perfekten Begleiter f\u00fcr unterwegs.&nbsp;<\/p>\n<p><b>FEATURES<\/b><\/p>\n<p><b>Bass<\/b><\/p>\n<ul>\n<li>2&nbsp;unabh\u00e4ngige&nbsp;Oszillatoren mit 64 Wavetables,&nbsp;1 Sub-Oszillator<\/li>\n<li>128 Patch-Memory <\/li>\n<li>Noise Generator &#8211;&nbsp;16 verschiedene&nbsp;Rauscharten<\/li>\n<li>Multimode-Filter, HP\/BP\/LP &amp; parametrischer EQ<\/li>\n<li>LFO mit 18 Waveforms, regelbar in Intensit\u00e4t, Geschwindigkeit und Verz\u00f6gerung&nbsp;&nbsp;<\/li>\n<li>Envelope-Generator adressierbar an Pitch, Wavetable &amp; Filter<\/li>\n<li>Machine-Gun-Effekt<\/li>\n<li>Sweep-Funktion<\/li>\n<li>Dimension-Effekt zur Verbreiterung der Stereobasis<\/li>\n<li><span>Unisono-Steuerung&nbsp;<\/span><\/li>\n<li>64 Bass Presets inkl. Reese Bass, Future Bounce&nbsp;Bass,&nbsp;Wobble Bass,&nbsp;Growl Bass,&nbsp;Neuro Bass,&nbsp;Deep House&nbsp;Bass, Acid Bass, 808 Sub Bass&nbsp;etc.<\/li>\n<\/ul>\n<p><b>Beats<\/b><\/p>\n<ul>\n<li>350 Beats&nbsp;<\/li>\n<li>4-16 bit&nbsp;Engine<\/li>\n<li>\u00dcber&nbsp;150 Drum Samples<\/li>\n<li>\u00dcber&nbsp;50FX Samples<\/li>\n<li>Regelbar in Pitch &amp; Length<\/li>\n<\/ul>\n<p><b>Sequencer<\/b><\/p>\n<ul>\n<li><span>2 Track-Sequencer (Bass &amp; Beats)<\/span><\/li>\n<li>Bis zu 64 Steps pro Spur<\/li>\n<li>Umfangreiche Editierm\u00f6glichkeiten, (u.a. Copy,Paste, Undo, Redo)<\/li>\n<li>128 Pattern Memory<\/li>\n<li>Import\/Export von Pattern<\/li>\n<\/ul>\n<p><b>Effekte<\/b><\/p>\n<ul>\n<li><span>Chorus, Flanger, Send Delay, Insert Delay, Bit Crusher, Hall, Room, Mono reverb, Distortion, Low pass filter, High pass filter, Isolator, Tilt EQ<\/span><\/li>\n<\/ul>\n<p><b>&nbsp;Bedienung<\/b><\/p>\n<ul>\n<li>27 Tasten Keyboard mit Holdfunktion<\/li>\n<li>16 Knobs f\u00fcr intuitive Bedienung&nbsp;<\/li>\n<li>2 Performance-Knobs k\u00f6nnen mehreren Parametern&nbsp;gleichzeitig&nbsp;zugeordnet werden<\/li>\n<li>Eingebauter (abschaltbarer) Lautsprecher&nbsp;<\/li>\n<\/ul>\n<p><b>Anschl\u00fcsse&nbsp;<\/b><\/p>\n<ul>\n<li>Midi DIN in\/out mit vollst\u00e4ndiger Midi Implementation<\/li>\n<li><span>Flexibles Sync in\/out (3,5mm Miniklinke)<\/span>&nbsp;<\/li>\n<li>Stereo Line in (3,5mm Miniklinke)&nbsp;<\/li>\n<li>Stereo Line out (3,5mm Miniklinke)&nbsp;<\/li>\n<li>Headphone out (3,5mm Miniklinke)<\/li>\n<li><span>Stromversorgung: 9V DC Netzteil (nicht im Lieferumfang enthalten) oder 6x AA Batterien<\/span><\/li>\n<\/ul>\n<p><b>Ma\u00dfe &amp; Gewicht<\/b><\/p>\n<p>&nbsp;<\/p>\n<ul>\n<li><span>Abmessungen (L x B x H): 29,7 x 17,6 x 4,8 cm<\/span><\/li>\n<li><span>Gewicht: 790 g<\/span><\/li>\n<\/ul>\n<p>&nbsp;<\/p>\n<p>&nbsp;<\/p>\n<p>\u2014\u2014\u2014\u2014\u2014\u2014\u2014\u2014\u2014\u2014\u2014\u2014\u2014\u2014\u2014\u2014\u2014\u2014\u2014\u2014\u2014\u2014\u2014\u2014\u2014\u2014\u2014\u2014\u2014\u2014\u2014\u2014\u2014\u2014\u2014\u2014\u2014\u2014\u2014<\/p>\n<p>Universal Steckernetzteil f\u00fcr alle Sonicware&nbsp;LIVEN Ger\u00e4te (optional)<\/p>\n<p><span>9V \u2013 2A \u2013 Center Plus Polung inkl. Adapter-Set EU\/US\/UK\/AU<\/span><\/p>\n<p>&nbsp;<\/p>\n<p>EIAJ 3 Stecker (1.7\u00d74.75\u00d79.5mm)<\/p>\n<ul>\n<\/ul>\n","protected":false},"excerpt":{"rendered":"[fusion_alert type=\"custom\" accent_color=\"#ffffff\" hue=\"\" saturation=\"\" lightness=\"\" alpha=\"\" background_color=\"\" border_size=\"1\" icon=\"\" text_align=\"left\" padding_top=\"\" padding_right=\"\" padding_bottom=\"\" padding_left=\"\" margin_top=\"\" margin_right=\"\" margin_bottom=\"\" margin_left=\"\" text_transform=\"normal\" dismissable=\"yes\" box_shadow=\"yes\" hide_on_mobile=\"small-visibility,medium-visibility,large-visibility\" sticky_display=\"normal,sticky\" class=\"\" id=\"\" animation_type=\"\" animation_direction=\"left\" animation_speed=\"0.3\" animation_offset=\"\"]<\/p>\n<p>Kostenloser Versand!<br \/>\nWir versenden dieses Produkt nur innerhalb der EU. Wenn du dich au\u00dferhalb der EU befindest, nimm bitte Kontakt mit uns auf. Versand innerhalb von 2 Arbeitstagen.<\/p>\n<p>Alle Preise inkl. Mwst<\/p>\n<p>[\/fusion_alert]\n","protected":false},"featured_media":9492,"template":"","meta":{"iawp_total_views":50},"product_brand":[],"product_cat":[45,203,141],"product_tag":[],"class_list":{"0":"post-2123","1":"product","2":"type-product","3":"status-publish","4":"has-post-thumbnail","6":"product_cat-hardware","7":"product_cat-liven-de","8":"product_cat-sonicware-de","10":"first","11":"instock","12":"taxable","13":"shipping-taxable","14":"purchasable","15":"product-type-simple"},"_links":{"self":[{"href":"https:\/\/sonicware.eu\/de\/wp-json\/wp\/v2\/product\/2123","targetHints":{"allow":["GET"]}}],"collection":[{"href":"https:\/\/sonicware.eu\/de\/wp-json\/wp\/v2\/product"}],"about":[{"href":"https:\/\/sonicware.eu\/de\/wp-json\/wp\/v2\/types\/product"}],"wp:featuredmedia":[{"embeddable":true,"href":"https:\/\/sonicware.eu\/de\/wp-json\/wp\/v2\/media\/9492"}],"wp:attachment":[{"href":"https:\/\/sonicware.eu\/de\/wp-json\/wp\/v2\/media?parent=2123"}],"wp:term":[{"taxonomy":"product_brand","embeddable":true,"href":"https:\/\/sonicware.eu\/de\/wp-json\/wp\/v2\/product_brand?post=2123"},{"taxonomy":"product_cat","embeddable":true,"href":"https:\/\/sonicware.eu\/de\/wp-json\/wp\/v2\/product_cat?post=2123"},{"taxonomy":"product_tag","embeddable":true,"href":"https:\/\/sonicware.eu\/de\/wp-json\/wp\/v2\/product_tag?post=2123"}],"curies":[{"name":"wp","href":"https:\/\/api.w.org\/{rel}","templated":true}]}}