{"id":2131,"date":"2023-02-02T10:35:28","date_gmt":"2023-02-02T09:35:28","guid":{"rendered":"https:\/\/sonicware.eu\/produkt\/sonicware-smpltrek\/"},"modified":"2026-03-27T08:55:34","modified_gmt":"2026-03-27T07:55:34","slug":"sonicware-smpltrek","status":"publish","type":"product","link":"https:\/\/sonicware.eu\/de\/produkt\/sonicware-smpltrek\/","title":{"rendered":"Sonicware SmplTrek"},"content":{"rendered":"<p><span><b>Sonicware SmplTrek<\/b> ist der perfekte Begleiter f\u00fcr alle Musiker, die ihre <b>kreativen Ideen sofort umsetzen<\/b> wollen. Nutze Deine <b>spontane Inspiration<\/b> und nimm Ger\u00e4usche oder Melodien direkt \u00fcber das eingebaute Mikrofon f\u00fcr Dein Soundprojekt auf \u2013 <b>\u00fcberall unterwegs<\/b>. Ein rauschender Bach oder die Party im Park&#8230; die einfahrende U-Bahn&#8230; ein klingendes Windspiel? Dazu eine spontane Gitarren- oder Gesangsmelodie, die Dir gerade in den Kopf kommt. Mehr als 500 hochwertige Sample-Sounds und \u00fcber 100 Drum-Kits sorgen f\u00fcr zus\u00e4tzliche Inspiration. Mit SmplTrek sind Deiner <b>Kreativit\u00e4t keine Grenzen gesetzt<\/b>. Super einfaches Sampling, flexible Songkreationen und m\u00fcheloses Streamen via Smartphone!<\/span><\/p>\n<p><b>FEATURES<\/b><\/p>\n<p><b>Maximale Polyphonie<\/b><\/p>\n<ul>\n<li>30 Stimmen<\/li>\n<\/ul>\n<p><b>Sampling\/Recording&nbsp;<\/b><\/p>\n<ul>\n<li>48kHz-16bit linear<\/li>\n<li>Abtastzeit: Die maximale Abtastzeit (Gr\u00f6\u00dfe) f\u00fcr ein einzelnes Sample betr\u00e4gt etwa 180 Minuten in Stereo (2 GB).<\/li>\n<li>Aufnehmbare Daten: Abh\u00e4ngig von der SD-Karte *SD-Karte separat erh\u00e4ltlich<\/li>\n<li>Datenformat: WAV<\/li>\n<li>Resampling, Auto-Slicing, Time-Stretching und Pitch-Funktion<br \/>*SmplTrek ben\u00f6tigt eine SD-Karte f\u00fcr das Sampling. Unterst\u00fctzt werden SDHC-Karten mit bis zu 32 GB. (SDXC-Karten werden nicht unterst\u00fctzt.)<\/li>\n<\/ul>\n<p><b>Sequencer<\/b><\/p>\n<ul>\n<li>Maximal 16 Szenen pro Songprojekt<\/li>\n<li>Eine Szene enth\u00e4lt 10 Sequenzer-Spuren und 3 zus\u00e4tzliche Audiospuren<\/li>\n<li>Spurtypen:<br \/>\u25cb&nbsp;Loop-Spur: Sequenzer f\u00fcr ein Loop-Sample<br \/>\u25cb&nbsp;Shots-Spur: Sequenzer f\u00fcr ein One-Shot-Sample<br \/>\u25cb&nbsp;Drum-Spur: Step-Sequenzer f\u00fcr Drumkits&nbsp;<br \/>\u25cb&nbsp;Instrumentenspur: Piano-Roll-\u00e4hnlicher Sequenzer f\u00fcr Musikinstrumente<br \/>\u25cb&nbsp;MIDI-Spur: Piano-Roll-\u00e4hnlicher Sequenzer f\u00fcr externe MIDI-Ger\u00e4te<\/li>\n<li>Notenl\u00e4nge: 1\/1~1\/32<\/li>\n<li>Verschiedene Funktionen zum Kopieren und Einf\u00fcgen<\/li>\n<li>Transponierfunktion<\/li>\n<li>Echtzeit- und Nicht-Echtzeit-Aufnahme<\/li>\n<li>Metronom, Vorz\u00e4hlfunktion<\/li>\n<li>Automation f\u00fcr Mixer-Parameter<\/li>\n<li>Import von SMF- (Typ 0 &amp; Typ 1)<\/li>\n<li><span>Direct Track-Recording<\/span><\/li>\n<\/ul>\n<p><b>Effekte<\/b><\/p>\n<ul>\n<li>35 Typen (Insert-, Send-, Master-Effekte)<\/li>\n<li>Insert-Effekte: Chorus, Flanger, Phaser, Delay , Analog Delay, Vibrato, Auto Wah, Tremolo, Ring Modulation, Bit Crusher, Auto Pan, Isolator, Tilt EQ, Stomp Compressor, Rack Compressor + 5 Amp-Simulationen*&nbsp;<\/li>\n<li>Send-Effekte: Send Delay, PingPong, Reverse Delay, Tape Echo, Room, Plate, Hall, Stadium, Tunnel, Infinty, Side Chain Compressor<\/li>\n<li>Master-Effekte: Vinyl, Cassette, Multiband Compressor, EQ+Limiter, Maximizer<\/li>\n<\/ul>\n<p>*Bei aktivierten Amp-Simulationen wir der Master-Effekt abgeschaltet.   <b>Mixer-Mode&nbsp;<\/b><\/p>\n<ul>\n<li><span>10 Kanalmixer + 3 Globalkan\u00e4le&nbsp;<\/span><\/li>\n<li><span>Zugriff auf Gesamtlautst\u00e4rke, Panning, Effekt-Send-Level, EQ-Einstellungen und Parameter-Screen<\/span><\/li>\n<li><span>Take-Compiling&nbsp;<\/span><\/li>\n<\/ul>\n<p><b>Steuerung<\/b><b>&nbsp;<\/b><\/p>\n<ul>\n<li>15 anschlagdynamische Pads mit RGB-LEDs<\/li>\n<li>5 Drehregler&nbsp;<\/li>\n<li>Richtungs-Pad mit 2 Tastensteuerungen<\/li>\n<li>1,5\u2033 OLED-Display<\/li>\n<\/ul>\n<p><b>Eingebautes Mikrofon<\/b><\/p>\n<ul>\n<li>\n<p>1x Mono (omnidirektional, 94dBSPL)<\/p>\n<\/li>\n<\/ul>\n<p><b>Eingebauter Lautsprecher&nbsp; &nbsp;&nbsp;<\/b><\/p>\n<ul>\n<li>1x Mono (1,5 W 4\u03a9)<\/li>\n<\/ul>\n<p><b>Anschl\u00fcsse<\/b><\/p>\n<ul>\n<li>INPUT L \/ Gitarre (umschaltbare Impedanz 10k\u03a9 und 1M\u03a9) \/ Dynamisches Mikrofon<br \/>\u25cb [LINE-Verst\u00e4rkung] PAD: -20dB<br \/>\u25cb [Hi-Z-Verst\u00e4rkung] LOW: 0dB, NORMAL: +10dB, HI: +20dB<br \/>\u25cb&nbsp;[MIC-Verst\u00e4rkung] LOW: 0dB, NORMAL: +10dB<\/li>\n<li>INPUT R \/ Dynamisches Mikrofon<br \/>\u25cb&nbsp;[LINE-Verst\u00e4rkung] PAD: -20dB<br \/>\u25cb&nbsp;[MIC-Verst\u00e4rkung] LOW: 0dB, NORMAL: +28.8dB, HI: +50dB<\/li>\n<li><span> <\/span>STEREO-LINE-AUSG\u00c4NGE (max. +6,5dBV), symmetrisch 1\/4\u2033 TRS-Klinke<\/li>\n<li>PHONES-Buchse (3,5 mm, Stereo, Klinke)<\/li>\n<li>USB-Anschluss (Micro USB Typ-B\uff09<br \/>\u25cb&nbsp;USB-Audio: USB 2.0 volle Geschwindigkeit, 48kHz-16bit; Eingang: 2 Kan\u00e4le, Ausgang: 2 Kan\u00e4le<br \/>\u25cb&nbsp;USB MIDI<br \/>\u25cb&nbsp;Massenspeicher-Klasse: USB 2.0 High Speed<br \/>\u25cb&nbsp;F\u00fcr iPhone, Apple Lightning auf USB Kamera Adapter separat erforderlich<\/li>\n<li>MIDI IN\/OUT (5-Pin DIN)<\/li>\n<li>AUDIO SYNC IN-Buchse (Mono 3,5 mm Mini-Klinkenstecker)<\/li>\n<li>AUDIO SYNC OUT-Buchse (Mono-Mini-Klinkenstecker, 3,5 mm)<\/li>\n<li>SD-Kartensteckplatz<\/li>\n<li>DC IN-Anschluss<\/li>\n<\/ul>\n<p><b>Stromversorgung<\/b><\/p>\n<ul>\n<li>DC12V Ausgang AC-Adapter (500mA, Innendurchmesser: 2.1mm, Au\u00dfendurchmesser: 5.5mm, Polarit\u00e4t: Mitte), im Lieferumfang enthalten<\/li>\n<li>Ni-MH AA SIZE Akku oder Alkaline AA SIZE Trockenbatterie x 6 (Lebensdauer der Alkaline-Trockenbatterien: ca. 4 Stunden), Batterien separat erh\u00e4ltlich<\/li>\n<\/ul>\n<p><b>Ma\u00dfe &amp; Gewicht<\/b><\/p>\n<p>&nbsp;<\/p>\n<ul>\n<li>Abmessungen:&nbsp;<span>(LxBxH)<\/span>147 x 175 x 46 mm <\/li>\n<li>Gewicht: 550g<\/li>\n<\/ul>\n<p>&nbsp;<\/p>\n<p><b>Zubeh\u00f6r<\/b><\/p>\n<p>&nbsp;<\/p>\n<ul>\n<li>AC-Adapter, Garantie<\/li>\n<\/ul>\n<p>*Separat erh\u00e4ltlich: SD-Karte, USB-Kabel und andere Anschlusskabel<\/p>\n<p>&nbsp;<\/p>\n<p>&nbsp;<\/p>\n","protected":false},"excerpt":{"rendered":"[fusion_alert type=\"custom\" accent_color=\"#ffffff\" hue=\"\" saturation=\"\" lightness=\"\" alpha=\"\" background_color=\"\" border_size=\"1\" icon=\"\" text_align=\"left\" padding_top=\"\" padding_right=\"\" padding_bottom=\"\" padding_left=\"\" margin_top=\"\" margin_right=\"\" margin_bottom=\"\" margin_left=\"\" text_transform=\"normal\" dismissable=\"yes\" box_shadow=\"yes\" hide_on_mobile=\"small-visibility,medium-visibility,large-visibility\" sticky_display=\"normal,sticky\" class=\"\" id=\"\" animation_type=\"\" animation_direction=\"left\" animation_speed=\"0.3\" animation_offset=\"\"]<\/p>\n<p>Kostenloser Versand!<br \/>\nWir versenden dieses Produkt nur innerhalb der EU. Wenn du dich au\u00dferhalb der EU befindest, nimm bitte Kontakt mit uns auf. Versand innerhalb von 2 Arbeitstagen.<\/p>\n<p>Alle Preise inkl. Mwst<\/p>\n<p>[\/fusion_alert]\n","protected":false},"featured_media":2126,"template":"","meta":{"iawp_total_views":279},"product_brand":[],"product_cat":[45,205,141],"product_tag":[],"class_list":{"0":"post-2131","1":"product","2":"type-product","3":"status-publish","4":"has-post-thumbnail","6":"product_cat-hardware","7":"product_cat-smpltrek-de","8":"product_cat-sonicware-de","10":"first","11":"instock","12":"sale","13":"taxable","14":"shipping-taxable","15":"purchasable","16":"product-type-simple"},"_links":{"self":[{"href":"https:\/\/sonicware.eu\/de\/wp-json\/wp\/v2\/product\/2131","targetHints":{"allow":["GET"]}}],"collection":[{"href":"https:\/\/sonicware.eu\/de\/wp-json\/wp\/v2\/product"}],"about":[{"href":"https:\/\/sonicware.eu\/de\/wp-json\/wp\/v2\/types\/product"}],"wp:featuredmedia":[{"embeddable":true,"href":"https:\/\/sonicware.eu\/de\/wp-json\/wp\/v2\/media\/2126"}],"wp:attachment":[{"href":"https:\/\/sonicware.eu\/de\/wp-json\/wp\/v2\/media?parent=2131"}],"wp:term":[{"taxonomy":"product_brand","embeddable":true,"href":"https:\/\/sonicware.eu\/de\/wp-json\/wp\/v2\/product_brand?post=2131"},{"taxonomy":"product_cat","embeddable":true,"href":"https:\/\/sonicware.eu\/de\/wp-json\/wp\/v2\/product_cat?post=2131"},{"taxonomy":"product_tag","embeddable":true,"href":"https:\/\/sonicware.eu\/de\/wp-json\/wp\/v2\/product_tag?post=2131"}],"curies":[{"name":"wp","href":"https:\/\/api.w.org\/{rel}","templated":true}]}}