{"id":6131,"date":"2024-05-03T13:23:36","date_gmt":"2024-05-03T11:23:36","guid":{"rendered":"https:\/\/sonicware.eu\/?post_type=product&#038;p=6131"},"modified":"2026-02-26T23:08:52","modified_gmt":"2026-02-26T22:08:52","slug":"lofi-12-xt-limited-retro-edition","status":"publish","type":"product","link":"https:\/\/sonicware.eu\/de\/produkt\/lofi-12-xt-limited-retro-edition\/","title":{"rendered":"Lofi-12 XT &#8211; Limited Retro Edition"},"content":{"rendered":"<p><b>Lofi-Sampling eXTended! LIMITED RETRO EDITION<\/b><\/p>\n<p>Der Sound und das Konzept des Sonicware Lofi-12 haben viele Musiker*innen begeistert und inspiriert. Seine Popularit\u00e4t, das daraus resultierende Feedback und viele hilfreiche Vorschl\u00e4ge waren Anlass, das bew\u00e4hrte Lofi-12 Konzept zu \u00fcberarbeiten und zu erweitern.<\/p>\n<p>Da die Umsetzung all dieser Vorschl\u00e4ge aufgrund der derzeitigen DSP-Ressourcen und der Hardware von LIVEN nicht m\u00f6glich waren hat sich Sonicware entschlossen, das neuste Modell auf die Hardware des SmplTrek zu st\u00fctzen, die \u00fcber ausreichend Leistung und Konnektivit\u00e4t verf\u00fcgt, um diesen Anforderungen gerecht zu werden.&nbsp;<\/p>\n<p><b>KEY FEATURES&nbsp;<\/b><\/p>\n<p><b>Benutzerfreundliches, echtes Retro-Sampling<\/b><\/p>\n<p>Erlebe ein echtes 12kHz\/24kHz-Sampling in Kombination mit dem 12-Bit-Sampler-Modus, der jedes Sample in einen angenehmen Lo-Fi-Sound verwandelt, ganz wie bei den legend\u00e4ren 12-Bit-Samplern vergangener Zeiten.<\/p>\n<p>Jedes Sample kann bis zu 40 Sekunden lang sein, und Du kannst so viele Samples speichern, wie Deine SD-Karte hergibt. Bis zu 256 Samples (64 MB) k\u00f6nnen in ein einziges Projekt geladen und w\u00e4hrend der Wiedergabe nahtlos zwischen den Samples gewechselt werden<\/p>\n<p>Samples k\u00f6nnen auch im PAD-Modus abgespielt werden, wobei alle 15 Pads als Tastatur f\u00fcr chromatisches\/skaliertes Spiel verwendet werden. Sample Slicing erm\u00f6glicht Dir das \u201eZerhacken\u201c Deiner Samples, um einzelne Slices innerhalb einer einzelnen Spur zu erstellen und abzuspielen.<\/p>\n<p><b>Intuitive Beat-Erstellung und Jamming<\/b><\/p>\n<p>Der leistungsstarke 8-Spur-Sequenzer unterst\u00fctzt unquantisierte&nbsp; und Step-Aufnahmen, so dass Du Tracks und Beats durch Einsatz der Pads in Echtzeit aufnehmen kannst.<\/p>\n<p>Dank der Parameter-Locking-Funktion ist die Aufnahme von dynamischen Parametern ein Kinderspiel &#8211;&nbsp;<span>&nbsp;<\/span>Einfach die REC-Taste dr\u00fccken und intuitiv flexibel die Regler einsetzen. Eine Eingabe exakter Werte ist direkt \u00fcber die Step-Tasten nat\u00fcrlich auch m\u00f6glich.<\/p>\n<p>Mit dem D-Pad kannst Du zwischen 7 Re-Trigger-Einteilungen von der 8. bis zur 64. Note w\u00e4hlen, w\u00e4hrend Du die Anschlagsst\u00e4rke durch Dr\u00fccken eines Pads steuerst.<\/p>\n<p><b>Leistungsstarke Signalverarbeitung und umfangreiche Sample-Libraries<\/b><\/p>\n<p>Nutze gleichzeitig 8 Spureffekte, zuz\u00fcglich zu Delay, Reverb und Master-Kompressor, um vielf\u00e4ltige Sounds zu erzeugen.&nbsp;<span>&nbsp;<\/span><\/p>\n<p>Die Spureffekte k\u00f6nnen aus 22 Effekttypen ausgew\u00e4hlt werden, und der Masterkompressor kann in den Sidechain-Modus oder f\u00fcr die Performance auf Master-Filter umgeschaltet werden.<\/p>\n<p>Die mitgelieferte SD-Karte enth\u00e4lt \u00fcber 1.000 Samples von legend\u00e4ren Drum Machines wie TR-808\/909, LM-1, linndrum, DMX, Drumulator, SP-12, Drumtraks und TOM*, bis hin zu fertigen Samples f\u00fcr die Produktion von Lofi HipHop und Lofi House Songs.<\/p>\n<p>*Die Samples der Vintage Drum Machines sind von BULLYFINGER lizenziert.<\/p>\n<p><b>M\u00fchelose Mix-Tape-Aufnahme im Hintergrund<\/b><\/p>\n<p>Mit der Mix-Tape-Aufnahmefunktion werden alle Deine Auftritte kontinuierlich im Hintergrund aufgezeichnet, bis das Ger\u00e4t ausgeschaltet wird.<\/p>\n<p>Die Aufnahmequalit\u00e4t kann in f\u00fcnf Stufen gew\u00e4hlt werden, von der Lo-Fi-Aufnahmequalit\u00e4t eines Mikrokassettenbandes bis hin zur hochwertigen Aufnahme mit 48 kHz-16 Bit, also DAT-Qualit\u00e4t.<\/p>\n<p>Ganz gleich, ob Du Tracks abmischst, Live-Auftritte in ihrer Gesamtheit aufnimmst oder ausgew\u00e4hlte Beats und Phrasen aus Deinen t\u00e4glichen Jams extrahierst, mit dem Lofi XT hast Du eine st\u00e4ndig wachsende Ressource Deiner Sounds und Musik zur Hand.<\/p>\n<p><b>Vielseitige Konnektivit\u00e4t mit anderen Ger\u00e4ten<\/b><\/p>\n<p>Importiere und exportiere Audiodateien \u00fcber USB oder SD-Karte. Die einzigartige Dateikonvertierungsfunktion des Lofi-12XT sorgt daf\u00fcr, dass Audiodateien mit unterschiedlichen Sampling-Bit\/Raten in user-freundliche Lo-Fi-Samples umgewandelt werden. Der Import von Sample Daten des Liven Lofi-12 Sample-Daten (MIDI SysEx-Dateien) ist ebenfalls m\u00f6glich.<\/p>\n<p>Eine Vielzahl von Anschl\u00fcssen erm\u00f6glicht den Anschluss zur Au\u00dfenwelt, angefangen von dynamischen Mikrofonen, E-Gitarren\/B\u00e4ssen, Synthesizern bis hin zu USB-Audioquellen von PC\/Macs oder Smartphones.<\/p>\n<p>Dank digitaler Ausg\u00e4nge \u00fcber USB und Tempo-Synchronisation \u00fcber MIDI oder Audio-Synchronisation l\u00e4sst sich der Lofi-12XT nahtlos in DAWs und andere digitale Welten integrieren.<\/p>\n<p><b>SPEZIFIKATIONEN<\/b><\/p>\n<p><b>Sampler<\/b><\/p>\n<ul>\n<li><span>16 Bit PCM Sampling (mono) wahlweise mit 12 kHz\/24 kHz<\/span><\/li>\n<li><span>12 Bit LoFi-Sampler-Modus<\/span><\/li>\n<li><span>Bis zu 40 Sekunden Sample-Speicher pro Sample<\/span><\/li>\n<li><span>Bis zu 64MB \/ 256 Samples f\u00fcr jedes Projekt m\u00f6glich &nbsp;-abh\u00e4ngig von der Gr\u00f6\u00dfe der SD-Card<\/span><\/li>\n<li><span>Sample Editing in Realtime<\/span><\/li>\n<li><span>Sample slicing durch User markers<\/span><\/li>\n<li><span>Slice choke groups<\/span><\/li>\n<li><span>Sample-File Import \u00fcber USB oder SD-Card<\/span><\/li>\n<li><span>Amplituden Modulation mit ASR\/AR Envelope<\/span><\/li>\n<li><span>Filter Modulation mit AR Envelope<\/span><\/li>\n<li><span>Pitch Envelope mit Sweep-Modus<\/span><\/li>\n<li><span>2 LFO\u2018s pro track<\/span><\/li>\n<li><span>20 stimmige Polyphonie + USB &amp; External Audio<\/span><\/li>\n<li><span>8 Tracks mit unterschiedlichen Track-Modi<\/span><\/li>\n<\/ul>\n<p><b>Sequencer<\/b><\/p>\n<ul>\n<li><span>128 Patterns \u2013 16 Songs x 256 Projects<\/span><\/li>\n<li><span>Note(Step)l\u00e4ngen von 1\/1 bis 1\/64<\/span><\/li>\n<li><span>128 Steps pro Pattern<\/span><\/li>\n<li><span>4-Track-Sequencer mit bis zu 64 Steps und vielf\u00e4ltigen Editing\/Automations-Funktionen&nbsp;<\/span><\/li>\n<li><span>Non-Quantize-Recording mit Micro-Timing edit<\/span><\/li>\n<li><span>Parameter- und Soundlocking pro Step<\/span><\/li>\n<li><span>Drum roll\/Note repeat<\/span><\/li>\n<\/ul>\n<p><b>Effekte<\/b><\/p>\n<ul>\n<li>26 Effekte (u.a. Chorus, Flanger, Tremolo, Delay, Distortion, Bit Crusher, Low Pass Filter, High Pass Filter, Isolator, Tilt EQ, Compressor)<\/li>\n<li>9 Mastereffekte (Hall, Room, Arena, Plate, Tunnel, Infinity, Cassette Tape Simulator, Vinyl Simulator, Remix)<\/li>\n<li>11 Effekte simultan m\u00f6glich: (1 pro Track + 2 Send-Efx + Master)<\/li>\n<li>Background mix-tape-recording<\/li>\n<\/ul>\n<p>&nbsp;<\/p>\n<p><b>Steuerung&nbsp;<\/b><\/p>\n<ul>\n<li><span>15 anschlagdynamische Pads mit RGB-LEDs<\/span><\/li>\n<li><span>5 Drehregler&nbsp;<\/span><\/li>\n<li><span>Richtungs-Pad mit 2 Tastensteuerungen<\/span><\/li>\n<li><span>1,5\u2033 OLED-Display<\/span><\/li>\n<\/ul>\n<p><b>Eingebautes Mikrofon<\/b><\/p>\n<ul>\n<li><span>1x Mono (omnidirektional, 94dBSPL)<\/span><\/li>\n<\/ul>\n<p><b>Eingebauter Lautsprecher&nbsp; &nbsp;&nbsp;<\/b><\/p>\n<ul>\n<li><span>1x Mono (1,5 W 4\u03a9)<\/span><\/li>\n<\/ul>\n<p><b>Anschl\u00fcsse<\/b><\/p>\n<ul>\n<li><span>INPUT L \/ Gitarre (umschaltbare Impedanz 10k\u03a9 und 1M\u03a9) \/ Dynamisches Mikrofon<br \/><\/span><span>\u25cb<\/span><span>&nbsp;[LINE-Verst\u00e4rkung] PAD: -20dB<br \/><\/span><span>\u25cb<\/span><span>&nbsp;[Hi-Z-Verst\u00e4rkung] LOW: 0dB, NORMAL: +10dB, HI: +20dB<br \/><\/span><span>\u25cb<\/span><span>&nbsp;[MIC-Verst\u00e4rkung] LOW: 0dB, NORMAL: +10dB<\/span><\/li>\n<li><span>INPUT R \/ Dynamisches Mikrofon<br \/><\/span><span>\u25cb<\/span><span>&nbsp;[LINE-Verst\u00e4rkung] PAD: -20dB<br \/><\/span><span>\u25cb<\/span><span>&nbsp;[MIC-Verst\u00e4rkung] LOW: 0dB, NORMAL: +28.8dB, HI: +50dB<\/span><\/li>\n<li><span>STEREO-LINE-AUSG\u00c4NGE (max. +6,5dBV), symmetrisch 1\/4\u2033 TRS-Klinke<\/span><\/li>\n<li><span>PHONES-Buchse (3,5 mm, Stereo, Klinke)<\/span><\/li>\n<li><span>USB-Anschluss (Micro USB Typ-B<\/span><span>\uff09<\/span><span><br \/><\/span><span>\u25cb<\/span><span>&nbsp;USB-Audio: USB 2.0 volle Geschwindigkeit, 48kHz-16bit; Eingang: 2 Kan\u00e4le, Ausgang: 2 Kan\u00e4le<br \/><\/span><span>\u25cb<\/span><span>&nbsp;USB MIDI<br \/><\/span><span>\u25cb<\/span><span>&nbsp;Massenspeicher-Klasse: USB 2.0 High Speed<br \/><\/span><span>\u25cb<\/span><span>&nbsp;F\u00fcr iPhone, Apple Lightning auf USB Kamera Adapter separat erforderlich<\/span><\/li>\n<li><span>MIDI IN\/OUT (5-Pin DIN)<\/span><\/li>\n<li><span>AUDIO SYNC IN-Buchse (Mono 3,5 mm Mini-Klinkenstecker)<\/span><\/li>\n<li><span>AUDIO SYNC OUT-Buchse (Mono-Mini-Klinkenstecker, 3,5 mm)<\/span><\/li>\n<li><span>SD-Kartensteckplatz<\/span><\/li>\n<li><span>DC IN-Anschluss<\/span><\/li>\n<\/ul>\n<p><b>Stromversorgung<\/b><\/p>\n<ul>\n<li><span>DC12V Ausgang AC-Adapter (500mA, Innendurchmesser: 2.1mm, Au\u00dfendurchmesser: 5.5mm, Polarit\u00e4t: Mitte), im Lieferumfang enthalten<\/span><\/li>\n<li><span>Ni-MH AA SIZE Akku oder 6 x Alkaline AA SIZE Trockenbatterie (Lebensdauer der Alkaline-Trockenbatterien: ca. 4 Stunden), Batterien separat erh\u00e4ltlich<\/span><\/li>\n<\/ul>\n<p><b>Ma\u00dfe &amp; Gewicht<\/b><\/p>\n<ul>\n<li><span>Abmessungen:&nbsp;(LxBxH)147 x 175 x 46 mm<\/span><\/li>\n<li><span>Gewicht: 550g<\/span><\/li>\n<\/ul>\n<p><b>Lieferumfang<\/b><\/p>\n<ul>\n<li><span>Lofi-12 XT Limited Retro Edition<\/span><\/li>\n<li><span>12V Netzteil<\/span><\/li>\n<li><span>32GD SD-Karte mit 2500 Samples&nbsp;<\/span><\/li>\n<\/ul>\n","protected":false},"excerpt":{"rendered":"<p>Lofi-Sampling eXTended! LIMITED RETRO EDITION Der Sound und das Konzept<\/p>\n","protected":false},"featured_media":6194,"template":"","meta":{"iawp_total_views":27},"product_brand":[],"product_cat":[205,141],"product_tag":[],"class_list":{"0":"post-6131","1":"product","2":"type-product","3":"status-publish","4":"has-post-thumbnail","6":"product_cat-smpltrek-de","7":"product_cat-sonicware-de","9":"first","10":"instock","11":"sale","12":"taxable","13":"shipping-taxable","14":"purchasable","15":"product-type-simple"},"_links":{"self":[{"href":"https:\/\/sonicware.eu\/de\/wp-json\/wp\/v2\/product\/6131","targetHints":{"allow":["GET"]}}],"collection":[{"href":"https:\/\/sonicware.eu\/de\/wp-json\/wp\/v2\/product"}],"about":[{"href":"https:\/\/sonicware.eu\/de\/wp-json\/wp\/v2\/types\/product"}],"wp:featuredmedia":[{"embeddable":true,"href":"https:\/\/sonicware.eu\/de\/wp-json\/wp\/v2\/media\/6194"}],"wp:attachment":[{"href":"https:\/\/sonicware.eu\/de\/wp-json\/wp\/v2\/media?parent=6131"}],"wp:term":[{"taxonomy":"product_brand","embeddable":true,"href":"https:\/\/sonicware.eu\/de\/wp-json\/wp\/v2\/product_brand?post=6131"},{"taxonomy":"product_cat","embeddable":true,"href":"https:\/\/sonicware.eu\/de\/wp-json\/wp\/v2\/product_cat?post=6131"},{"taxonomy":"product_tag","embeddable":true,"href":"https:\/\/sonicware.eu\/de\/wp-json\/wp\/v2\/product_tag?post=6131"}],"curies":[{"name":"wp","href":"https:\/\/api.w.org\/{rel}","templated":true}]}}