{"id":6319,"date":"2024-07-01T09:04:44","date_gmt":"2024-07-01T07:04:44","guid":{"rendered":"https:\/\/sonicware.eu\/?post_type=product&#038;p=6319"},"modified":"2026-02-19T10:11:52","modified_gmt":"2026-02-19T09:11:52","slug":"liven-ambient","status":"publish","type":"product","link":"https:\/\/sonicware.eu\/de\/produkt\/liven-ambient\/","title":{"rendered":"LIVEN Ambient \u00d8"},"content":{"rendered":"<p><b>LIVEN Ambient \u00d8 &#8211;&nbsp;<\/b><span>Soundscape Synthesizer<\/span><\/p>\n<p>Der <i>Ambient \u00d8 (zero)<\/i> ist ein i<span>mmersiver Ambient-Musikgenerator, der durch die von Sonicware neu entwickelte <i>Blendwave Modulation Synthese<\/i> das Eintauchen in absolut neue musikalische Dimensionen erm\u00f6glicht.&nbsp;<\/span><\/p>\n<p>Trotz der komplexen Tonerzeugung&nbsp; ist<i>&nbsp;<span>Ambient \u00d8 <\/span><\/i>unglaublich einfach zu bedienen. Spiele zun\u00e4chst einen Ton auf einem der vier Layer und halte ihn z.B. mit der Note-Hold-Funktion, w\u00e4hrend Du den Ton mit den Reglern ver\u00e4ndern und weitere Layer hinzuf\u00fcgen kannst, bis du den von dir gew\u00fcnschten Klang gefunden hast.<\/p>\n<p><b>Blendwave Modulations Synthese<\/b><\/p>\n<p>Sonicware hat umfangreiche Forschungen durchgef\u00fchrt, um wellenf\u00f6rmige und fluktuierende T\u00f6ne f\u00fcr<i> Ambient \u00d8<\/i> zu erzeugen. Das Ergebnis war die Entwicklung dieser neuen Wavetable-basierten Synthese-Engine.&nbsp;Blendwave Modulation Synthesis kombiniert 6 einzigartige Strukturen mit 32 WAVEs, sowie durch komplexe harmonische \u00dcberg\u00e4nge die Erstellung von kraftvollen, tiefen Drones, \u00fcppigen Pads und transparenten Pizzicatos &#8211; Perfekt f\u00fcr Ambient-Musik!<\/p>\n<p><b>Intuitive und effektive Bedienung<\/b><\/p>\n<p>4 Drehregler \/ 8 Parameter bieten eine breite Basis zur Erstellung von Klangkreationen. WAVE verf\u00fcgt \u00fcber 127 harmonische Wavetables, die vielf\u00e4ltige Klangkreationen erm\u00f6glichen, von einfachen Wellenformen bis hin zu komplexen Obertonverl\u00e4ufen. Das WAVE-Symbol steht f\u00fcr Yin-Yang, wobei sich der Yin-Oszillator w\u00e4hrend der Modulation in umgekehrter Richtung durch die Wavetables bewegt.<\/p>\n<p><b>6 Structures&nbsp;<\/b><\/p>\n<p>Jede der 6 Structures hat eine unterschiedliche Anzahl von Oszillatoren und Modulationsschaltungen. ATMOS 1 wendet zum Beispiel Ringmodulation an, ATMOS 2 dagegen FM-Modulation.&nbsp;<\/p>\n<p><b>Noise-Layer f\u00fcr Rauschen &amp; Raum<\/b><\/p>\n<p>Der Noise-Layer enth\u00e4lt 8 speziell ausgew\u00e4hlte Naturkl\u00e4nge, um durch Noise-Blending, Pitchcontrol und Modulation einzigartige r\u00e4umliche Effekte zu erzeugen.&nbsp; Dar\u00fcber hinaus sind bis zu 8 (!) Sekunden Stereo-Sampling (16bit &#8211; 32kHz) \u00fcber den Line Eingang m\u00f6glich, so dass Du auch individuelle Texturen erstellen kannst.<\/p>\n<p><b>Umfangreiche Effektsektion<\/b><\/p>\n<p><i>Ambient \u00d8<\/i> ist mit 9 Hall-Algorithmen ausgestattet, von denen jeder einzigartige, r\u00e4umliche Aufl\u00f6sungen und Dimensionen bietet. Reverb-Send und Shimmer-Send (f\u00fcr Layering bei Oktaven) sind f\u00fcr jeden Layer individuell einstellbar.&nbsp;<\/p>\n<p>Zus\u00e4tzlich zum Reverb verf\u00fcgt der <i>Ambient \u00d8<\/i> eine Effekteinheit mit Tape Delay, Reverse Delay und 4 Master-Effekten, Overdrive, Bit\/Rate Crush, Tilt EQ und Stereo Chorus.<\/p>\n<p><b>Sequenzer auf jedem Layer enthalten<\/b><\/p>\n<p>Jeder Layer enth\u00e4lt zus\u00e4tzlich einen Sequenzer, mit dem Du Keyboard-Performances aufzeichnen kannst und dar\u00fcber hinaus \u00c4nderungen zahlreicher Parameter, wie z.B. Pegel, Panorama und Filter-Bewegungen im Zeitverlauf.<\/p>\n<p><b>16 Ambient Sound Pattern Library &#8211; erstellt von erfahrenen Sounddesignern<\/b><\/p>\n<p>Du musst nicht bei Null anfangen. W\u00e4hle eine Library, die zu Deiner Stimmung passt, spiele T\u00f6ne und ver\u00e4ndere sie durch die effizienten und \u00fcbersichtlichen Edit-Funktionen, die so Deinen Emotionen in K\u00fcrze ungeahnte neue Ausdrucksm\u00f6glichkeiten verleihen.<\/p>\n<p><b>Portabel &amp; Flexibel<\/b><\/p>\n<p>Dank der Portabilit\u00e4t, dem integrierten Lautsprecher und dem m\u00f6glichen Batteriebetrieb kannst Du <i>Ambient&nbsp;<\/i><i>\u00d8<\/i> nahezu \u00fcberall einsetzen.&nbsp;Verlasse Deinen gewohnten Arbeitsbereich und verwende <i>Ambient \u00d8<\/i> im Wohnzimmer, in der Natur oder an anderen einmaligen Orten, deren tonale Strukturen du musikalisch einbinden willst.&nbsp; Da sich die entwickelnden Kl\u00e4nge mit den Umgebungsger\u00e4uschen vermischen, wirst Du so wahrscheinlich &#8222;echte&#8220; Ambient-Musik zu erleben.<\/p>\n<p><b>SPEZIFIKATIONEN<\/b><\/p>\n<p><b>Synthesizer&nbsp;<\/b><\/p>\n<ul>\n<li>Note-Hold-Funktion<\/li>\n<li>128 Sound Pattern Paletten (inkl. 16 Arten von voreingestellten Paletten)<\/li>\n<li>Mischen mit Pegel\/Panorama f\u00fcr jeden Layer<\/li>\n<li>Layer (Sound) Copy- &amp; Paste- Funktion<\/li>\n<li>Tune All-Funktion \u00e4ndert die Tonh\u00f6he aller Layer&nbsp;&nbsp;<\/li>\n<li>(\u00b11 Oktave in 20-Cent-Schritten, einstellbar in 1-Cent-Schritten)<\/li>\n<li>&nbsp;Standard-Polyphonie: 10 Stimmen (abh\u00e4ngig von der Struktur\u02bcs Oszillatoren x gleichzeitige Stimmen)<\/li>\n<\/ul>\n<p><b>4-Layer-Konzept&nbsp;<\/b><\/p>\n<ul>\n<li>Drone-, Pad- und Atmos-Layers<\/li>\n<li>Neue Blendwave-Modulationssynthese zur Erzeugung wellenf\u00f6rmiger und fluktuierender Kl\u00e4nge<\/li>\n<li>6 Structures, 32 Waves<\/li>\n<li>Drone 1: 2 Oszillatoren, moduliert Detune<\/li>\n<li>Drone 2: 2 Oszillatoren, moduliert Harmonics<\/li>\n<li>Pad 1: 3 Oszillatoren, moduliert Obert\u00f6ne<\/li>\n<li>Pad 2: 3 Oszillatoren, moduliert Harmonics<\/li>\n<li>Atmos 1: 1 Oszillator, Ringmodulation am Ausgang<\/li>\n<li>Atmos 2: 2 Oszillatoren (Frequenzmodulation), moduliert Tonh\u00f6he<\/li>\n<\/ul>\n<p><b>&nbsp;<span> <\/span>Voice-Modes<\/b><\/p>\n<ul>\n<li>Polyphoner Modus<\/li>\n<li>Mono-Modus (einstellbare Gleitzeit)<\/li>\n<li>Legato-Modus (einstellbare Gleitzeit)<\/li>\n<li><span>Unisono-Modus (einstellbare Gleitzeit) <\/span><\/li>\n<li><span>Arpeggiator-Modi (Up, Down, UpDown, DownUp, Up&amp;Down, Down&amp;Up, Up+1, Up+2, <\/span><\/li>\n<li>Down-1, Down-2, Random, Abspielreihenfolge)<\/li>\n<\/ul>\n<p><b><span> <\/span>Noise Layer<\/b><\/p>\n<ul>\n<li><span>1 Structure, 8 Waves <\/span><\/li>\n<li><span>Noise: 1 Oszillator, moduliert Tonh\u00f6he <\/span><\/li>\n<li>Loop- oder One-Shot-Wiedergabe, wei\u00dfes Rauschen mischen<\/li>\n<li>16bit &#8211; 32kHz lineare PCM-Abtastung (Stereo)<\/li>\n<li>Bis zu 8 Sekunden Sampling pro Sample (Crossfade-Einstellungen von 1 bis 4 Sekunden)&nbsp;&nbsp;<\/li>\n<li>Auto-Start-Sampling-Funktion mit dem Eingangspegel (Eingangspegel kann eingestellt werden)<\/li>\n<li>Import und Export eines Slots von Samples (\u00fcber MIDI)*<\/li>\n<\/ul>\n<p>*Import von Audiodateien von PC\/Mac wird nicht unterst\u00fctzt.<\/p>\n<p><b>&nbsp;<span>&nbsp;&nbsp;<span> <\/span><\/span>Voice-Modes<\/b><\/p>\n<ul>\n<li>Polyphoner Modus<\/li>\n<li>Mono-Modus (einstellbare Gleitzeit)<\/li>\n<li><span>Legato-Modus (einstellbare Gleitzeit) <\/span><\/li>\n<li><span>Arpeggiator-Modi (Up, Down, UpDown, DownUp, Up&amp;Down, Down&amp;Up, Up+1, Up+2, <\/span><\/li>\n<li>Down-1, Down-2, Zuf\u00e4llig, Abspielreihenfolge)<\/li>\n<\/ul>\n<p><b>Klangformung pro Layer<\/b><\/p>\n<ul>\n<li>H\u00fcllkurvengenerator: Attack \/ Relase<\/li>\n<li>Filter: Tiefpass-Filter \/ Hochpass-Filter \/ Bandpassfilter<\/li>\n<li>LFO:<b>&nbsp;&nbsp;<\/b>2 LFOs, die verschiedenen Parametern zugewiesen werden k\u00f6nnen (individuell einstellbar), einstellbare LFO-Wellenform und Triggeranzahl&nbsp;<\/li>\n<\/ul>\n<p><b>Effekte<\/b><\/p>\n<ul>\n<li>9 Arten von hochwertigem Reverb (Sendeanteil an Reverb und Shimmer pro Layer einstellbar):&nbsp; Small.L, Small.M, Small.H, Large.L, Large.M, Large.H, Infinity.L, Infinity.M, Infinity.H<\/li>\n<li>6 verschiedene Arten zus\u00e4tzlicher Effekte<b>:&nbsp;<\/b>Tape-Delay, Reverse-Delay, Master Overdrive, Master Bit\/Rate Crush, Master-Kipp-EQ, Master-Chorus.&nbsp;&nbsp;<\/li>\n<\/ul>\n<p><b>Sequenzer<\/b><\/p>\n<ul>\n<li>4 Spuren (1 Spur auf jedem Layer) <\/li>\n<li>Bis zu 64 Steps pro Pattern <\/li>\n<li>Schrittl\u00e4nge kann von 1\/1 bis 1\/32 oder 2\/1 (Breve) bis 8\/1 (Maxima) eingestellt werden <\/li>\n<li>Aufzeichnung in Echtzeit <\/li>\n<li>Overwrite REC-Funktion zum Ersetzen von Sequenzen in Echtzeit <\/li>\n<li>Direkte Eingabe von Noten f\u00fcr jeden Schritt bei ein- oder ausgeschalteter Wiedergabe <\/li>\n<li>Eingabe l\u00e4ngerer Noten (Tied notes) <\/li>\n<li>Metronom und Vorz\u00e4hlerfunktion <\/li>\n<li>Step Copy &amp; Paste <\/li>\n<li>Track Copy &amp; Paste <\/li>\n<li>Duplizieren zum Erweitern einer Sequenz <\/li>\n<li>Transponier-Funktion <\/li>\n<li>Pattern BPM \/ Global BPM kann eingestellt werden <\/li>\n<li>Pattern Chain-Funktion (Loop-Wiedergabe m\u00f6glich) <\/li>\n<li>Track Level und Pan k\u00f6nnen unabh\u00e4ngig voneinander eingestellt werden <\/li>\n<li>Parameter-Lock-Funktion, um Parametereinstellungen f\u00fcr jeden Schritt aufzuzeichnen <\/li>\n<li>Sound Lock-Funktion zur Aufzeichnung der Sound-Einstellungen f\u00fcr jeden Schritt <\/li>\n<li>Notenwiedergabewahrscheinlichkeit kann f\u00fcr jeden Step von 25 bis 100% eingestellt werden <\/li>\n<li>RANDOM-Funktion zum Abspielen von Steps in zuf\u00e4lliger Reihenfolge <\/li>\n<\/ul>\n<p>&nbsp;<b>MIDI &#8211; Implementation&nbsp;<\/b><\/p>\n<ul>\n<li>Noten, Control Change, Clock In\/Out<\/li>\n<li>Import und Export von Benutzerdaten <\/li>\n<li>Firmware-Update \u00fcber Sysex<\/li>\n<\/ul>\n<p><b>Benutzeroberfl\u00e4che &amp; Bedienung<\/b><\/p>\n<ul>\n<li>Keyboard: 27 Tasten (mit Hold- Funktion)<\/li>\n<li>Knobs: 15 Drehregler<\/li>\n<li>Die optionale LATCH-Funktion verhindert Wertespr\u00fcnge, wenn Regler-Position und Parameterwerte nicht \u00fcbereinstimmen.<\/li>\n<li>Ein Drehregler f\u00fcr Feineinstellungen. <\/li>\n<li>LCD-Punkt zeigt an, wenn ein Parameterwert mit dem gespeicherten Wert \u00fcbereinstimmt oder wenn der Wert ge\u00e4ndert wurde.<\/li>\n<\/ul>\n<p><b>Audioeingang<\/b><\/p>\n<ul>\n<li>LINE IN (3,5-mm-Stereo-Miniklinke)&nbsp;<\/li>\n<\/ul>\n<p><b>Audioausg\u00e4nge<\/b><\/p>\n<ul>\n<li>Stereo-Line-Ausgang (3,5-mm-Stereo-Miniklinke) <\/li>\n<li>Kopfh\u00f6rerausgang (3,5-mm-Stereo-Miniklinke) <\/li>\n<li>Eingebauter Lautsprecher<\/li>\n<\/ul>\n<p><b>Midi &amp; Sync &#8211; Schnittstellen<\/b><\/p>\n<ul>\n<li>MIDI IN Anschluss (5-Pin DIN Typ) <\/li>\n<li>MIDI OUT-Anschluss (5-poliger DIN-Anschluss) <\/li>\n<li>SYNC IN-Buchse (monaurale 3,5-mm-Miniklinke)*&nbsp;<\/li>\n<li>SYNC OUT-Buchse (monauraler 3,5-mm-Miniklinkenstecker)*<\/li>\n<\/ul>\n<p>*Kompatibel mit der Teenage Engineering Pocket Operator Serie&nbsp;<\/p>\n<p><b>Ma\u00dfe &amp; Gewicht<\/b><\/p>\n<ul>\n<li>297mm (B) x 176mm (T) x 48mm (H) \/ 11,7 Zoll (B) x 6,92 Zoll (T) x 1,89 Zoll (H)<\/li>\n<li>790g \/ 1.74lb.<\/li>\n<\/ul>\n<p><b>Stromversorgung<\/b><\/p>\n<ul>\n<li>9V DC Adapter**&nbsp; , Stromst\u00e4rke: 1A oder mehr (Kompatibel mit Netzteilen, die f\u00fcr den Korg Volca entwickelt wurden)<\/li>\n<li>Steckertyp: EIAJ3 Standard, Innendurchmesser: 1.7mm, Au\u00dfendurchmesser: 4.75mm , Polarit\u00e4t Mitte +&nbsp;<\/li>\n<li>6 AA-Batterien<\/li>\n<\/ul>\n<p>**Das Netzteil und die Batterien sind nicht im Lieferumfang enthalten.<\/p>\n<ul>\n<\/ul>\n<ul>\n<\/ul>\n","protected":false},"excerpt":{"rendered":"[fusion_alert type=\"custom\" accent_color=\"#ffffff\" hue=\"\" saturation=\"\" lightness=\"\" alpha=\"\" background_color=\"\" border_size=\"1\" icon=\"\" text_align=\"left\" padding_top=\"\" padding_right=\"\" padding_bottom=\"\" padding_left=\"\" margin_top=\"\" margin_right=\"\" margin_bottom=\"\" margin_left=\"\" text_transform=\"normal\" dismissable=\"yes\" box_shadow=\"yes\" hide_on_mobile=\"small-visibility,medium-visibility,large-visibility\" sticky_display=\"normal,sticky\" class=\"\" id=\"\" animation_type=\"\" animation_direction=\"left\" animation_speed=\"0.3\" animation_offset=\"\"]<\/p>\n<p>Kostenloser Versand!<br \/>\nWir versenden dieses Produkt nur innerhalb der EU. Wenn du dich au\u00dferhalb der EU befindest, nimm bitte Kontakt mit uns auf. Versand innerhalb von 2 Arbeitstagen.<\/p>\n<p>Alle Preise inkl. Mwst<\/p>\n<p>[\/fusion_alert]\n","protected":false},"featured_media":6314,"template":"","meta":{"iawp_total_views":600},"product_brand":[],"product_cat":[203,141],"product_tag":[],"class_list":{"0":"post-6319","1":"product","2":"type-product","3":"status-publish","4":"has-post-thumbnail","6":"product_cat-liven-de","7":"product_cat-sonicware-de","9":"first","10":"instock","11":"taxable","12":"shipping-taxable","13":"purchasable","14":"product-type-simple"},"_links":{"self":[{"href":"https:\/\/sonicware.eu\/de\/wp-json\/wp\/v2\/product\/6319","targetHints":{"allow":["GET"]}}],"collection":[{"href":"https:\/\/sonicware.eu\/de\/wp-json\/wp\/v2\/product"}],"about":[{"href":"https:\/\/sonicware.eu\/de\/wp-json\/wp\/v2\/types\/product"}],"wp:featuredmedia":[{"embeddable":true,"href":"https:\/\/sonicware.eu\/de\/wp-json\/wp\/v2\/media\/6314"}],"wp:attachment":[{"href":"https:\/\/sonicware.eu\/de\/wp-json\/wp\/v2\/media?parent=6319"}],"wp:term":[{"taxonomy":"product_brand","embeddable":true,"href":"https:\/\/sonicware.eu\/de\/wp-json\/wp\/v2\/product_brand?post=6319"},{"taxonomy":"product_cat","embeddable":true,"href":"https:\/\/sonicware.eu\/de\/wp-json\/wp\/v2\/product_cat?post=6319"},{"taxonomy":"product_tag","embeddable":true,"href":"https:\/\/sonicware.eu\/de\/wp-json\/wp\/v2\/product_tag?post=6319"}],"curies":[{"name":"wp","href":"https:\/\/api.w.org\/{rel}","templated":true}]}}