{"id":6930,"date":"2023-08-24T08:54:17","date_gmt":"2023-08-24T06:54:17","guid":{"rendered":"https:\/\/sonicware.eu\/?post_type=product&#038;p=6930"},"modified":"2026-02-19T10:10:40","modified_gmt":"2026-02-19T09:10:40","slug":"b-stock-liven-lofi-12","status":"publish","type":"product","link":"https:\/\/sonicware.eu\/de\/produkt\/b-stock-liven-lofi-12\/","title":{"rendered":"B-Stock, LIVEN Lofi-12"},"content":{"rendered":"<p><b><span>Retro-Sampling-Groovebox<\/span><\/b><\/p>\n<p><span>Der LIVEN Lofi-12 verf\u00fcgt \u00fcber eine 16-Bit-12-kHz\/24-kHz-Sampling-Engine mit&nbsp; 12-Bit-Sampler-Modus, der jeden Sound in einen angenehmen Lo-Fi-Sound verwandelt. Wie bei den vielen legend\u00e4ren Samplern der 80er Jahre, handelt es sich hierbei um einen echten \u201eLow-Bit\u201c-Sound mit niedriger Sampling-Frequenz, der mit heutigen Bit-Crusher-Effekten und anderen modernen Werkzeugen s<\/span><span>o<span> <\/span><span>nicht authentisch erzielt werden kann.<\/span><\/span><\/p>\n<p><span>Bis zu 4 Sekunden Sampling pro Sample-Slot (2 Sekunden Sampling im 24-kHz-Modus), Sustain-Looping mit Start- und End-Trimmung, Tonh\u00f6hen-Korrektur, R\u00fcckw\u00e4rtswiedergabe, Filter- und LFO-Modulation sind m\u00f6glich. <\/span><\/p>\n<p><span>Die Resampling-Funktion l\u00e4sst sich auf Patterns &amp; Tracks anwenden. Ebenso ist ein Resampling w\u00e4hrend des Spielens m\u00f6glich.<\/span><\/p>\n<p><b>A<\/b><b>utomatic Keyboard-Assign<\/b><\/p>\n<p><span>Vom LIVEN Lofi-12 gesampelte Sounds werden automatisch der Tastatur zugewiesen und k\u00f6nnen problemlos in verschiedenen Tonh\u00f6hen gespielt werden.<\/span><\/p>\n<p><span>Die bekannte Vintage-Sampler-Technik, bei der eine 33-U\/min-Vinylplatte mit 45 U\/min gesampelt und dann verlangsamt wird, erzeugte den d\u00fcsteren Lo-Fi-Sound, der oft im Hip-Hop der 90er-Jahre zu h\u00f6ren ist. Mit dem LIVEN Lofi-12 ist es ganz einfach, diesen Sound zu rekonstruieren! <\/span><\/p>\n<p><span>Die neuen Chopping-Funktion erlaubt es, auch Drumbeats automatisch auf der Tastatur verteilt zu spielen. 80 sorgf\u00e4ltig ausgew\u00e4hlte Lo-Fi-Preset-Sounds sind enthalten.<\/span><\/p>\n<p><b>Laid-Back-Knob<\/b><\/p>\n<p><span>Mit dem Laid-Back-Knob am LIVEN Lofi-12 kannst Du den Start Deines ausgew\u00e4hlten, gesampelten Sounds verz\u00f6gern. So kannst Du beispielsweise den Snare-Drum-Sound in Deinem Drum-Pattern leicht verschieben oder die Parameter-Lock-Funktion verwenden, um das Sound-Timing f\u00fcr jeden Step einzeln nach hinten zu verschieben.<\/span><\/p>\n<p><b>4-Track-Step-Sequencer<\/b>&nbsp;<\/p>\n<p><span>Der LIVEN Lofi-12 ist mit dem leistungsstarken 4-Track-Step-Sequencer ausgestattet, der schon dem LIVEN XFM einen guten Ruf eingebracht hat. Du kannst ganz einfach einen 4-teiligen Song erstellen, indem Du f\u00fcr jede Spur einen gesampelten Sound ausw\u00e4hlst. Mit der Sound Lock-Funktion kannst Du gesampelte Sounds f\u00fcr jede Phrase oder jeden Sequencer-Step wechseln, sodass Du eine nahezu unbegrenzte Kombination von Sounds innerhalb eines einzigen Songs verwenden kannst.<\/span><\/p>\n<p><b>Unabh\u00e4ngige Spureffekte [11 Typen] plus Master-Effekte [9 Typen].&nbsp;<\/b><\/p>\n<p><span>Der LIVEN Lofi-12 verf\u00fcgt \u00fcber unabh\u00e4ngige Effekte f\u00fcr alle vier Tracks.&nbsp;<\/span><\/p>\n<p><span>Du kannst aus elf Effekttypen der LIVEN-Serie ausw\u00e4hlen, deren Effektparameter mithilfe der Parameter Lock-Funktion schrittweise automatisiert werden k\u00f6nnen. Dar\u00fcber hinaus sind neun Algorithmen (hochwertige Reverbs, Vinyl-, Tape- und Remix-Programme) als Master-Effekt verf\u00fcgbar. Der Send-Anteil kann f\u00fcr jede einzelne Spur zum Mischen angepasst werden.<\/span><\/p>\n<p><b>FEATURES<\/b><\/p>\n<p><b>Sampler<\/b><\/p>\n<ul>\n<li>16 Bit PCM Sampling (mono) wahlweise mit 12 kHz\/24 kHz<\/li>\n<li>12 Bit LoFi-Sampler-Modus<\/li>\n<li>4 Sekunden Sample-Speicher 12 kHz\/2 Sekunden bei 24 kHz pro Sample-Slot <\/li>\n<li>insgesamt \u00fcber 8 Minuten Sample-Speicher bei 12 kHz<\/li>\n<li>Auto-Start-Sampling<\/li>\n<li><span>Sample-Editing-Funktionen (Start\/End\/Attack\/Release\/Pitch\/Reverse)<\/span><\/li>\n<li>Resampling f\u00fcr Pattern, Tracks und Live-Performance.<\/li>\n<li>Sample-Import und Export \u00fcber MIDI<\/li>\n<li>128 Speicherpl\u00e4tze f\u00fcr Samples (16 x 8 B\u00e4nke)<\/li>\n<li>Filter pro Track: Multimode-Filter (LP\/HP\/BP), regelbare Cutoff, Resonance, EG Intensity<\/li>\n<li>LFO pro Track mit 8 Wellenformen, Delay, Intensit\u00e4t, Sweep &#8211; adressierbar an Pitch und\/oder Cutoff<\/li>\n<li>10-fache Polyphonie<\/li>\n<li>chromatisches Spielen der Samples \u00fcber die eingebaute Tastatur<\/li>\n<li>80 sorgf\u00e4ltig ausgew\u00e4hlte Preset-Sounds<\/li>\n<\/ul>\n<p><b>Sequencer<\/b><\/p>\n<ul>\n<li>4-Track-Sequencer mit bis zu 64 Steps und vielf\u00e4ltigen Editing\/Automations-Funktionen&nbsp;<\/li>\n<li>Parameter- und Soundlocking pro Step<\/li>\n<li>Laidback-Control f\u00fcr verz\u00f6gerte Beats und den \u201eGroove\u201c<\/li>\n<\/ul>\n<p><b>Arpeggiator<\/b><\/p>\n<ul>\n<li><span>Arpeggiator mit 12 Modes (<\/span><span>Up, Down, UpDown, DownUp, Up&amp;Down, Down&amp;Up, Up+1, Up+2, Down- 1, Down-2, Random, Play Order)&nbsp;<\/span><\/li>\n<li><span>Latch-Funktion<\/span><\/li>\n<\/ul>\n<p><b>Effekte<\/b><\/p>\n<ul>\n<li>11 Effekte pro Track (Chorus, Flanger, Tremolo, Delay, Distortion, Bit Crusher, Low Pass Filter, High Pass Filter, Isolator, Tilt EQ, Compressor)<\/li>\n<li><span>9 Mastereffekte (<span>Hall, Room, Arena, Plate, Tunnel, Infinity, Cassette Tape Simulator, Vinyl Simulator, Remix)<\/span><\/span><\/li>\n<\/ul>\n<p><b>Bedienung<\/b><\/p>\n<ul>\n<li>27 Tasten-Keyboard mit Holdfunktion<\/li>\n<li>16 Knobs f\u00fcr intuitive Bedienung<\/li>\n<li>LC-Display<\/li>\n<li>Eingebauter (abschaltbarer) Lautsprecher<\/li>\n<li>Umfangreiches, anwenderfreundliches Handbuch<\/li>\n<\/ul>\n<p><b>Anschl\u00fcsse:<\/b><\/p>\n<ul>\n<li>Midi DIN in\/out mit vollst\u00e4ndiger Midi Implementation<\/li>\n<li>Flexibles Sync in\/out (3,5mm Miniklinke)<\/li>\n<li><span>Stereo Line in&nbsp;<\/span>(3,5mm Miniklinke)<\/li>\n<li><span>Stereo out (3,5mm Miniklinke)&nbsp;<\/span><\/li>\n<li><span>Headphone out (3,5mm Miniklinke)<\/span><\/li>\n<li>Stromversorgung: 9V DC Netzteil (nicht im Lieferumfang enthalten) oder 6x AA Batterien<\/li>\n<\/ul>\n<p><b>Ma\u00dfe &amp; Gewicht<\/b><\/p>\n<ul>\n<li>Abmessungen (L x B x H): 29,7 x 17,6 x 4,8 cm<\/li>\n<li><span>Gewicht: 790 g<\/span><\/li>\n<\/ul>\n<ul>\n<\/ul>\n","protected":false},"excerpt":{"rendered":"<p>Retro-Sampling-Groovebox Der LIVEN Lofi-12 verf\u00fcgt \u00fcber eine 16-Bit-12-kHz\/24-kHz-Sampling-Engine mit&nbsp; 12-Bit-Sampler-Modus,<\/p>\n","protected":false},"featured_media":6941,"template":"","meta":{"iawp_total_views":50},"product_brand":[],"product_cat":[206,141],"product_tag":[],"class_list":{"0":"post-6930","1":"product","2":"type-product","3":"status-publish","4":"has-post-thumbnail","6":"product_cat-b-ware","7":"product_cat-sonicware-de","9":"first","10":"instock","11":"taxable","12":"shipping-taxable","13":"purchasable","14":"product-type-simple"},"_links":{"self":[{"href":"https:\/\/sonicware.eu\/de\/wp-json\/wp\/v2\/product\/6930","targetHints":{"allow":["GET"]}}],"collection":[{"href":"https:\/\/sonicware.eu\/de\/wp-json\/wp\/v2\/product"}],"about":[{"href":"https:\/\/sonicware.eu\/de\/wp-json\/wp\/v2\/types\/product"}],"wp:featuredmedia":[{"embeddable":true,"href":"https:\/\/sonicware.eu\/de\/wp-json\/wp\/v2\/media\/6941"}],"wp:attachment":[{"href":"https:\/\/sonicware.eu\/de\/wp-json\/wp\/v2\/media?parent=6930"}],"wp:term":[{"taxonomy":"product_brand","embeddable":true,"href":"https:\/\/sonicware.eu\/de\/wp-json\/wp\/v2\/product_brand?post=6930"},{"taxonomy":"product_cat","embeddable":true,"href":"https:\/\/sonicware.eu\/de\/wp-json\/wp\/v2\/product_cat?post=6930"},{"taxonomy":"product_tag","embeddable":true,"href":"https:\/\/sonicware.eu\/de\/wp-json\/wp\/v2\/product_tag?post=6930"}],"curies":[{"name":"wp","href":"https:\/\/api.w.org\/{rel}","templated":true}]}}