{"id":6940,"date":"2024-10-31T14:53:33","date_gmt":"2024-10-31T13:53:33","guid":{"rendered":"https:\/\/sonicware.eu\/?post_type=product&#038;p=6940"},"modified":"2026-02-26T03:12:22","modified_gmt":"2026-02-26T02:12:22","slug":"b-stock-liven-texture-lab","status":"publish","type":"product","link":"https:\/\/sonicware.eu\/de\/produkt\/b-stock-liven-texture-lab\/","title":{"rendered":"B-Stock LIVEN Texture Lab"},"content":{"rendered":"<p><b>Granular Sampler \/ Effektprozessor LIVEN Texture Lab<\/b><\/p>\n<p>Das Texture Lab ist ein 4-stimmiger granularer Synthesizer\/Sampler, der es Dir erm\u00f6glicht durch Granular-Synthese T\u00f6ne und Samples in verschiedene K\u00f6rnungen (Grains) von 2 ms bis 1 Sekunde L\u00e4nge zu zerlegen, um aus ihnen durch Manipulation unterschiedlicher Parameter (Korn-Form &amp; Gr\u00f6\u00dfe, Dichte, Time-Stretching, r\u00e4umlicher Position und Wiedergabe-Art) v\u00f6llig neue Kl\u00e4nge zu erzeugen. Zur Manipulation und Modulation stehen unter anderem zwei Modulatoren, ein Envelope Generator sowie ein flexibles Filter (LP\/HP\/BP) mit umfassenden M\u00f6glichkeiten zur Verf\u00fcgung um, angefangen von wundersch\u00f6nen Ambient-Pads bis hin zu experimentell-chaotischen Texturen jenseits der Vorstellungskraft, Deiner Kreativit\u00e4t keine Grenzen zu setzen.<\/p>\n<p><b>Effektprozessor f\u00fcr granulare Echtzeitverarbeitung<\/b><\/p>\n<p><i>Texture Lab<\/i> kann auch als Effektprozessor f\u00fcr die granulare Echtzeitverarbeitung von Stereosignalen vom Line-Eingang verwendet werden. Ebenfalls ist es m\u00f6glich, diese in Echtzeit verarbeiteten Signale f\u00fcr bis zu 6 Sekunden einzufrieren und granulierte Soundeffekte hinzuzuf\u00fcgen.<\/p>\n<p><b>Schimmernder Hall f\u00fcr majest\u00e4tisch klingende R\u00e4ume<\/b><\/p>\n<p>Die flexible Engine des <i>Texture Lab<\/i> erm\u00f6glicht ebenfalls einen majest\u00e4tischen Schimmerhall durch Hallschichtung \u00fcber mehrere Oktaven. Das <i>LIVEN Texture Lab<\/i> verf\u00fcgt \u00fcber sechs hochwertige Stereo-Reverb-Typen. Alle Reverb-Typen sind \u00fcber einen Shimmer-Parameter editierbar, mit dem Du Deinen Hall in Oktaven schichten kannst, um fantastisch majest\u00e4tisch klingende R\u00e4ume zu erzeugen.<\/p>\n<p>Der Shimmer-Reverb kann auch auf das Stereosignal Line-Eingangs angewendet werden.<\/p>\n<p><b>128-Step-Sequencer mit Parameter-Automation<\/b><\/p>\n<p><i>Texture Lab<\/i> ist mit dem leistungsstarken 128-Step-Sequencer ausgestattet, welcher bereits den anderen Produkten der <i>LIVEN<\/i>-Serie einen guten Ruf eingebracht hat. Neben der Aufzeichnung von Noten k\u00f6nnen auch \u00c4nderungen der granularen Verarbeitungsparameter im Zeitverlauf aufgezeichnet und automatisiert werden.&nbsp; So kannst Du Reglerbewegungen in Echtzeit oder auch Parameter direkt f\u00fcr bestimmte Schritte aufzeichnen, was Dir komplexere Klangverl\u00e4ufe erm\u00f6glicht.&nbsp;&nbsp;<\/p>\n<p>Weltbekannte Sounddesigner haben als Ergebnis ihrer Experimente 32 Presets bereitgestellt.<\/p>\n<p><b>FEATURES<\/b><\/p>\n<p><b>Tonerzeugung<\/b><\/p>\n<ul>\n<li>Flexible Granular-Synthese mit weitreichenden Editierm\u00f6glichkeiten der Grain-Parameter \u00fcber optimierte und intuitive Zugriffsm\u00f6glichkeiten ( u.a.&nbsp;<span>Size, Timing, Density, Jitter, Shape, Diffusion<\/span><span>&nbsp;<\/span><span>Pitch, Length, Position &amp; Speed)<\/span><\/li>\n<li>4-stimmig polyphon<\/li>\n<li>Sampling-Funktion f\u00fcr bis zu 32 Samples mit bis zu 6 Sekunden Sampletime<\/li>\n<li>Sample Import\/Export \u00fcber Midi<\/li>\n<li>Resampling<\/li>\n<li>32 hochqualitative Presets weltbekannter Sounddesigner<\/li>\n<li><span>Multimode-Filter (LP\/HP\/BP), regelbare Cutoff &amp; Resonance<\/span><\/li>\n<li>2 synchronisierbare LFOs mit 22 Wellenformen und 13 Modulationsadressen,<\/li>\n<li>Envelope Generator mit Attack\/Release&nbsp;<\/li>\n<li>Freeze Funktion<\/li>\n<\/ul>\n<p><b>Sequencer<\/b><\/p>\n<ul>\n<li>128-Step-Sequencer (3-stimmig polyphon) <\/li>\n<li>16 Pattern-Presets&nbsp;<\/li>\n<li>128 Pattern-Speicherpl\u00e4tze<\/li>\n<li><span>Pattern Chain Playback und Looping Chain Playback<\/span><\/li>\n<\/ul>\n<p><b>Arpeggiator<\/b><\/p>\n<ul>\n<li>12 Modes (Up, Down, UpDown, DownUp, Up&amp;Down, Down&amp;Up, Up+1, Up+2, Down- 1, Down-2, Random, Play Order)<\/li>\n<\/ul>\n<p><b>Effekte<\/b><\/p>\n<ul>\n<li>\n<p>Shimmer-Reverb mit sechs unterschiedlichen Hallr\u00e4umen<\/p>\n<\/li>\n<\/ul>\n<p><b>Bedienung<\/b><\/p>\n<ul>\n<li><span>27-Tasten-Keyboard mit Holdfunktion&nbsp;<\/span><\/li>\n<li>16 Knobs f\u00fcr intuitive Bedienung<\/li>\n<li>LC-Display&nbsp;<\/li>\n<li>eingebauter Lautsprecher (abschaltbar)<\/li>\n<\/ul>\n<p><b>Anschl\u00fcsse<\/b><\/p>\n<ul>\n<li>Flexibles Sync In\/Out (3,5 mm Klinke)<\/li>\n<li>MIDI In\/Out mit vollst\u00e4ndiger Midi-Implementation<\/li>\n<li>Line In (3,5mm Miniklinke)<\/li>\n<li>Line Out (3,5mm Miniklinke)<\/li>\n<li>Kopfh\u00f6reranschluss (3,5mm Miniklinke) <\/li>\n<li>Stromversorgung via 9V DC Netzteil (nicht im Lieferumfang enthalten) oder 6x AA Batterien<\/li>\n<\/ul>\n<p><b>Ma\u00dfe &amp; Gewicht<\/b><\/p>\n<ul>\n<li>Abmessungen (L x B x H): 297 x 176 x 48 mm<\/li>\n<li><span>Gewicht: 790 g<\/span><\/li>\n<\/ul>\n<ul>\n<\/ul>\n","protected":false},"excerpt":{"rendered":"<p>Granular Sampler \/ Effektprozessor LIVEN Texture Lab Das Texture Lab<\/p>\n","protected":false},"featured_media":6974,"template":"","meta":{"iawp_total_views":242},"product_brand":[],"product_cat":[206,141],"product_tag":[],"class_list":{"0":"post-6940","1":"product","2":"type-product","3":"status-publish","4":"has-post-thumbnail","6":"product_cat-b-ware","7":"product_cat-sonicware-de","9":"first","10":"instock","11":"taxable","12":"shipping-taxable","13":"purchasable","14":"product-type-simple"},"_links":{"self":[{"href":"https:\/\/sonicware.eu\/de\/wp-json\/wp\/v2\/product\/6940","targetHints":{"allow":["GET"]}}],"collection":[{"href":"https:\/\/sonicware.eu\/de\/wp-json\/wp\/v2\/product"}],"about":[{"href":"https:\/\/sonicware.eu\/de\/wp-json\/wp\/v2\/types\/product"}],"wp:featuredmedia":[{"embeddable":true,"href":"https:\/\/sonicware.eu\/de\/wp-json\/wp\/v2\/media\/6974"}],"wp:attachment":[{"href":"https:\/\/sonicware.eu\/de\/wp-json\/wp\/v2\/media?parent=6940"}],"wp:term":[{"taxonomy":"product_brand","embeddable":true,"href":"https:\/\/sonicware.eu\/de\/wp-json\/wp\/v2\/product_brand?post=6940"},{"taxonomy":"product_cat","embeddable":true,"href":"https:\/\/sonicware.eu\/de\/wp-json\/wp\/v2\/product_cat?post=6940"},{"taxonomy":"product_tag","embeddable":true,"href":"https:\/\/sonicware.eu\/de\/wp-json\/wp\/v2\/product_tag?post=6940"}],"curies":[{"name":"wp","href":"https:\/\/api.w.org\/{rel}","templated":true}]}}