{"id":7184,"date":"2024-10-31T14:53:39","date_gmt":"2024-10-31T13:53:39","guid":{"rendered":"https:\/\/sonicware.eu\/?post_type=product&#038;p=7184"},"modified":"2026-03-18T11:32:17","modified_gmt":"2026-03-18T10:32:17","slug":"liven-xfm","status":"publish","type":"product","link":"https:\/\/sonicware.eu\/de\/produkt\/liven-xfm\/","title":{"rendered":"B-Stock, LIVEN XFM"},"content":{"rendered":"<p>Der\u00a0<b>LIVEN XFM\u00a0<\/b>bietet klassische FM Sounds \u2013\u00a0Dank der intuitiven FM Fusion Engine, einem 4-Track Sequenzer &#8211; geeignet f\u00fcr Realtime- und 64-Step-Recording, inclusive Loop- Chain- und Stutter-Funktionen lassen sich im Handumdrehen komplette Songs erstellen. Der XFM ist mit acht Soundb\u00e4nken und insgesamt 512 Speicherpl\u00e4tzen ausgestattet. Die \u00fcber 300 internen Presets bieten eine bunte Auswahl. 15 Drehregler und 30 Tasten erm\u00f6glichen einen schnellen und intuitiven Zugriff auf alle FM-Parameter. Jeder Operator kann mit jedem anderen oder sich selbst interagieren und hat eigene H\u00fcllkurven f\u00fcr Lautst\u00e4rke und Tonh\u00f6he. Je nach Verbindung der Operatoren kann dies zu extremen Klangver\u00e4nderungen f\u00fchren. In Sachen Anschlussm\u00f6glichkeiten wurde an alles gedacht, so l\u00e4sst sich der LIVEN XFM perfekt in jedes Setup integrieren.<\/p>\n<p><b>FEATURES<\/b><\/p>\n<p><b>Tonerzeugung<\/b><\/p>\n<ul>\n<li>4 FM Synth-Engines:\u00a0 X-LAB, XFORM, X-LFO und LIBRARY<\/li>\n<li>4 Operatoren, 16 Algorithmen<\/li>\n<li>FM-Morphing<\/li>\n<li>Multimodefilter: LP\/HP\/BP mit Cutoff &amp; Resonance mit eigenem Envelope<\/li>\n<li>LFO mit 8 Wellenformen, regelbar in speed, intensity &amp; delay<\/li>\n<li>Sweep-Effekt, regelbar in range,\u00a0speed &amp; curve<\/li>\n<li>6-stimmiger polyphoner Modus, Mono-Modus, Legato-Modus mit einstellbarer Glide-Zeit,<\/li>\n<li>512 Speicherpl\u00e4tze<\/li>\n<\/ul>\n<p><b>Sequencer<\/b><\/p>\n<ul>\n<li>64-Step Sequencer<\/li>\n<li>128 Patterns<\/li>\n<li>Schrittl\u00e4nge kann von 1\/1 bis 1\/32 eingestellt werden<\/li>\n<li>Track-Level und Pan k\u00f6nnen unabh\u00e4ngig voneinander eingestellt werden<\/li>\n<li>Stutter-Funktion<\/li>\n<li>Pattern-chain-funktion<\/li>\n<\/ul>\n<p><b>4-Track Looper<\/b><\/p>\n<ul>\n<li>Regelbare Quantisierung, Panorama &amp; Lautst\u00e4rke pro Track<\/li>\n<\/ul>\n<p><b>Arpeggiator<\/b><\/p>\n<ul>\n<li>Arpeggiator mit 12 Modes (Up, Down, UpDown, DownUp, Up&amp;Down, Down&amp;Up, Up+1, Up+2, Down- 1, Down-2, Random, Play Order)<\/li>\n<li>Latch-Funktion<\/li>\n<\/ul>\n<p><b>Effekte<\/b><\/p>\n<ul>\n<li>Chorus, Flanger, Send Delay, Insert Delay, Bit-Crusher, Reverb, Mono Reverb, Distortion, Low Pass Filter, High Pass Filter, Isolator, Tremolo<\/li>\n<\/ul>\n<p><b>Bedienung<\/b><\/p>\n<ul>\n<li>27 Tasten Keyboard mit Hold Funktion<\/li>\n<li>16 Knobs f\u00fcr intuitive Bedienung<\/li>\n<li>LC-Display<\/li>\n<li>Eingebauter (abschaltbarer) Lautsprecher<\/li>\n<\/ul>\n<p><b>Anschl\u00fcsse<\/b><\/p>\n<ul>\n<li>Midi DIN in\/out mit vollst\u00e4ndiger Midi Implementation<\/li>\n<li>Flexibles Sync in\/out (3,5mm Miniklinke)<\/li>\n<li>Stereo Line in (3,5mm Miniklinke)<\/li>\n<li>Stereo Line out (3,5mm Miniklinke)<\/li>\n<li>Headphone out (3,5mm Miniklinke)<\/li>\n<li>Stromversorgung: 9V DC Netzteil (nicht im Lieferumfang enthalten) oder 6x AA Batterien<\/li>\n<li>optionales Netzteil (kompatibel mit Korg \u201eVolca\u201c Serie) und Batterien (6xAA) nicht im Lieferumfang enthalten<\/li>\n<\/ul>\n<p><b>Ma\u00dfe<\/b><\/p>\n<ul>\n<li>Abmessungen (L x B x H): 29,7 x 17,6 x 4,8 cm<\/li>\n<li>Gewicht: 800 g<\/li>\n<\/ul>\n<p>\u2014\u2014\u2014\u2014\u2014\u2014\u2014\u2014\u2014\u2014\u2014\u2014\u2014\u2014\u2014\u2014\u2014\u2014\u2014\u2014\u2014\u2014\u2014\u2014\u2014\u2014\u2014\u2014\u2014\u2014\u2014\u2014\u2014\u2014\u2014\u2014\u2014\u2014\u2014<\/p>\n<p><b>Universal Steckernetzteil f\u00fcr alle Sonicware<\/b>\u00a0<b>LIVEN Ger\u00e4te (optional)<\/b><\/p>\n<p>9V \u2013 2A \u2013 Center Plus Polung inkl. Adapter-Set EU\/US\/UK\/AU<\/p>\n<p>EIAJ 3 Stecker (1.7\u00d74.75\u00d79.5mm)<\/p>\n<p>&nbsp;<\/p>\n","protected":false},"excerpt":{"rendered":"[fusion_alert type=\"custom\" accent_color=\"#ffffff\" hue=\"\" saturation=\"\" lightness=\"\" alpha=\"\" background_color=\"\" border_size=\"1\" icon=\"\" text_align=\"left\" padding_top=\"\" padding_right=\"\" padding_bottom=\"\" padding_left=\"\" margin_top=\"\" margin_right=\"\" margin_bottom=\"\" margin_left=\"\" text_transform=\"normal\" dismissable=\"yes\" box_shadow=\"yes\" hide_on_mobile=\"small-visibility,medium-visibility,large-visibility\" sticky_display=\"normal,sticky\" class=\"\" id=\"\" animation_type=\"\" animation_direction=\"left\" animation_speed=\"0.3\" animation_offset=\"\"]<\/p>\n<p>Kostenloser Versand!<br \/>\nWir versenden dieses Produkt nur innerhalb der EU. Wenn du dich au\u00dferhalb der EU befindest, nimm bitte Kontakt mit uns auf. Versand innerhalb von 2 Arbeitstagen.<\/p>\n<p>Alle Preise inkl. Mwst<\/p>\n<p>[\/fusion_alert]\n","protected":false},"featured_media":7002,"template":"","meta":{"iawp_total_views":15},"product_brand":[],"product_cat":[206,141],"product_tag":[],"class_list":{"0":"post-7184","1":"product","2":"type-product","3":"status-publish","4":"has-post-thumbnail","6":"product_cat-b-ware","7":"product_cat-sonicware-de","9":"first","10":"instock","11":"taxable","12":"shipping-taxable","13":"purchasable","14":"product-type-simple"},"_links":{"self":[{"href":"https:\/\/sonicware.eu\/de\/wp-json\/wp\/v2\/product\/7184","targetHints":{"allow":["GET"]}}],"collection":[{"href":"https:\/\/sonicware.eu\/de\/wp-json\/wp\/v2\/product"}],"about":[{"href":"https:\/\/sonicware.eu\/de\/wp-json\/wp\/v2\/types\/product"}],"wp:featuredmedia":[{"embeddable":true,"href":"https:\/\/sonicware.eu\/de\/wp-json\/wp\/v2\/media\/7002"}],"wp:attachment":[{"href":"https:\/\/sonicware.eu\/de\/wp-json\/wp\/v2\/media?parent=7184"}],"wp:term":[{"taxonomy":"product_brand","embeddable":true,"href":"https:\/\/sonicware.eu\/de\/wp-json\/wp\/v2\/product_brand?post=7184"},{"taxonomy":"product_cat","embeddable":true,"href":"https:\/\/sonicware.eu\/de\/wp-json\/wp\/v2\/product_cat?post=7184"},{"taxonomy":"product_tag","embeddable":true,"href":"https:\/\/sonicware.eu\/de\/wp-json\/wp\/v2\/product_tag?post=7184"}],"curies":[{"name":"wp","href":"https:\/\/api.w.org\/{rel}","templated":true}]}}