{"id":7186,"date":"2024-10-31T14:53:41","date_gmt":"2024-10-31T13:53:41","guid":{"rendered":"https:\/\/sonicware.eu\/?post_type=product&#038;p=7186"},"modified":"2026-03-17T14:37:01","modified_gmt":"2026-03-17T13:37:01","slug":"liven-mega-synthesis-2","status":"publish","type":"product","link":"https:\/\/sonicware.eu\/de\/produkt\/liven-mega-synthesis-2\/","title":{"rendered":"B-Stock, LIVEN MEGA SYNTHESIS"},"content":{"rendered":"<p><b>LIVEN MEGA SYNTHESIS<\/b> ist eine Retro-Game-Music-Groovebox, die mit dem bekannten Komponisten &#8222;Yuzo Koshiro&#8220; entwickelt wurde und erlaubt eine vollst\u00e4ndige Reproduktion des legend\u00e4ren Sounds der ersten 16-Bit-Spielekonsole der Welt!<\/p>\n<p><b>LIVEN MEGA SYNTHESIS\u00a0<\/b>erm\u00f6glicht die Erzeugung von komplexen und einzigartigen Grooves auf sechs Spuren durch die Kombination gleich drei bekannter Sound-Engines der fr\u00fchen 80er Jahre.<\/p>\n<p>Hier treffen Kl\u00e4nge des ber\u00fchmten YM2612 Chips auf die unvergleichbaren Sounds des von Texas Instruments eingesetzten SN76489, der ebenfalls in vielen Spielekonsolen der fr\u00fchdigitalen \u00c4ra zum Einsatz kam und aus etlichen Retro-Games bekannt sind.\u00a0Abgerundet wird diese Kombination dann noch durch die Simulation einer von 8 auf 4 Bit umschaltbaren Sampling-Engine der ersten Stunde &#8211; und das f\u00fcr eine Samplingzeit von maximal 8 Sekunden &#8211;\u00a0wahlweise bei 48, 24 oder 12 kHz.<\/p>\n<p>Die Kombination dieser drei originellen und einzigartigen Klangerzeuger mit den bew\u00e4hrten Klangformungsm\u00f6glichkeiten der Liven-Serie (Filter, H\u00fcllkurven, Sweepfunktion), einem leistungsstarken Sequenzer, einem flexiblen Arpeggiator und einer gro\u00dfen Effekt-Palette, die f\u00fcr einzelne Tracks, sowie auch f\u00fcr Summensignale zur Verf\u00fcgung stehen, sind der Kreativit\u00e4t hier keine Grenzen mehr gesetzt. \u00a0LIVEN MEGA SYNTHESIS &#8211; Back to the future!<\/p>\n<p><b>SPEZIFIKATIONEN<\/b><\/p>\n<p><b>Synthesizer<\/b><\/p>\n<ul>\n<li>1. Engine: FM-Soundmodul [Tracks 1, 2, 3]<\/li>\n<li>4 Operatoren &#8211; 8 Algorithmen (6 Stimmen)<\/li>\n<li>Klangbearbeitung im FM Edit Modus<\/li>\n<li>2. Engine: PSG-Klangmodul [Spuren 4, 5]<\/li>\n<li>11 unterschiedliche Grundwellenformen incl. Rauschen (4 Stimmen)<\/li>\n<li>3. Engine: PCM-Klangmodul [Spur 6]<\/li>\n<li>8bit &#8211; 12\/24\/48kHz (umschaltbar) lineares PCM-Sampling (mono) (3 Stimmen \/ 1 Stimme im One-Shot-Modus)<\/li>\n<li>Bis zu 8 Sekunden Abtastzeit pro Sample (12kHz), 4 Sekunden (24kHz) oder 2 Sekunden (48kHz)<\/li>\n<li>96 Sample-Speicherpl\u00e4tze (16 x 6 B\u00e4nke)<\/li>\n<li>Sound- &amp; Patternbank von Yuzo Koshiro, renommierter Komponist, von &#8222;Ys&#8220;, &#8222;The Streets of Rage&#8220; und &#8222;Etrian Odyssey&#8220;.<\/li>\n<\/ul>\n<p><b>Effekte<\/b><\/p>\n<ul>\n<li>Send Delay, Insert Delay, Reverb, Crusher, Distortion, Compressor, Tiefpassfilter, Hochpassfilter, Isolator, Remix Performance Effekt<\/li>\n<\/ul>\n<p><b>Sequencer<\/b><\/p>\n<ul>\n<li>6 Spuren, bis zu 128 Steps, 128 Patterns, Parameter-Lockfunktionen<\/li>\n<\/ul>\n<p><b>Anschl\u00fcsse<\/b><\/p>\n<ul>\n<li>I\/O : MIDI IN\/OUT<\/li>\n<li>SYNC IN\/OUT<\/li>\n<li>LINE IN\/OUT<\/li>\n<li>Kopfh\u00f6rerausgang<\/li>\n<\/ul>\n<p><b>Ma\u00dfe &amp; Gewicht<\/b><\/p>\n<ul>\n<li>Gr\u00f6\u00dfe : (B) 297mm\u00a0 x\u00a0(T)\u00a0176mm x 48mm\u00a0(H)<\/li>\n<li>Gewicht: 790g<\/li>\n<\/ul>\n<p><b>Zubeh\u00f6r:<\/b><\/p>\n<ul>\n<li>Overlay-Folie f\u00fcr FM-Synthese-Bearbeitung<\/li>\n<\/ul>\n<p><b>Stromversorgung:<\/b><\/p>\n<ul>\n<li>AA-Batterien x 6 \/\u00a09V DC-Ausgang AC-Adapter (1A oder h\u00f6her, EIAJ3 Standard Innendurchmesser 1,7mm Au\u00dfendurchmesser 4,75mm, Mitte +)<\/li>\n<\/ul>\n<p>*Der AC-Adapter ist nicht im Lieferumfang enthalten.<\/p>\n<p>&nbsp;<\/p>\n","protected":false},"excerpt":{"rendered":"[fusion_alert type=\"custom\" accent_color=\"#ffffff\" hue=\"\" saturation=\"\" lightness=\"\" alpha=\"\" background_color=\"\" border_size=\"1\" icon=\"\" text_align=\"left\" padding_top=\"\" padding_right=\"\" padding_bottom=\"\" padding_left=\"\" margin_top=\"\" margin_right=\"\" margin_bottom=\"\" margin_left=\"\" text_transform=\"normal\" dismissable=\"yes\" box_shadow=\"yes\" hide_on_mobile=\"small-visibility,medium-visibility,large-visibility\" sticky_display=\"normal,sticky\" class=\"\" id=\"\" animation_type=\"\" animation_direction=\"left\" animation_speed=\"0.3\" animation_offset=\"\"]<\/p>\n<p>Kostenloser Versand!<br \/>\nWir versenden dieses Produkt nur innerhalb der EU. Wenn du dich au\u00dferhalb der EU befindest, nimm bitte Kontakt mit uns auf. Versand innerhalb von 2 Arbeitstagen.<\/p>\n<p>Alle Preise inkl. Mwst<\/p>\n<p>[\/fusion_alert]\n","protected":false},"featured_media":6962,"template":"","meta":{"iawp_total_views":28},"product_brand":[],"product_cat":[206,141],"product_tag":[],"class_list":{"0":"post-7186","1":"product","2":"type-product","3":"status-publish","4":"has-post-thumbnail","6":"product_cat-b-ware","7":"product_cat-sonicware-de","9":"first","10":"instock","11":"taxable","12":"shipping-taxable","13":"purchasable","14":"product-type-simple"},"_links":{"self":[{"href":"https:\/\/sonicware.eu\/de\/wp-json\/wp\/v2\/product\/7186","targetHints":{"allow":["GET"]}}],"collection":[{"href":"https:\/\/sonicware.eu\/de\/wp-json\/wp\/v2\/product"}],"about":[{"href":"https:\/\/sonicware.eu\/de\/wp-json\/wp\/v2\/types\/product"}],"wp:featuredmedia":[{"embeddable":true,"href":"https:\/\/sonicware.eu\/de\/wp-json\/wp\/v2\/media\/6962"}],"wp:attachment":[{"href":"https:\/\/sonicware.eu\/de\/wp-json\/wp\/v2\/media?parent=7186"}],"wp:term":[{"taxonomy":"product_brand","embeddable":true,"href":"https:\/\/sonicware.eu\/de\/wp-json\/wp\/v2\/product_brand?post=7186"},{"taxonomy":"product_cat","embeddable":true,"href":"https:\/\/sonicware.eu\/de\/wp-json\/wp\/v2\/product_cat?post=7186"},{"taxonomy":"product_tag","embeddable":true,"href":"https:\/\/sonicware.eu\/de\/wp-json\/wp\/v2\/product_tag?post=7186"}],"curies":[{"name":"wp","href":"https:\/\/api.w.org\/{rel}","templated":true}]}}