{"id":7489,"date":"2025-01-02T12:23:06","date_gmt":"2025-01-02T11:23:06","guid":{"rendered":"https:\/\/sonicware.eu\/?post_type=product&#038;p=7489"},"modified":"2026-02-25T09:54:12","modified_gmt":"2026-02-25T08:54:12","slug":"cydrums-expressive-drum-synthesizer","status":"publish","type":"product","link":"https:\/\/sonicware.eu\/de\/produkt\/cydrums-expressive-drum-synthesizer\/","title":{"rendered":"CyDrums &#8211; Expressive Drum Synthesizer, inkl. Case"},"content":{"rendered":"<p><span><b>4D-Drumsound-Evolution<\/b><\/span><\/p>\n<p><span>Wavetable x Velocity &amp; Pressure Modulation = 4D Drum Sounds, die dynamisch reagieren, sich verwandeln und weiterentwickeln<\/span><\/p>\n<p><span><br \/><\/span> <span><b>\u25cf 22 individuell erstellte Klangstrukturen<\/b><\/span><\/p>\n<p><span>22 auf jedes Instrument zugeschnittene Klangstrukturen f\u00fcr unendliche klangliche M\u00f6glichkeiten<\/span><\/p>\n<p><span><br \/><\/span> <span><b>\u25cf Vielseitige Effekte und flexibles Routing<\/b><\/span><\/p>\n<p><span>Zwei Insert-Effekte, Reverb und Master-Effekte mit flexiblem Routing f\u00fcr vielseitige Klangbearbeitung<\/span><\/p>\n<p> \u25cf<b> Leistungsstarkes 8-Track Beatmaking<\/b><\/p>\n<p><span>Intuitives Beatmaking ohne Unterbrechung mit einem 8-Spur-Drum-Sequencer<\/span><\/p>\n<p><span><br \/><\/span> <span><b>\u25cf Unendliche kreative M\u00f6glichkeiten<\/b><\/span><\/p>\n<p><span>Generative Patterns mit Randomisierung und Wahrscheinlichkeit, plus zahlreiche Performance-Features inkl. VariSpeed und Snip Loop<\/span><\/p>\n<p><span><br \/><\/span> <span><b>Wavetable x Velocity &amp; Pressure Modulation = 4D Drum Sounds, die reagieren, sich verwandeln und weiterentwickeln<\/b><\/span><\/p>\n<p><b>CyDrums<\/b> bietet <b>64 Original-Wavetables<\/b>, die jeweils bis zu <b>256 Single-Cycle-Wellenformen<\/b> umfassen. Mit voller Kontrolle \u00fcber Start-\/Endpositionen, Abspielrichtungen mit Modi, Geschwindigkeit und Kurven, gehen die klanglichen M\u00f6glichkeiten weit \u00fcber die Vorstellungskraft hinaus.<\/p>\n<p><b>Wavetables<\/b><\/p>\n<p>Spectrum \/ Formula \/ Complex \/ Overtone \/ Transform \/ Random \/ Sample \/ Glitch \/ Noise \/ Other \/ Crush \/ Fold \/ Shaper \/ Duty \/ Morph<\/p>\n<p>&nbsp;<\/p>\n<p>Weise der Anschlagsst\u00e4rke und dem Druck auf den Drum-Pads jeweils bis zu zwei Parameter zu, um dynamische, zeit- und raumverschiebende Sounds in Echtzeit zu steuern.<\/p>\n<p><b> 22 auf jedes Instrument zugeschnittene Klangstrukturen f\u00fcr unendliche klangliche M\u00f6glichkeiten <\/b><\/p>\n<p><b>CyDrums<\/b> verf\u00fcgt \u00fcber <b>22 Klangstrukturen, die speziell auf jedes Instrument zugeschnitten sind und duale Wavetables, Rausch- und Impulsquellen kombinieren<\/b>, um Kl\u00e4nge zu liefern, die von klassischen Drum-Machine-Sounds bis hin zu tiefgr\u00fcndigen, innovativen Klangwelten reichen. <\/p>\n<p><b> Du musst nicht bei Null anfangen<\/b><\/p>\n<p>CyDrums bietet <b>520 gebrauchsfertige, voreingestellte Sound-Patches<\/b>, die klassische Drum-Machine-Sounds, Synth-B\u00e4sse und Effekte umfassen. Mit der Tag-Suchfunktion sind sie schnell und m\u00fchelos zu finden. <\/p>\n<p><b> Zwei Insert-Effekte, Reverb und Master-Effekte mit flexiblem Routing f\u00fcr vielseitige Klangbearbeitung <\/b><\/p>\n<p><b>CyDrums<\/b> bietet f\u00fcnf vielseitige Effekt-Routing-Modi, mit denen Du jede Spur \u00fcber BUS-Routing bestimmten Effekten zuweisen kannst. <br \/><b> Insert-Effekte:<\/b> Chorus, Flanger, Phaser, Tremolo, Vibrato, Delay, RingModulator, Detune, Overdrive, Crusher, Lo&amp;Hi EQ, Low Pass Filter, Hi Pass Filter, Band Pass Filter, Tilt Filter, Vinyl Noise, Wow &amp; Flutter, Auto Wah, S.Maximizer, Isolator, Compressor, Stomp Comp <br \/><b> Master-Effekte: <\/b>Kompressor, Sidechain Comp, Remix, Snip Loop<\/p>\n<p><b> Intuitives Beatmaking ohne Unterbrechung mit einem 8-Spur-Drum-Sequenzer<\/b><\/p>\n<p><b>CyDrums<\/b> verf\u00fcgt \u00fcber einen <b>leistungsstarken 8-Spur-Sequenzer mit 128 Schritten<\/b>, der auf dem bew\u00e4hrten Workflow des Lofi-12 XT basiert. Du hast die Freiheit, mit ungeraden Taktarten und sich entwickelnden Polyrhythmen zu experimentieren.<\/p>\n<p> Speichere bis zu <b>128 Patterns<\/b> pro Projekt, um komplexe Song-Arrangements zu erstellen oder Patterns bei Live-Auftritten nahtlos zu switchen.<\/p>\n<p><b> Generative Patterns mit Zufallsgenerator und Wahrscheinlichkeit sowie zahlreiche Performance-Funktionen wie VariSpeed und Snip Loop <\/b><\/p>\n<p><b>CyDrums<\/b> unterst\u00fctzt Ihre Kreativit\u00e4t mit leistungsstarken generativen Pattern-Tools. Mit <b>Randomization<\/b> kannst Du einzigartige Variationen pro Spur erstellen oder alle Parts in Echtzeit steuern, w\u00e4hrend Du mit <b>Probability<\/b> Trigger-Chancen von 25 % bis 100 % f\u00fcr Spuren oder einzelne Noten festlegen kannst &#8211; f\u00fcr endlose M\u00f6glichkeiten und neue musikalische Entdeckungen.<\/p>\n<p> Performance-Modi:&nbsp;<\/p>\n<p><b>VariSpeed <\/b><\/p>\n<p>Emuliere die Wiedergabe von Bandmaschinen mit Tonh\u00f6henver\u00e4nderungen von 0,5x bis 2x.<\/p>\n<p><b>Length<\/b><\/p>\n<p>Skaliert alle Spurl\u00e4ngen als Prozentsatz.<\/p>\n<p><b>Release<\/b><\/p>\n<p><b>&nbsp;<\/b> Verl\u00e4ngere oder verk\u00fcrze die Release-Zeit f\u00fcr alle Spuren.<\/p>\n<p><b>Random <\/b><\/p>\n<p>Sofortige Zufallsgenerierung aller Spuren.<\/p>\n<p><b> Nahtlose Integration in Dein Setup <\/b><\/p>\n<p>Analoger TRS-Ausgang, digitaler Ausgang \u00fcber USB, MIDI-In\/Out und AudioSync f\u00fcr m\u00fchelose DAW- und Hardware-Kompatibilit\u00e4t.<\/p>\n<p><b> Kompakt, batteriebetrieben und mit integriertem Lautsprecher <\/b><\/p>\n<p><b>CyDrums<\/b> ist so konzipiert, dass Du dich \u00fcberall inspirieren lassen kannst \u2013 von Zuhause bis auf den entferntesten Gipfel.<\/p>\n<p> Hauptbildschirme und Spezifikationen<\/p>\n<p><b> CFG (Konfig)<br \/><\/b>Konfiguriere die Einstellungen f\u00fcr die Sequenzen der einzelnen Tracks.<br \/>&#8211; L\u00e4nge: 1 bis 128 Schritte<br \/>&#8211; Note: 1\/1 bis 1\/64<br \/>&#8211; Dice (Wahrscheinlichkeit): 25% bis 100%<br \/>&#8211; Sequenzer-Modus: Normal, Random, Stutter<\/p>\n<p><b>OSC (Oszillator) <\/b><br \/>Modifiziere die Oszillatoren des Klangs, der jeder Spur zugewiesen ist. <br \/>&#8211; OSC besteht aus zwei Wavetables, Noise und Tick (variiert je nach Soundstruktur). <br \/>&#8211; Wavetable: Lege die Start-\/Endpositionen, die Wiedergaberichtung (Modi), die Geschwindigkeit und die Kurve f\u00fcr jede Wavetable fest. <br \/>&#8211; Rauschen: W\u00e4hle zwischen White, Pink, Brown, Purple und Frequenzresonanz. <br \/>&#8211; Tick: W\u00e4hle aus Puls, Half Sawtooth, Rectangle, Full Sawtooth, Rapid, Hochfrequenz und Rauschen.<\/p>\n<p><b>SND (Ton) <\/b><br \/>W\u00e4hle und bearbeite den Sound f\u00fcr jeden Track. <br \/>&#8211; W\u00e4hle Deinen bevorzugten Sound aus 520 voreingestellten Sound-Patches aus und passe einfach Tonh\u00f6he, Release und Lautst\u00e4rke an. <br \/>&#8211; Eine detaillierte Bearbeitung der Klangstrukturen ist im EDIT-Bildschirm m\u00f6glich.<\/p>\n<p><b><br \/> FLT (Filter) <\/b><br \/>Lege einen Filter f\u00fcr jede Spur fest. <br \/>&#8211; Filtertypen: Tiefpassfilter, Hochpassfilter, Bandpassfilter, Low Shelf Filter, High Shelf Filter, Parametrischer EQ. <\/p>\n<p><b> MOD (Modulation) <\/b><br \/>Stelle die Modulation mit Velocity, Aftertouch und H\u00fcllkurve f\u00fcr jeden Track ein. <br \/>&#8211; Velocity und Aftertouch k\u00f6nnen jeweils zwei Parametern zugewiesen werden. <br \/>&#8211; \u00dcber 60 Parameter k\u00f6nnen zugewiesen werden, von der Wavetable-Auswahl bis zur Sens anderer Modulationen.<\/p>\n<p><b> AMP (Verst\u00e4rker) <\/b><br \/>Stelle den H\u00fcllkurvengenerator des Amps und andere Einstellungen f\u00fcr jede Spur ein. <br \/>&#8211; Einstellbare ADR-Kurven. <br \/>&#8211; Enth\u00e4lt Distortion.&nbsp; <br \/>&#8211; Verwende den EFX-BUS, um das Signal-Routing f\u00fcr Effekte und Send-Pegel f\u00fcr die Spur einzustellen.<\/p>\n<p><b> EFX (Effekte) <\/b><br \/>Einrichten aller Effektkonfigurationen einschlie\u00dflich Routing. <br \/>&#8211; Insert-Effekte (22 Typen): Chorus, Flanger, Phaser, Tremolo, Vibrato, Delay, Ring Modulator, Detune, Overdrive, Crusher, Lo &amp; Hi EQ, Tiefpassfilter, Hochpassfilter, Bandpassfilter, Tilt-Filter, Vinyl Noise, Wow &amp; Flutter, Auto Wah, S.Maximizer, Isolator, Compressor, Stomp Comp <br \/>&#8211; Master-Effekte (5 Typen): Filter, Kompressor, Sidechain-Kompressor, Remix, Snip Loop<\/p>\n<p><b> MIX (Mischpult) <\/b><br \/>F\u00fchrt das Mischen f\u00fcr alle 8 Spuren durch. <br \/>&#8211; Wende Einstellungen pro Pattern oder global auf alle Pattern an.<\/p>\n<p> -Ein einzelnes Projekt enth\u00e4lt: <br \/>128 Patterns (inkl. 32 voreingestellte Patterns) <br \/>16 Songs <br \/>&#8230;Es k\u00f6nnen bis zu 256 Projekte gespeichert werden. <br \/>&#8211; 1.024 Sound-Patches (inkl. 520 voreingestellte Sounds) <br \/>&#8211; 256 Effekt-Patches <br \/>&#8211; 128 Drum-Kits <br \/>&#8211; Polyphonie: 1 Stimme pro Spur + USB &amp; externes Stereo-Audio <br \/>&#8211; Echtzeit-Aufnahme ohne Quantisierung (mit MicroTiming-Bearbeitung)&nbsp; <br \/>&#8211; Direkte Eingabe von Noten f\u00fcr jeden Step bei ein- oder ausgeschalteter Wiedergabe <br \/>&#8211; Duplizieren zum Erweitern einer Sequenz <br \/>&#8211; Copy &amp; Paste Funktion f\u00fcr verschiedene Parameter zwischen Spuren <br \/>&#8211; Parameter-Lock-Funktion zum Speichern von Parametereinstellungen f\u00fcr jeden Schritt <br \/>&#8211; Drum-Roll mit dem D-Pad <br \/>&#8211; Spielen von Chromatik\/Tonleitern im Pad-Modus <br \/>&#8211; Eingabe l\u00e4ngerer Noten (Tied notes)&nbsp; <br \/>&#8211; Diverse Mute-Funktionen&nbsp; <br \/>&#8211; Pattern BPM \/ Global BPM kann eingestellt werden <br \/>&#8211; Umschalten zwischen Half-Speed und Double-Speed BPM <br \/>&#8211; Metronom und Vorz\u00e4hlerfunktion<\/p>\n<p>&nbsp;<\/p>\n<p><b> Technische Details<\/b><\/p>\n<p><b> <\/b><br \/><b> Pads<\/b><br \/>15 anschlagdynamische Pads mit RGB-LEDs<\/p>\n<p><b>Steuerungen <\/b><br \/>5 Drehregler, Richtungs-Pad mit 2 Tastensteuerungen<\/p>\n<p><b>Anzeige <\/b><br \/>1,5-Zoll-OLED-Anzeige<\/p>\n<p><b>Eingebautes Mikrofon <br \/><\/b>Mono x 1 (omnidirektional, 94dBSPL)<\/p>\n<p><b>Eingebauter Lautsprecher <\/b><br \/>Mono x 1 (1,5 W 4\u03a9)<\/p>\n<p><b>Audio-Eing\u00e4nge <\/b><br \/>INPUT L \/ Gitarre (Umschaltbare Impedanz 10k\u03a9 und 1M\u03a9) <br \/>[LINE-Verst\u00e4rkung] PAD: -20dB <br \/>[Hi-Z-Verst\u00e4rkung] LOW: 0dB, NORMAL: +10dB, HI: +20dB <br \/>INPUT R \/ Dynamisches Mikrofon <br \/>[LINE-Verst\u00e4rkung] PAD: -20dB <br \/>[MIC-Verst\u00e4rkung] LOW: 0dB, NORMAL: +28.8dB, HI: +50dB<\/p>\n<p><b>Audio-Ausg\u00e4nge<\/b><br \/>STEREO-LINE-AUSG\u00c4NGE (max. +6,5dBV)<\/p>\n<p><i>Die oben genannten Buchsen sind alle symmetrische 1\/4\u201cTRS-Klinkenbuchsen<\/i><\/p>\n<p>PHONES-Buchse (3,5-mm-Stereo-Miniklinke)<\/p>\n<p><b>USB-Anschluss <\/b><br \/>Mikro-USB Typ-B <br \/>[USB-Audio] USB 2.0 volle Geschwindigkeit, 48kHz-16bit <br \/>Eingang: 2 Kan\u00e4le, Ausgang: 2 Kan\u00e4le <br \/>[USB-MIDI] <br \/>[Massenspeicher-Klasse] USB 2.0 High Speed <br \/><i>F\u00fcr iPhone, Apple Lightning-auf-USB-Kamera-Adapter separat erforderlich <\/i><\/p>\n<p><b>MIDI-Anschl\u00fcsse <\/b><br \/>MIDI IN Anschluss (5-Pin DIN Typ) <br \/>MIDI OUT-Anschluss (5-Pin DIN Typ)<\/p>\n<p><b>Andere Anschl\u00fcsse <\/b><br \/>SYNC IN-Buchse (Mono-Miniklinke 3,5 mm) <br \/>SYNC OUT-Buchse (Mono-Miniklinkenstecker, 3,5 mm) <br \/>SD-Kartensteckplatz (Standardgr\u00f6\u00dfe Unterst\u00fctzt SDHC-Karten bis zu 32 GB) <br \/>DC IN-Anschluss <br \/>Bohrung an der Unterseite 1\/4-20UNC-Gewinde f\u00fcr Stativbefestigung<\/p>\n<p><b>Gr\u00f6\u00dfe und Gewicht <\/b><br \/>Breite: 147mm | ca. 5.8 Zoll<br \/>Tiefe: 175mm | ca. 7.8 Zoll<br \/>H\u00f6he: 46 mm | ca. 1,8 Zoll <br \/>Gewicht: 550g | ca. 1 lbs 3.5 oz<\/p>\n<p><b>Stromzufuhr <\/b><br \/>DC12V Ausgang AC Adapter (500mA, Innendurchmesser: 2.5mm, Au\u00dfendurchmesser: 5.5mm, Polarit\u00e4t: Center +) <br \/>Ni-MH AA SIZE Akku oder Alkaline AA SIZE Trockenbatterie x 6 (Lebensdauer von Alkaline-Trockenbatterien: ca. 4 Stunden) <br \/>Batterien sind separat erh\u00e4ltlich<\/p>\n<p><b>Zubeh\u00f6r <\/b><br \/>32 GB SDHC-Karte mit vielen voreingestellten Programmen vorinstalliert <br \/>Netzteil <br \/>Garantie <br \/><i>USB-Kabel und die anderen Anschlusskabel sind separat erh\u00e4ltlich<\/i><\/p>\n","protected":false},"excerpt":{"rendered":"[fusion_alert type=\"custom\" accent_color=\"#ffffff\" hue=\"\" saturation=\"\" lightness=\"\" alpha=\"\" background_color=\"\" border_size=\"1\" icon=\"\" text_align=\"left\" padding_top=\"\" padding_right=\"\" padding_bottom=\"\" padding_left=\"\" margin_top=\"\" margin_right=\"\" margin_bottom=\"\" margin_left=\"\" text_transform=\"normal\" dismissable=\"yes\" box_shadow=\"yes\" hide_on_mobile=\"small-visibility,medium-visibility,large-visibility\" sticky_display=\"normal,sticky\" class=\"\" id=\"\" animation_type=\"\" animation_direction=\"left\" animation_speed=\"0.3\" animation_offset=\"\"]<\/p>\n<p>Kostenloser Versand!<br \/>\nWir versenden dieses Produkt nur innerhalb der EU. Wenn du dich au\u00dferhalb der EU befindest, nimm bitte Kontakt mit uns auf.<\/p>\n<p>Alle Preise inkl. Mwst<\/p>\n<p>[\/fusion_alert]\n","protected":false},"featured_media":7497,"template":"","meta":{"iawp_total_views":234},"product_brand":[],"product_cat":[210,141],"product_tag":[],"class_list":{"0":"post-7489","1":"product","2":"type-product","3":"status-publish","4":"has-post-thumbnail","6":"product_cat-drum-syn-de","7":"product_cat-sonicware-de","9":"first","10":"instock","11":"taxable","12":"shipping-taxable","13":"purchasable","14":"product-type-simple"},"_links":{"self":[{"href":"https:\/\/sonicware.eu\/de\/wp-json\/wp\/v2\/product\/7489","targetHints":{"allow":["GET"]}}],"collection":[{"href":"https:\/\/sonicware.eu\/de\/wp-json\/wp\/v2\/product"}],"about":[{"href":"https:\/\/sonicware.eu\/de\/wp-json\/wp\/v2\/types\/product"}],"wp:featuredmedia":[{"embeddable":true,"href":"https:\/\/sonicware.eu\/de\/wp-json\/wp\/v2\/media\/7497"}],"wp:attachment":[{"href":"https:\/\/sonicware.eu\/de\/wp-json\/wp\/v2\/media?parent=7489"}],"wp:term":[{"taxonomy":"product_brand","embeddable":true,"href":"https:\/\/sonicware.eu\/de\/wp-json\/wp\/v2\/product_brand?post=7489"},{"taxonomy":"product_cat","embeddable":true,"href":"https:\/\/sonicware.eu\/de\/wp-json\/wp\/v2\/product_cat?post=7489"},{"taxonomy":"product_tag","embeddable":true,"href":"https:\/\/sonicware.eu\/de\/wp-json\/wp\/v2\/product_tag?post=7489"}],"curies":[{"name":"wp","href":"https:\/\/api.w.org\/{rel}","templated":true}]}}