{"id":8495,"date":"2025-09-04T10:12:49","date_gmt":"2025-09-04T08:12:49","guid":{"rendered":"https:\/\/sonicware.eu\/produkt\/b-lager-liven-evoke\/"},"modified":"2026-03-19T09:57:40","modified_gmt":"2026-03-19T08:57:40","slug":"b-lager-liven-evoke","status":"publish","type":"product","link":"https:\/\/sonicware.eu\/de\/produkt\/b-lager-liven-evoke\/","title":{"rendered":"B-Stock, LIVEN Evoke"},"content":{"rendered":"<p><b>Evoke \u2013 Acoustronic Ambient Synthesizer mit Granular-Effekt<\/b><\/p>\n<p>Der neue LIVEN Evoke ist ein einzigartiger Synthesizer f\u00fcr Musiker, Sounddesigner und Produzenten, die nach neuen Wegen f\u00fcr atmosph\u00e4risches Klangdesign suchen. Mit seinem innovativen Acoustronic Flux Oscillator kombiniert er die Klangwelt akustischer Instrumente mit digitalen Wellenformen und einer kreativen granularen Effektsektion.<\/p>\n<p>Das Ergebnis ist ein vielseitiges Instrument, das ideal f\u00fcr Ambient, Filmmusik, Post-Klassik und experimentelles Sounddesign geeignet ist.<\/p>\n<p>Das macht den LIVEN Evoke zur perfekten Erg\u00e4nzung zum Sonicware Ambient \u00d8!<\/p>\n<p><b>HIGHLIGHTS<\/b><\/p>\n<p><b>Klangdesign &amp; Synthese<\/b><\/p>\n<ul>\n<li>Neuartiger \u201eAcoustronic Flux Oscillator\u201c \u2013 kombiniert akustische Instrumentenfragmente mit digitalen Wellenformen<\/li>\n<li>34 realistisch gesampelte Instrumente wie Piano, Streicher, Bl\u00e4ser, ethnische Saiteninstrumente u.v.m.<\/li>\n<li>20 komplexe digitale Wellenformen + 2 White-Noise-Generatoren mit Filteroptionen<\/li>\n<li>BACKTIDE-Modulation \u2013 erzeugt r\u00fccklaufende und modulierte Klangbewegungen<\/li>\n<li>Einstellbare Filter (LPF, HPF, BPF), H\u00fcllkurven (Attack\/Release) und 2 zuweisbare LFOs pro Spur<\/li>\n<\/ul>\n<p><b>Granular-Effekt \u201eGrain FX\u201c<\/b><\/p>\n<ul>\n<li>Musikalischer Granularprozessor mit bis zu 12 Grains gleichzeitig<\/li>\n<li>Harmonische Pitch-Quantisierung (Oktave, Quinte, Tonleitern)<\/li>\n<li>Einstellbare Grain-Parameter: Gr\u00f6\u00dfe, Richtung, Feedback, Buffer-Zeit, Randomisierung<\/li>\n<li>16 werkseitige Grain-Presets (alle austauschbar)<\/li>\n<li>Effekt separat pro Spur aktivierbar, auch auf externe Signale (LINE IN) anwendbar<\/li>\n<\/ul>\n<p><b>Reverb &amp; Raumklang<\/b><\/p>\n<ul>\n<li>10 hochwertige Reverb-Typen f\u00fcr dichte und mehrdimensionale R\u00e4ume<\/li>\n<li>Enth\u00e4lt die spezielle Ambience \u201eMirage\u201c f\u00fcr cineastische Tiefenwirkung<\/li>\n<li>Kombinierbar mit Grain FX f\u00fcr schimmernde Hallr\u00e4ume und kreative Klangr\u00e4ume<\/li>\n<li>Send-Level individuell pro Spur und Effekt regelbar<\/li>\n<\/ul>\n<p><b>Sequencer &amp; Performance<\/b><\/p>\n<ul>\n<li>4 unabh\u00e4ngige Spuren mit eigenem Sounddesign<\/li>\n<li>Bis zu 64 Schritte pro Pattern, 128 Pattern speicherbar (inkl. 16 Presets)<\/li>\n<li>Parameter-Lock (automatisches Aufzeichnen von Soundver\u00e4nderungen pro Step)<\/li>\n<li>Note-Probability, Random-Playback, Echtzeit- oder Step-Eingabe<\/li>\n<li>Akkordspiel mit nur einer Taste: 16 Chord-Modes inkl. diatonische &amp; intuitive Pad-Chords<\/li>\n<li>Arpeggiator mit 13 Spielmodi und Glide-Option<\/li>\n<\/ul>\n<p><b>Anschl\u00fcsse &amp; Mobilit\u00e4t<\/b><\/p>\n<ul>\n<li>MIDI IN\/OUT (DIN), SYNC IN\/OUT, LINE IN (Stereo), LINE OUT, Kopfh\u00f6reranschluss<\/li>\n<li>Kompakte Ma\u00dfe (297 x 176 x 48 mm), nur 790\u202fg leicht<\/li>\n<li>Eingebauter Lautsprecher \u2013 ideal f\u00fcr unterwegs<\/li>\n<li>Stromversorgung via 9V-Adapter oder 6x AA-Batterien (bis zu 10 Std. Laufzeit) &#8211; <i>Adapter und Batterien nicht im Lieferumfang enthalten<\/i><\/li>\n<\/ul>\n<p>&nbsp;<\/p>\n<ul>\n<\/ul>\n<ul>\n<\/ul>\n","protected":false},"excerpt":{"rendered":"<p>Evoke \u2013 Acoustronic Ambient Synthesizer mit Granular-Effekt Der neue LIVEN<\/p>\n","protected":false},"featured_media":8491,"template":"","meta":{"iawp_total_views":143},"product_brand":[],"product_cat":[206,141],"product_tag":[],"class_list":{"0":"post-8495","1":"product","2":"type-product","3":"status-publish","4":"has-post-thumbnail","6":"product_cat-b-ware","7":"product_cat-sonicware-de","9":"first","10":"instock","11":"taxable","12":"shipping-taxable","13":"purchasable","14":"product-type-simple"},"_links":{"self":[{"href":"https:\/\/sonicware.eu\/de\/wp-json\/wp\/v2\/product\/8495","targetHints":{"allow":["GET"]}}],"collection":[{"href":"https:\/\/sonicware.eu\/de\/wp-json\/wp\/v2\/product"}],"about":[{"href":"https:\/\/sonicware.eu\/de\/wp-json\/wp\/v2\/types\/product"}],"wp:featuredmedia":[{"embeddable":true,"href":"https:\/\/sonicware.eu\/de\/wp-json\/wp\/v2\/media\/8491"}],"wp:attachment":[{"href":"https:\/\/sonicware.eu\/de\/wp-json\/wp\/v2\/media?parent=8495"}],"wp:term":[{"taxonomy":"product_brand","embeddable":true,"href":"https:\/\/sonicware.eu\/de\/wp-json\/wp\/v2\/product_brand?post=8495"},{"taxonomy":"product_cat","embeddable":true,"href":"https:\/\/sonicware.eu\/de\/wp-json\/wp\/v2\/product_cat?post=8495"},{"taxonomy":"product_tag","embeddable":true,"href":"https:\/\/sonicware.eu\/de\/wp-json\/wp\/v2\/product_tag?post=8495"}],"curies":[{"name":"wp","href":"https:\/\/api.w.org\/{rel}","templated":true}]}}