{"id":8912,"date":"2025-11-03T11:32:56","date_gmt":"2025-11-03T10:32:56","guid":{"rendered":"https:\/\/sonicware.eu\/produkt\/elz_1-case\/"},"modified":"2026-04-30T17:27:39","modified_gmt":"2026-04-30T15:27:39","slug":"elz_1-case","status":"publish","type":"product","link":"https:\/\/sonicware.eu\/de\/produkt\/elz_1-case\/","title":{"rendered":"ELZ_1 Case"},"content":{"rendered":"<p><b>ELZ_1 Case \u2013 Robustes EVA Hardcase f\u00fcr sicheren Transport<\/b><\/p>\n<p>Das <b>ELZ_1 Case<\/b> wurde speziell f\u00fcr den <b>Sonicware ELZ_1 play<\/b> entwickelt und bietet optimalen Schutz f\u00fcr unterwegs. Das strapazierf\u00e4hige <b>EVA-Hardcase<\/b> sch\u00fctzt den Synthesizer zuverl\u00e4ssig vor St\u00f6\u00dfen, Staub und Feuchtigkeit.<\/p>\n<p>Ein <b>separates Innenfach<\/b> bietet Platz f\u00fcr Netzteil, Kabel oder SD-Karten, sodass alles sicher und ordentlich verstaut ist.<\/p>\n<p>Perfekt f\u00fcr Musiker:innen, die ihr Setup h\u00e4ufig transportieren \u2013 leicht, formstabil und passgenau.<\/p>\n","protected":false},"excerpt":{"rendered":"<p>ELZ_1 Case \u2013 Robustes EVA Hardcase f\u00fcr sicheren Transport Das<\/p>\n","protected":false},"featured_media":8897,"template":"","meta":{"iawp_total_views":51},"product_brand":[],"product_cat":[141,215,137],"product_tag":[],"class_list":{"0":"post-8912","1":"product","2":"type-product","3":"status-publish","4":"has-post-thumbnail","6":"product_cat-sonicware-de","7":"product_cat-zubehor","8":"product_cat-zubehoer","10":"first","11":"instock","12":"taxable","13":"shipping-taxable","14":"purchasable","15":"product-type-simple"},"_links":{"self":[{"href":"https:\/\/sonicware.eu\/de\/wp-json\/wp\/v2\/product\/8912","targetHints":{"allow":["GET"]}}],"collection":[{"href":"https:\/\/sonicware.eu\/de\/wp-json\/wp\/v2\/product"}],"about":[{"href":"https:\/\/sonicware.eu\/de\/wp-json\/wp\/v2\/types\/product"}],"wp:featuredmedia":[{"embeddable":true,"href":"https:\/\/sonicware.eu\/de\/wp-json\/wp\/v2\/media\/8897"}],"wp:attachment":[{"href":"https:\/\/sonicware.eu\/de\/wp-json\/wp\/v2\/media?parent=8912"}],"wp:term":[{"taxonomy":"product_brand","embeddable":true,"href":"https:\/\/sonicware.eu\/de\/wp-json\/wp\/v2\/product_brand?post=8912"},{"taxonomy":"product_cat","embeddable":true,"href":"https:\/\/sonicware.eu\/de\/wp-json\/wp\/v2\/product_cat?post=8912"},{"taxonomy":"product_tag","embeddable":true,"href":"https:\/\/sonicware.eu\/de\/wp-json\/wp\/v2\/product_tag?post=8912"}],"curies":[{"name":"wp","href":"https:\/\/api.w.org\/{rel}","templated":true}]}}